{"id":14883,"date":"2022-05-02T07:47:48","date_gmt":"2022-05-02T05:47:48","guid":{"rendered":"https:\/\/sp1hrubieszow.pl\/?page_id=14883"},"modified":"2022-05-02T07:48:16","modified_gmt":"2022-05-02T05:48:16","slug":"zajecia-z-ozobotami-w-klasie-1b-i-2a","status":"publish","type":"page","link":"https:\/\/sp1hrubieszow.pl\/index.php\/kronika-2020-2021\/zajecia-z-ozobotami-w-klasie-1b-i-2a\/","title":{"rendered":"ZAJ\u0118CIA Z OZOBOTAMI W KLASIE 1B I 2A"},"content":{"rendered":"\n<p><span style=\"color: #000080;\">27 kwietnia 2022r. w klasie 1b i 2a odby\u0142y si\u0119 zaj\u0119cia z kodowania pt. &#8222;Majowe \u015bwi\u0119ta&#8221;, kt\u00f3re przeprowadzi\u0142a pani Joanna Raczy\u0144ska pracownik Biblioteki Pedagogicznej w Zamo\u015bciu Filia w Hrubieszowie.<\/span><\/p>\n<p><span style=\"color: #000080;\">&nbsp;&nbsp;&nbsp;&nbsp;&nbsp;&nbsp;&nbsp;&nbsp;&nbsp;&nbsp;&nbsp; Podczas zaj\u0119\u0107 dzieci rozmawia\u0142y o \u015bwi\u0119tach majowych i symbolach narodowych. Zadaniem uczni\u00f3w by\u0142o znalezienie i zakodowanie drogi prowadz\u0105cej do Or\u0142a Bia\u0142ego.<\/span><\/p>\n<p><span style=\"color: #000080;\">Jak si\u0119 okaza\u0142o, uczniowie wykazali si\u0119 bogat\u0105 wiedz\u0105, cierpliwo\u015bci\u0105 i spostrzegawczo\u015bci\u0105, dlatego bardzo dobrze poradzili obie z zadaniem i Ozoboty bez problemu trafi\u0142y na met\u0119.<\/span><\/p>\nngg_shortcode_0_placeholder\n<p>&nbsp;<\/p>\n","protected":false},"excerpt":{"rendered":"<p>27 kwietnia 2022r. w klasie 1b i 2a odby\u0142y si\u0119 zaj\u0119cia z kodowania pt. &#8222;Majowe \u015bwi\u0119ta&#8221;, kt\u00f3re przeprowadzi\u0142a pani Joanna Raczy\u0144ska pracownik Biblioteki Pedagogicznej w Zamo\u015bciu Filia w Hrubieszowie. &nbsp;&nbsp;&nbsp;&nbsp;&nbsp;&nbsp;&nbsp;&nbsp;&nbsp;&nbsp;&nbsp; Podczas zaj\u0119\u0107 dzieci rozmawia\u0142y o \u015bwi\u0119tach majowych i symbolach narodowych. Zadaniem uczni\u00f3w by\u0142o znalezienie i zakodowanie drogi prowadz\u0105cej do Or\u0142a Bia\u0142ego. Jak si\u0119 okaza\u0142o, uczniowie [&hellip;]<\/p>\n","protected":false},"author":2,"featured_media":0,"parent":5983,"menu_order":0,"comment_status":"closed","ping_status":"closed","template":"","meta":{"ngg_post_thumbnail":0,"footnotes":""},"class_list":["post-14883","page","type-page","status-publish","hentry"],"_links":{"self":[{"href":"https:\/\/sp1hrubieszow.pl\/index.php\/wp-json\/wp\/v2\/pages\/14883","targetHints":{"allow":["GET"]}}],"collection":[{"href":"https:\/\/sp1hrubieszow.pl\/index.php\/wp-json\/wp\/v2\/pages"}],"about":[{"href":"https:\/\/sp1hrubieszow.pl\/index.php\/wp-json\/wp\/v2\/types\/page"}],"author":[{"embeddable":true,"href":"https:\/\/sp1hrubieszow.pl\/index.php\/wp-json\/wp\/v2\/users\/2"}],"replies":[{"embeddable":true,"href":"https:\/\/sp1hrubieszow.pl\/index.php\/wp-json\/wp\/v2\/comments?post=14883"}],"version-history":[{"count":1,"href":"https:\/\/sp1hrubieszow.pl\/index.php\/wp-json\/wp\/v2\/pages\/14883\/revisions"}],"predecessor-version":[{"id":14884,"href":"https:\/\/sp1hrubieszow.pl\/index.php\/wp-json\/wp\/v2\/pages\/14883\/revisions\/14884"}],"up":[{"embeddable":true,"href":"https:\/\/sp1hrubieszow.pl\/index.php\/wp-json\/wp\/v2\/pages\/5983"}],"wp:attachment":[{"href":"https:\/\/sp1hrubieszow.pl\/index.php\/wp-json\/wp\/v2\/media?parent=14883"}],"curies":[{"name":"wp","href":"https:\/\/api.w.org\/{rel}","templated":true}]}}