{"id":14865,"date":"2022-05-02T07:39:53","date_gmt":"2022-05-02T05:39:53","guid":{"rendered":"https:\/\/sp1hrubieszow.pl\/?page_id=14865"},"modified":"2022-05-02T07:40:19","modified_gmt":"2022-05-02T05:40:19","slug":"mistrzostwa-powiatu-w-koszykowce-3x3","status":"publish","type":"page","link":"https:\/\/sp1hrubieszow.pl\/index.php\/kronika-2020-2021\/mistrzostwa-powiatu-w-koszykowce-3x3\/","title":{"rendered":"Mistrzostwa Powiatu w koszyk\u00f3wce 3&#215;3"},"content":{"rendered":"\n<div class=\"cxmmr5t8 oygrvhab hcukyx3x c1et5uql o9v6fnle ii04i59q\">\n<div dir=\"auto\"><span style=\"color: #000080;\">29 kwietnia nasze dziewcz\u0119ta wzi\u0119\u0142y udzia\u0142 w turnieju koszyk\u00f3wki 3&#215;3 rozegranym w ramach Igrzysk M\u0142odzie\u017cy Szkolnej SZS. Po zaci\u0119tej walce nasze koszykarki wywalczy\u0142y srebrne oraz br\u0105zowe medale.<\/span><\/div>\n<\/div>\n<div class=\"cxmmr5t8 oygrvhab hcukyx3x c1et5uql o9v6fnle ii04i59q\">\n<div dir=\"auto\"><span style=\"color: #000080;\">Wyniki:<\/span><\/div>\n<div dir=\"auto\"><span style=\"color: #000080;\">SP 1 Hrubiesz\u00f3w II- SP 3 Hrubiesz\u00f3w II 4:2<\/span><\/div>\n<div dir=\"auto\"><span style=\"color: #000080;\">SP 3 Hrubiesz\u00f3w I- SP 1 Hrubiesz\u00f3w I 6:2<\/span><\/div>\n<div dir=\"auto\"><span style=\"color: #000080;\">SP 1 Hrubiesz\u00f3w II- SP 1 Hrubiesz\u00f3w I 2:4<\/span><\/div>\n<div dir=\"auto\"><span style=\"color: #000080;\">SP 3 Hrubiesz\u00f3w II- SP 3 Hrubiesz\u00f3w I 4:11<\/span><\/div>\n<div dir=\"auto\"><span style=\"color: #000080;\">SP 1 Hrubiesz\u00f3w II- SP 3 Hrubiesz\u00f3w I 3:4<\/span><\/div>\n<div dir=\"auto\"><span style=\"color: #000080;\">SP 3 Hrubiesz\u00f3w II- SP 1 Hrubiesz\u00f3w I 2:6<\/span><\/div>\n<\/div>\n<div class=\"cxmmr5t8 oygrvhab hcukyx3x c1et5uql o9v6fnle ii04i59q\">\n<div dir=\"auto\"><span style=\"color: #000080;\">Kolejno\u015b\u0107 dru\u017cyn:<\/span><\/div>\n<div dir=\"auto\"><span style=\"color: #000080;\">1.SP 3 Hrubiesz\u00f3w I 6pkt<\/span><\/div>\n<div dir=\"auto\"><span style=\"color: #000080;\">2.SP 1 Hrubiesz\u00f3w I 5pkt<\/span><\/div>\n<div dir=\"auto\"><span style=\"color: #000080;\">3.SP 1 Hrubiesz\u00f3w II 4pkt<\/span><\/div>\n<div dir=\"auto\"><span style=\"color: #000080;\">4. SP 3 Hrubiesz\u00f3w II 3pkt<\/span><\/div>\n<\/div>\n<div class=\"cxmmr5t8 oygrvhab hcukyx3x c1et5uql o9v6fnle ii04i59q\">\n<div dir=\"auto\"><span style=\"color: #000080;\">dziewcz\u0119ta wyst\u0105pi\u0142y w sk\u0142adach:<\/span><\/div>\n<div dir=\"auto\"><span style=\"color: #000080;\">Sk\u0142ad I:<\/span><\/div>\n<div dir=\"auto\"><span style=\"color: #000080;\">Emilia Malinowska, Dominika Zezula, Wiktoria Najfeld, Hanna Nowosad<\/span><\/div>\n<div dir=\"auto\"><span style=\"color: #000080;\">Sk\u0142ad II:<\/span><\/div>\n<div dir=\"auto\"><span style=\"color: #000080;\">Aleksandra Kruk, Blanka Hrycuniak, Wiktoria Niemczyk, Karolina Jasi\u0144ska<\/span><\/div>\n<div dir=\"auto\"><span style=\"color: #000080;\">Opiekunem by\u0142 Tomasz Magdziak<\/span><\/div>\n<div dir=\"auto\">&nbsp;<\/div>\n<\/div>\n<div class=\"cxmmr5t8 oygrvhab hcukyx3x c1et5uql o9v6fnle ii04i59q\">\n<div dir=\"auto\" style=\"text-align: center;\"><span style=\"color: #000080;\">Gratulujemy!<\/span><\/div>\n<div dir=\"auto\">\nngg_shortcode_0_placeholder\n<\/div>\n<\/div>\n","protected":false},"excerpt":{"rendered":"<p>29 kwietnia nasze dziewcz\u0119ta wzi\u0119\u0142y udzia\u0142 w turnieju koszyk\u00f3wki 3&#215;3 rozegranym w ramach Igrzysk M\u0142odzie\u017cy Szkolnej SZS. Po zaci\u0119tej walce nasze koszykarki wywalczy\u0142y srebrne oraz br\u0105zowe medale. Wyniki: SP 1 Hrubiesz\u00f3w II- SP 3 Hrubiesz\u00f3w II 4:2 SP 3 Hrubiesz\u00f3w I- SP 1 Hrubiesz\u00f3w I 6:2 SP 1 Hrubiesz\u00f3w II- SP 1 Hrubiesz\u00f3w I 2:4 [&hellip;]<\/p>\n","protected":false},"author":2,"featured_media":0,"parent":5983,"menu_order":0,"comment_status":"closed","ping_status":"closed","template":"","meta":{"ngg_post_thumbnail":0,"footnotes":""},"class_list":["post-14865","page","type-page","status-publish","hentry"],"_links":{"self":[{"href":"https:\/\/sp1hrubieszow.pl\/index.php\/wp-json\/wp\/v2\/pages\/14865","targetHints":{"allow":["GET"]}}],"collection":[{"href":"https:\/\/sp1hrubieszow.pl\/index.php\/wp-json\/wp\/v2\/pages"}],"about":[{"href":"https:\/\/sp1hrubieszow.pl\/index.php\/wp-json\/wp\/v2\/types\/page"}],"author":[{"embeddable":true,"href":"https:\/\/sp1hrubieszow.pl\/index.php\/wp-json\/wp\/v2\/users\/2"}],"replies":[{"embeddable":true,"href":"https:\/\/sp1hrubieszow.pl\/index.php\/wp-json\/wp\/v2\/comments?post=14865"}],"version-history":[{"count":1,"href":"https:\/\/sp1hrubieszow.pl\/index.php\/wp-json\/wp\/v2\/pages\/14865\/revisions"}],"predecessor-version":[{"id":14866,"href":"https:\/\/sp1hrubieszow.pl\/index.php\/wp-json\/wp\/v2\/pages\/14865\/revisions\/14866"}],"up":[{"embeddable":true,"href":"https:\/\/sp1hrubieszow.pl\/index.php\/wp-json\/wp\/v2\/pages\/5983"}],"wp:attachment":[{"href":"https:\/\/sp1hrubieszow.pl\/index.php\/wp-json\/wp\/v2\/media?parent=14865"}],"curies":[{"name":"wp","href":"https:\/\/api.w.org\/{rel}","templated":true}]}}