{"id":14729,"date":"2022-05-02T06:53:48","date_gmt":"2022-05-02T04:53:48","guid":{"rendered":"https:\/\/sp1hrubieszow.pl\/?page_id=14729"},"modified":"2022-05-02T06:54:25","modified_gmt":"2022-05-02T04:54:25","slug":"mistrzynie-powiatu-w-mini-pilce-noznej","status":"publish","type":"page","link":"https:\/\/sp1hrubieszow.pl\/index.php\/kronika-2020-2021\/mistrzynie-powiatu-w-mini-pilce-noznej\/","title":{"rendered":"Mistrzynie Powiatu w mini pi\u0142ce no\u017cnej"},"content":{"rendered":"\n<div class=\"cxmmr5t8 oygrvhab hcukyx3x c1et5uql o9v6fnle ii04i59q\">\n<div dir=\"auto\"><span style=\"color: #000080;\">26 kwietnia zosta\u0142y rozegrane Mistrzostwa Powiatu w mini pi\u0142ce no\u017cnej w ramach Igrzysk Dzieci Szkolnego Zwi\u0105zku Sportowego.<\/span><\/div>\n<\/div>\n<div class=\"cxmmr5t8 oygrvhab hcukyx3x c1et5uql o9v6fnle ii04i59q\">\n<div dir=\"auto\"><span style=\"color: #000080;\">Nasze dziewcz\u0119ta wygra\u0142y wszystkie swoje mecze, tym samym zostaj\u0105c mistrzyniami powiatu.<\/span><\/div>\n<\/div>\n<div class=\"cxmmr5t8 oygrvhab hcukyx3x c1et5uql o9v6fnle ii04i59q\">\n<div dir=\"auto\"><span style=\"color: #000080;\">Wyniki mecz\u00f3w:<\/span><\/div>\n<div dir=\"auto\"><span style=\"color: #000080;\">SP 1 Hrubiesz\u00f3w &#8211; SP Mircze 3:2<\/span><\/div>\n<div dir=\"auto\"><span style=\"color: #000080;\">SP1 Hrubiesz\u00f3w- SP 3 Hrubiesz\u00f3w 2:0<\/span><\/div>\n<div dir=\"auto\"><span style=\"color: #000080;\">SP Mircze- SP 3 Hrubiesz\u00f3w 1:1<\/span><\/div>\n<\/div>\n<div class=\"cxmmr5t8 oygrvhab hcukyx3x c1et5uql o9v6fnle ii04i59q\">\n<div dir=\"auto\"><span style=\"color: #000080;\">Kolejno\u015b\u0107 dru\u017cyn:<\/span><\/div>\n<div dir=\"auto\"><span style=\"color: #000080;\">1. SP 1 Hrubiesz\u00f3w<\/span><\/div>\n<div dir=\"auto\"><span style=\"color: #000080;\">2. SP Mircze<\/span><\/div>\n<div dir=\"auto\"><span style=\"color: #000080;\">3. SP 3 Hrubiesz\u00f3w<\/span><\/div>\n<\/div>\n<div class=\"cxmmr5t8 oygrvhab hcukyx3x c1et5uql o9v6fnle ii04i59q\">\n<div dir=\"auto\"><span style=\"color: #000080;\">Dziewcz\u0119ta zagra\u0142y w sk\u0142adzie:<\/span><\/div>\n<div dir=\"auto\"><span style=\"color: #000080;\">Nikola Pietryna, Garbriella Kot, Agata Szyma\u0144ska, Magdalena Szymczuk, Maja Magdziak, Dominika Ciemi\u0119ga, Martyna Balcer, Diana S\u0142upska, Emilia Rosi\u0144ska, Anika Swatowska, Lena Ho\u0142\u00f3wek, Milena Hajkowska, Iga Nowosad, Maja Klimkowska, Zuzanna Nowakowska.<\/span><\/div>\n<div dir=\"auto\"><span style=\"color: #000080;\">Opiekunem by\u0142: Tomasz Magdziak<\/span><\/div>\n<div dir=\"auto\">&nbsp;<\/div>\n<\/div>\n<div class=\"cxmmr5t8 oygrvhab hcukyx3x c1et5uql o9v6fnle ii04i59q\">\n<div dir=\"auto\" style=\"text-align: center;\"><span style=\"color: #000080;\">Gratulujemy i \u017cyczymy powodzenia na zawodach rejonowych.<\/span><\/div>\n<div dir=\"auto\">\nngg_shortcode_0_placeholder\n<\/div>\n<\/div>\n","protected":false},"excerpt":{"rendered":"<p>26 kwietnia zosta\u0142y rozegrane Mistrzostwa Powiatu w mini pi\u0142ce no\u017cnej w ramach Igrzysk Dzieci Szkolnego Zwi\u0105zku Sportowego. Nasze dziewcz\u0119ta wygra\u0142y wszystkie swoje mecze, tym samym zostaj\u0105c mistrzyniami powiatu. Wyniki mecz\u00f3w: SP 1 Hrubiesz\u00f3w &#8211; SP Mircze 3:2 SP1 Hrubiesz\u00f3w- SP 3 Hrubiesz\u00f3w 2:0 SP Mircze- SP 3 Hrubiesz\u00f3w 1:1 Kolejno\u015b\u0107 dru\u017cyn: 1. SP 1 Hrubiesz\u00f3w [&hellip;]<\/p>\n","protected":false},"author":2,"featured_media":0,"parent":5983,"menu_order":0,"comment_status":"closed","ping_status":"closed","template":"","meta":{"ngg_post_thumbnail":0,"footnotes":""},"class_list":["post-14729","page","type-page","status-publish","hentry"],"_links":{"self":[{"href":"https:\/\/sp1hrubieszow.pl\/index.php\/wp-json\/wp\/v2\/pages\/14729","targetHints":{"allow":["GET"]}}],"collection":[{"href":"https:\/\/sp1hrubieszow.pl\/index.php\/wp-json\/wp\/v2\/pages"}],"about":[{"href":"https:\/\/sp1hrubieszow.pl\/index.php\/wp-json\/wp\/v2\/types\/page"}],"author":[{"embeddable":true,"href":"https:\/\/sp1hrubieszow.pl\/index.php\/wp-json\/wp\/v2\/users\/2"}],"replies":[{"embeddable":true,"href":"https:\/\/sp1hrubieszow.pl\/index.php\/wp-json\/wp\/v2\/comments?post=14729"}],"version-history":[{"count":1,"href":"https:\/\/sp1hrubieszow.pl\/index.php\/wp-json\/wp\/v2\/pages\/14729\/revisions"}],"predecessor-version":[{"id":14730,"href":"https:\/\/sp1hrubieszow.pl\/index.php\/wp-json\/wp\/v2\/pages\/14729\/revisions\/14730"}],"up":[{"embeddable":true,"href":"https:\/\/sp1hrubieszow.pl\/index.php\/wp-json\/wp\/v2\/pages\/5983"}],"wp:attachment":[{"href":"https:\/\/sp1hrubieszow.pl\/index.php\/wp-json\/wp\/v2\/media?parent=14729"}],"curies":[{"name":"wp","href":"https:\/\/api.w.org\/{rel}","templated":true}]}}