{"id":14666,"date":"2022-04-22T18:56:53","date_gmt":"2022-04-22T16:56:53","guid":{"rendered":"https:\/\/sp1hrubieszow.pl\/?page_id=14666"},"modified":"2022-04-22T18:57:20","modified_gmt":"2022-04-22T16:57:20","slug":"matematyka-jest-drzwiami-i-kluczem-do-nauki","status":"publish","type":"page","link":"https:\/\/sp1hrubieszow.pl\/index.php\/kronika-2020-2021\/matematyka-jest-drzwiami-i-kluczem-do-nauki\/","title":{"rendered":"Matematyka jest drzwiami i kluczem do nauki"},"content":{"rendered":"\n<p><span style=\"color: #000080;\">Tradycyjnie w naszej szkole obchodzili\u015bmy \u015awi\u0119to Matematyki. W&nbsp;salach i na korytarzach szkolnych pojawi\u0142y si\u0119 gazetki i plakaty o&nbsp;tematyce matematycznej podkre\u015blaj\u0105ce wag\u0119 i&nbsp;znaczenie tej wyj\u0105tkowej nauki w \u017cyciu codziennym. By\u0142y s\u0142ynne cytaty, powiedzenia i wyliczanki matematyczne.<\/span><\/p>\n<p><span style=\"color: #000080;\">&nbsp;&nbsp;&nbsp;&nbsp;&nbsp;&nbsp;&nbsp;&nbsp;&nbsp;&nbsp;&nbsp; Z tej okazji panie: Anna Suwa\u0142a i Ma\u0142gorzata Szumiata dla uczni\u00f3w klas 4-8 zorganizowa\u0142y konkurs pt. \u201eLiczba Pi nam w g\u0142owach tkwi\u201d. Uczniowie wykonali prace plastyczne i modele przestrzenne tej wyj\u0105tkowej liczby. Uczestnicy konkursu otrzymali pami\u0105tkowe dyplomy i&nbsp;drobne upominki zakupione ze \u015brodk\u00f3w SKO.<\/span><\/p>\n<p><span style=\"color: #000080;\">Nagrody otrzymali:<\/span><\/p>\n<ul>\n<li><span style=\"color: #000080;\">Za wykonanie pracy plastycznej:<\/span>\n<ul>\n<li><span style=\"color: #000080;\">Osma\u0144ska Martyna kl. 8c \u2013 I miejsce<\/span><\/li>\n<li><span style=\"color: #000080;\">Wo\u017aniak Michalina kl. 8b \u2013 II miejsce<\/span><\/li>\n<li><span style=\"color: #000080;\">Karkuszewski Pawe\u0142 kl. 8c \u2013 II miejsce<\/span><\/li>\n<\/ul>\n<\/li>\n<\/ul>\n<p>&nbsp;<\/p>\n<ul>\n<li><span style=\"color: #000080;\">Za wykonanie modeli liczby Pi:<\/span>\n<ul>\n<li><span style=\"color: #000080;\">Dworak Dawid kl. 5b \u2013 I miejsce<\/span><\/li>\n<li><span style=\"color: #000080;\">Kiszel Julia kl. 4b \u2013 II miejsce<\/span><\/li>\n<li><span style=\"color: #000080;\">M\u0105czka Oliwia kl. 7d \u2013 III miejsce<\/span><\/li>\n<\/ul>\n<\/li>\n<\/ul>\nngg_shortcode_0_placeholder\n","protected":false},"excerpt":{"rendered":"<p>Tradycyjnie w naszej szkole obchodzili\u015bmy \u015awi\u0119to Matematyki. W&nbsp;salach i na korytarzach szkolnych pojawi\u0142y si\u0119 gazetki i plakaty o&nbsp;tematyce matematycznej podkre\u015blaj\u0105ce wag\u0119 i&nbsp;znaczenie tej wyj\u0105tkowej nauki w \u017cyciu codziennym. By\u0142y s\u0142ynne cytaty, powiedzenia i wyliczanki matematyczne. &nbsp;&nbsp;&nbsp;&nbsp;&nbsp;&nbsp;&nbsp;&nbsp;&nbsp;&nbsp;&nbsp; Z tej okazji panie: Anna Suwa\u0142a i Ma\u0142gorzata Szumiata dla uczni\u00f3w klas 4-8 zorganizowa\u0142y konkurs pt. \u201eLiczba Pi nam [&hellip;]<\/p>\n","protected":false},"author":2,"featured_media":0,"parent":5983,"menu_order":0,"comment_status":"closed","ping_status":"closed","template":"","meta":{"ngg_post_thumbnail":0,"footnotes":""},"class_list":["post-14666","page","type-page","status-publish","hentry"],"_links":{"self":[{"href":"https:\/\/sp1hrubieszow.pl\/index.php\/wp-json\/wp\/v2\/pages\/14666","targetHints":{"allow":["GET"]}}],"collection":[{"href":"https:\/\/sp1hrubieszow.pl\/index.php\/wp-json\/wp\/v2\/pages"}],"about":[{"href":"https:\/\/sp1hrubieszow.pl\/index.php\/wp-json\/wp\/v2\/types\/page"}],"author":[{"embeddable":true,"href":"https:\/\/sp1hrubieszow.pl\/index.php\/wp-json\/wp\/v2\/users\/2"}],"replies":[{"embeddable":true,"href":"https:\/\/sp1hrubieszow.pl\/index.php\/wp-json\/wp\/v2\/comments?post=14666"}],"version-history":[{"count":1,"href":"https:\/\/sp1hrubieszow.pl\/index.php\/wp-json\/wp\/v2\/pages\/14666\/revisions"}],"predecessor-version":[{"id":14667,"href":"https:\/\/sp1hrubieszow.pl\/index.php\/wp-json\/wp\/v2\/pages\/14666\/revisions\/14667"}],"up":[{"embeddable":true,"href":"https:\/\/sp1hrubieszow.pl\/index.php\/wp-json\/wp\/v2\/pages\/5983"}],"wp:attachment":[{"href":"https:\/\/sp1hrubieszow.pl\/index.php\/wp-json\/wp\/v2\/media?parent=14666"}],"curies":[{"name":"wp","href":"https:\/\/api.w.org\/{rel}","templated":true}]}}