{"id":14642,"date":"2022-04-22T17:33:19","date_gmt":"2022-04-22T15:33:19","guid":{"rendered":"https:\/\/sp1hrubieszow.pl\/?page_id=14642"},"modified":"2022-04-22T17:33:45","modified_gmt":"2022-04-22T15:33:45","slug":"olaf-lewandowski-finalista-ii-wojewodzkiego-turnieju-szachowego-lubelskiego-kuratora-oswiaty","status":"publish","type":"page","link":"https:\/\/sp1hrubieszow.pl\/index.php\/kronika-2020-2021\/olaf-lewandowski-finalista-ii-wojewodzkiego-turnieju-szachowego-lubelskiego-kuratora-oswiaty\/","title":{"rendered":"Olaf Lewandowski Finalista II Wojew\u00f3dzkiego Turnieju Szachowego Lubelskiego Kuratora O\u015bwiaty"},"content":{"rendered":"\n<p><span style=\"color: #000080;\">Pani Dyrektor Edyta Kucharska zadba\u0142a o przeprowadzenie I etapu turnieju, kt\u00f3ry odby\u0142 sie online w naszej szkole. SP Nr1 reprezentowali K.Kowalski (8c), O. Lewandowski(7a), J.Brz\u00f3ska i D. Ka\u0144ski(5c). Pasja naszych uczni\u00f3w zrodzi\u0142a si\u0119 w szkole, gdzie w ubieg\u0142ym roku szkolnym zosta\u0142 rozegrany Szkolny Turniej Szachowy pod opiek\u0105 s\u0119dziego i instruktora szachowego p. M. Przeniczki. <\/span><\/p>\n<p><span style=\"color: #000080;\">W bie\u017c\u0105cym roku szkolnym uczniowie doskonal\u0105 swoje umiej\u0119tno\u015bci startuj\u0105c co dwa tygodnie w I Turnieju Szachowym o Puchar Burmistrza Hrubieszowa. Zach\u0119camy wszystkich ch\u0119tnych uczni\u00f3w ( z klas 1-8) do spr\u00f3bowania swoich si\u0142 w sobot\u0119 23.04.2022 o godz. 11 w HDK. Efekty tych zmaga\u0144 na za\u0142\u0105czonych zdj\u0119ciach. <\/span><\/p>\n<p><span style=\"color: #000080;\">Dzi\u0119kujemy za takie mo\u017cliwo\u015bci w naszej szkole, w naszym mie\u015bcie.<\/span><\/p>\nngg_shortcode_0_placeholder\n<p>&nbsp;<\/p>\n","protected":false},"excerpt":{"rendered":"<p>Pani Dyrektor Edyta Kucharska zadba\u0142a o przeprowadzenie I etapu turnieju, kt\u00f3ry odby\u0142 sie online w naszej szkole. SP Nr1 reprezentowali K.Kowalski (8c), O. Lewandowski(7a), J.Brz\u00f3ska i D. Ka\u0144ski(5c). Pasja naszych uczni\u00f3w zrodzi\u0142a si\u0119 w szkole, gdzie w ubieg\u0142ym roku szkolnym zosta\u0142 rozegrany Szkolny Turniej Szachowy pod opiek\u0105 s\u0119dziego i instruktora szachowego p. M. Przeniczki. W [&hellip;]<\/p>\n","protected":false},"author":2,"featured_media":0,"parent":5983,"menu_order":0,"comment_status":"closed","ping_status":"closed","template":"","meta":{"ngg_post_thumbnail":0,"footnotes":""},"class_list":["post-14642","page","type-page","status-publish","hentry"],"_links":{"self":[{"href":"https:\/\/sp1hrubieszow.pl\/index.php\/wp-json\/wp\/v2\/pages\/14642","targetHints":{"allow":["GET"]}}],"collection":[{"href":"https:\/\/sp1hrubieszow.pl\/index.php\/wp-json\/wp\/v2\/pages"}],"about":[{"href":"https:\/\/sp1hrubieszow.pl\/index.php\/wp-json\/wp\/v2\/types\/page"}],"author":[{"embeddable":true,"href":"https:\/\/sp1hrubieszow.pl\/index.php\/wp-json\/wp\/v2\/users\/2"}],"replies":[{"embeddable":true,"href":"https:\/\/sp1hrubieszow.pl\/index.php\/wp-json\/wp\/v2\/comments?post=14642"}],"version-history":[{"count":1,"href":"https:\/\/sp1hrubieszow.pl\/index.php\/wp-json\/wp\/v2\/pages\/14642\/revisions"}],"predecessor-version":[{"id":14643,"href":"https:\/\/sp1hrubieszow.pl\/index.php\/wp-json\/wp\/v2\/pages\/14642\/revisions\/14643"}],"up":[{"embeddable":true,"href":"https:\/\/sp1hrubieszow.pl\/index.php\/wp-json\/wp\/v2\/pages\/5983"}],"wp:attachment":[{"href":"https:\/\/sp1hrubieszow.pl\/index.php\/wp-json\/wp\/v2\/media?parent=14642"}],"curies":[{"name":"wp","href":"https:\/\/api.w.org\/{rel}","templated":true}]}}