{"id":14634,"date":"2022-04-22T17:27:36","date_gmt":"2022-04-22T15:27:36","guid":{"rendered":"https:\/\/sp1hrubieszow.pl\/?page_id=14634"},"modified":"2022-04-22T17:27:58","modified_gmt":"2022-04-22T15:27:58","slug":"brazowy-medal-mistrzostw-wojewodztwa-w-druzynowych-biegach-przelajowych","status":"publish","type":"page","link":"https:\/\/sp1hrubieszow.pl\/index.php\/kronika-2020-2021\/brazowy-medal-mistrzostw-wojewodztwa-w-druzynowych-biegach-przelajowych\/","title":{"rendered":"Br\u0105zowy medal Mistrzostw Wojew\u00f3dztwa w Dru\u017cynowych Biegach Prze\u0142ajowych!!"},"content":{"rendered":"\n<div class=\"cxmmr5t8 oygrvhab hcukyx3x c1et5uql o9v6fnle ii04i59q\">\n<div dir=\"auto\"><span style=\"color: #000080;\">W dniu 21.04 w Tomaszowie Lubelskim rozegrane zosta\u0142y Wojew\u00f3dzkie Igrzyska Dzieci w Dru\u017cynowych Biegach Prze\u0142ajowych.<\/span><\/div>\n<div dir=\"auto\"><span style=\"color: #000080;\">Warunki atmosferyczne oraz trasa biegu by\u0142y bardzo wymagaj\u0105ce, mimo to dru\u017cyna ch\u0142opc\u00f3w wywalczy\u0142a br\u0105zowy medal.<\/span><\/div>\n<\/div>\n<div class=\"cxmmr5t8 oygrvhab hcukyx3x c1et5uql o9v6fnle ii04i59q\">\n<div dir=\"auto\"><span style=\"color: #000080;\">Ch\u0142opcy wyst\u0105pili w sk\u0142adzie: Maciej Borz\u0119cki, Tomasz Pawlos, Miko\u0142aj Czerkawski,Maciej Ulanicki, Kajetan Szewc, Wojciech Malinowski, Franciszek Kogut (rezerwowy).<\/span><\/div>\n<div dir=\"auto\"><span style=\"color: #000080;\">opiekunem by\u0142 Tomasz Magdziak.<\/span><\/div>\n<\/div>\n<div class=\"cxmmr5t8 oygrvhab hcukyx3x c1et5uql o9v6fnle ii04i59q\">\n<div dir=\"auto\"><span style=\"color: #000080;\">Wyniki:<\/span><\/div>\n<div dir=\"auto\"><span style=\"color: #000080;\">1.SP 5 Bia\u0142a Podlaska<\/span><\/div>\n<div dir=\"auto\"><span style=\"color: #000080;\">2.SP 3 Lubart\u00f3w<\/span><\/div>\n<div dir=\"auto\"><span style=\"color: #000080;\">3. SP 1 Hrubiesz\u00f3w<\/span><\/div>\n<div dir=\"auto\"><span style=\"color: #000080;\">4. SP Adam\u00f3w<\/span><\/div>\n<div dir=\"auto\"><span style=\"color: #000080;\">5.SP 3 Tomasz\u00f3w Lubelski<\/span><\/div>\n<div dir=\"auto\"><span style=\"color: #000080;\">6.SP 1 Bi\u0142goraj<\/span><\/div>\n<div dir=\"auto\"><span style=\"color: #000080;\">7.SP 8 Che\u0142m<\/span><\/div>\n<div dir=\"auto\"><span style=\"color: #000080;\">8.SP Kamionka<\/span><\/div>\n<div dir=\"auto\"><span style=\"color: #000080;\">9.SP 5 \u015awidnik<\/span><\/div>\n<div dir=\"auto\"><span style=\"color: #000080;\">10.SP Tarnogr\u00f3d<\/span><\/div>\n<div dir=\"auto\" style=\"text-align: center;\">&nbsp;<\/div>\n<\/div>\n<div class=\"cxmmr5t8 oygrvhab hcukyx3x c1et5uql o9v6fnle ii04i59q\">\n<div dir=\"auto\" style=\"text-align: center;\"><span style=\"color: #000080;\">Gratulujemy!<\/span><\/div>\n<div dir=\"auto\">\nngg_shortcode_0_placeholder\n<\/div>\n<\/div>\n","protected":false},"excerpt":{"rendered":"<p>W dniu 21.04 w Tomaszowie Lubelskim rozegrane zosta\u0142y Wojew\u00f3dzkie Igrzyska Dzieci w Dru\u017cynowych Biegach Prze\u0142ajowych. Warunki atmosferyczne oraz trasa biegu by\u0142y bardzo wymagaj\u0105ce, mimo to dru\u017cyna ch\u0142opc\u00f3w wywalczy\u0142a br\u0105zowy medal. Ch\u0142opcy wyst\u0105pili w sk\u0142adzie: Maciej Borz\u0119cki, Tomasz Pawlos, Miko\u0142aj Czerkawski,Maciej Ulanicki, Kajetan Szewc, Wojciech Malinowski, Franciszek Kogut (rezerwowy). opiekunem by\u0142 Tomasz Magdziak. Wyniki: 1.SP 5 [&hellip;]<\/p>\n","protected":false},"author":2,"featured_media":0,"parent":5983,"menu_order":0,"comment_status":"closed","ping_status":"closed","template":"","meta":{"ngg_post_thumbnail":0,"footnotes":""},"class_list":["post-14634","page","type-page","status-publish","hentry"],"_links":{"self":[{"href":"https:\/\/sp1hrubieszow.pl\/index.php\/wp-json\/wp\/v2\/pages\/14634","targetHints":{"allow":["GET"]}}],"collection":[{"href":"https:\/\/sp1hrubieszow.pl\/index.php\/wp-json\/wp\/v2\/pages"}],"about":[{"href":"https:\/\/sp1hrubieszow.pl\/index.php\/wp-json\/wp\/v2\/types\/page"}],"author":[{"embeddable":true,"href":"https:\/\/sp1hrubieszow.pl\/index.php\/wp-json\/wp\/v2\/users\/2"}],"replies":[{"embeddable":true,"href":"https:\/\/sp1hrubieszow.pl\/index.php\/wp-json\/wp\/v2\/comments?post=14634"}],"version-history":[{"count":1,"href":"https:\/\/sp1hrubieszow.pl\/index.php\/wp-json\/wp\/v2\/pages\/14634\/revisions"}],"predecessor-version":[{"id":14635,"href":"https:\/\/sp1hrubieszow.pl\/index.php\/wp-json\/wp\/v2\/pages\/14634\/revisions\/14635"}],"up":[{"embeddable":true,"href":"https:\/\/sp1hrubieszow.pl\/index.php\/wp-json\/wp\/v2\/pages\/5983"}],"wp:attachment":[{"href":"https:\/\/sp1hrubieszow.pl\/index.php\/wp-json\/wp\/v2\/media?parent=14634"}],"curies":[{"name":"wp","href":"https:\/\/api.w.org\/{rel}","templated":true}]}}