{"id":14614,"date":"2022-04-22T06:02:06","date_gmt":"2022-04-22T04:02:06","guid":{"rendered":"https:\/\/sp1hrubieszow.pl\/?page_id=14614"},"modified":"2022-04-22T06:02:25","modified_gmt":"2022-04-22T04:02:25","slug":"dzien-kreatywnosci-w-klasie-1a","status":"publish","type":"page","link":"https:\/\/sp1hrubieszow.pl\/index.php\/kronika-2020-2021\/dzien-kreatywnosci-w-klasie-1a\/","title":{"rendered":"Dzie\u0144 Kreatywno\u015bci w klasie 1a"},"content":{"rendered":"\n<p><span style=\"color: #000080;\">W klasie 1 a odby\u0142y si\u0119 zaj\u0119cia rozwijaj\u0105ce kreatywne my\u015blenie. Pani Aleksandra Kopczy\u0144ska ponownie przygotowa\u0142a emocjonuj\u0105ce gry, zabawy i wyzwania wymagaj\u0105ce od uczestnik\u00f3w zaj\u0119\u0107 koncentracji uwagi, spostrzegawczo\u015bci oraz czujno\u015bci.<\/span><\/p>\nngg_shortcode_0_placeholder\n","protected":false},"excerpt":{"rendered":"<p>W klasie 1 a odby\u0142y si\u0119 zaj\u0119cia rozwijaj\u0105ce kreatywne my\u015blenie. Pani Aleksandra Kopczy\u0144ska ponownie przygotowa\u0142a emocjonuj\u0105ce gry, zabawy i wyzwania wymagaj\u0105ce od uczestnik\u00f3w zaj\u0119\u0107 koncentracji uwagi, spostrzegawczo\u015bci oraz czujno\u015bci.<\/p>\n","protected":false},"author":2,"featured_media":0,"parent":5983,"menu_order":0,"comment_status":"closed","ping_status":"closed","template":"","meta":{"ngg_post_thumbnail":0,"footnotes":""},"class_list":["post-14614","page","type-page","status-publish","hentry"],"_links":{"self":[{"href":"https:\/\/sp1hrubieszow.pl\/index.php\/wp-json\/wp\/v2\/pages\/14614","targetHints":{"allow":["GET"]}}],"collection":[{"href":"https:\/\/sp1hrubieszow.pl\/index.php\/wp-json\/wp\/v2\/pages"}],"about":[{"href":"https:\/\/sp1hrubieszow.pl\/index.php\/wp-json\/wp\/v2\/types\/page"}],"author":[{"embeddable":true,"href":"https:\/\/sp1hrubieszow.pl\/index.php\/wp-json\/wp\/v2\/users\/2"}],"replies":[{"embeddable":true,"href":"https:\/\/sp1hrubieszow.pl\/index.php\/wp-json\/wp\/v2\/comments?post=14614"}],"version-history":[{"count":1,"href":"https:\/\/sp1hrubieszow.pl\/index.php\/wp-json\/wp\/v2\/pages\/14614\/revisions"}],"predecessor-version":[{"id":14615,"href":"https:\/\/sp1hrubieszow.pl\/index.php\/wp-json\/wp\/v2\/pages\/14614\/revisions\/14615"}],"up":[{"embeddable":true,"href":"https:\/\/sp1hrubieszow.pl\/index.php\/wp-json\/wp\/v2\/pages\/5983"}],"wp:attachment":[{"href":"https:\/\/sp1hrubieszow.pl\/index.php\/wp-json\/wp\/v2\/media?parent=14614"}],"curies":[{"name":"wp","href":"https:\/\/api.w.org\/{rel}","templated":true}]}}