{"id":14592,"date":"2022-04-22T05:48:37","date_gmt":"2022-04-22T03:48:37","guid":{"rendered":"https:\/\/sp1hrubieszow.pl\/?page_id=14592"},"modified":"2022-04-22T05:49:19","modified_gmt":"2022-04-22T03:49:19","slug":"laczynaspamiec","status":"publish","type":"page","link":"https:\/\/sp1hrubieszow.pl\/index.php\/kronika-2020-2021\/laczynaspamiec\/","title":{"rendered":"#\u0141\u0105czyNasPami\u0119\u0107!"},"content":{"rendered":"\n<p><span style=\"color: #000080;\">Wzorem lat ubieg\u0142ych nasza szko\u0142a przyst\u0105pi\u0142a do obchod\u00f3w&nbsp; upami\u0119tniaj\u0105cych 79 rocznic\u0119 Powstania w Getcie Warszawskim &#8211; najwi\u0119kszego zbrojnego zrywu \u017byd\u00f3w podczas II wojny \u015bwiatowej, a zarazem pierwszego powstania w okupowanej Europie. Organizatorzy z Muzeum Historii \u017byd\u00f3w Polskich Polin podkre\u015blaj\u0105, \u017ce w Europie zn\u00f3w gin\u0105 ludzie. Udzia\u0142 w kampanii odbywaj\u0105cej si\u0119 pod has\u0142em ,,Mi\u0142o\u015b\u0107\u201d jest tak\u017ce form\u0105 manifestacji naszego sprzeciwu przeciwko wojnie, przeciwko wszelkiej agresji.<\/span><\/p>\n<p><span style=\"color: #000080;\">Akcji od pocz\u0105tku towarzyszy has\u0142o &#8222;\u0141\u0105czy nas pami\u0119\u0107&#8221;, kt\u00f3re podkre\u015bla si\u0142\u0119 wsp\u00f3lnoty, znaczenie solidarno\u015bci, potrzeb\u0119 dialogu ponad podzia\u0142ami. G\u0142\u0119boko wierzymy, \u017ce pami\u0119\u0107 o przesz\u0142o\u015bci jest jedn\u0105 z nadrz\u0119dnych warto\u015bci, kt\u00f3re nas jednocz\u0105 i nadaj\u0105 nam wsp\u00f3ln\u0105 to\u017csamo\u015b\u0107 \u2013 niezale\u017cnie od \u015bwiatopogl\u0105du czy sympatii politycznych.<\/span><\/p>\n<p><span style=\"color: #000080;\">W ramach akcji spo\u0142eczno-edukacyjnej ,,\u017bonkile\u201d, wolontariusze przygotowali gazetk\u0119 \u015bcienn\u0105 oraz papierowe \u017conkile, kt\u00f3re symbolizuj\u0105 pami\u0119\u0107, szacunek i nadziej\u0119. Nauczyciele jak r\u00f3wnie\u017c uczniowie, zapoznali si\u0119 z materia\u0142ami opracowanymi przez zesp\u00f3\u0142 Muzeum Polin.<\/span><\/p>\n<p style=\"text-align: right;\"><span style=\"color: #000080;\">,,Nienawi\u015b\u0107 jest \u0142atwa. Mi\u0142o\u015b\u0107 wymaga wysi\u0142ku i po\u015bwi\u0119cenia\u201d<\/span><\/p>\n<p style=\"text-align: right;\"><span style=\"color: #000080;\">M. Edelman<\/span><\/p>\nngg_shortcode_0_placeholder\n","protected":false},"excerpt":{"rendered":"<p>Wzorem lat ubieg\u0142ych nasza szko\u0142a przyst\u0105pi\u0142a do obchod\u00f3w&nbsp; upami\u0119tniaj\u0105cych 79 rocznic\u0119 Powstania w Getcie Warszawskim &#8211; najwi\u0119kszego zbrojnego zrywu \u017byd\u00f3w podczas II wojny \u015bwiatowej, a zarazem pierwszego powstania w okupowanej Europie. Organizatorzy z Muzeum Historii \u017byd\u00f3w Polskich Polin podkre\u015blaj\u0105, \u017ce w Europie zn\u00f3w gin\u0105 ludzie. Udzia\u0142 w kampanii odbywaj\u0105cej si\u0119 pod has\u0142em ,,Mi\u0142o\u015b\u0107\u201d jest tak\u017ce [&hellip;]<\/p>\n","protected":false},"author":2,"featured_media":0,"parent":5983,"menu_order":0,"comment_status":"closed","ping_status":"closed","template":"","meta":{"ngg_post_thumbnail":0,"footnotes":""},"class_list":["post-14592","page","type-page","status-publish","hentry"],"_links":{"self":[{"href":"https:\/\/sp1hrubieszow.pl\/index.php\/wp-json\/wp\/v2\/pages\/14592","targetHints":{"allow":["GET"]}}],"collection":[{"href":"https:\/\/sp1hrubieszow.pl\/index.php\/wp-json\/wp\/v2\/pages"}],"about":[{"href":"https:\/\/sp1hrubieszow.pl\/index.php\/wp-json\/wp\/v2\/types\/page"}],"author":[{"embeddable":true,"href":"https:\/\/sp1hrubieszow.pl\/index.php\/wp-json\/wp\/v2\/users\/2"}],"replies":[{"embeddable":true,"href":"https:\/\/sp1hrubieszow.pl\/index.php\/wp-json\/wp\/v2\/comments?post=14592"}],"version-history":[{"count":1,"href":"https:\/\/sp1hrubieszow.pl\/index.php\/wp-json\/wp\/v2\/pages\/14592\/revisions"}],"predecessor-version":[{"id":14593,"href":"https:\/\/sp1hrubieszow.pl\/index.php\/wp-json\/wp\/v2\/pages\/14592\/revisions\/14593"}],"up":[{"embeddable":true,"href":"https:\/\/sp1hrubieszow.pl\/index.php\/wp-json\/wp\/v2\/pages\/5983"}],"wp:attachment":[{"href":"https:\/\/sp1hrubieszow.pl\/index.php\/wp-json\/wp\/v2\/media?parent=14592"}],"curies":[{"name":"wp","href":"https:\/\/api.w.org\/{rel}","templated":true}]}}