{"id":14578,"date":"2022-04-15T14:32:29","date_gmt":"2022-04-15T12:32:29","guid":{"rendered":"https:\/\/sp1hrubieszow.pl\/?page_id=14578"},"modified":"2022-04-15T14:33:05","modified_gmt":"2022-04-15T12:33:05","slug":"zyczenia-wielkanocne-od-msu","status":"publish","type":"page","link":"https:\/\/sp1hrubieszow.pl\/index.php\/kronika-2020-2021\/zyczenia-wielkanocne-od-msu\/","title":{"rendered":"\u017bYCZENIA WIELKANOCNE OD MSU"},"content":{"rendered":"\n<p><span style=\"color: #000080;\">13.04.2022 r. zgodnie z tradycj\u0105, przedstawiciele Ma\u0142ego Samorz\u0105du Uczniowskiego z\u0142o\u017cyli \u017cyczenia \u015bwi\u0105teczne dyrekcji, administracji, obs\u0142udze oraz wszystkim nauczycielom ucz\u0105cym w naszej szkole. Uczniowie wr\u0119czyli tak\u017ce kartki wielkanocne, kt\u00f3re w\u0142asnor\u0119cznie wykonali pod czujnym okiem opiekun\u00f3w: p . A. Kolano, p. M. Korneluk i p. K.Sztuk.<\/span><\/p>\nngg_shortcode_0_placeholder\n","protected":false},"excerpt":{"rendered":"<p>13.04.2022 r. zgodnie z tradycj\u0105, przedstawiciele Ma\u0142ego Samorz\u0105du Uczniowskiego z\u0142o\u017cyli \u017cyczenia \u015bwi\u0105teczne dyrekcji, administracji, obs\u0142udze oraz wszystkim nauczycielom ucz\u0105cym w naszej szkole. Uczniowie wr\u0119czyli tak\u017ce kartki wielkanocne, kt\u00f3re w\u0142asnor\u0119cznie wykonali pod czujnym okiem opiekun\u00f3w: p . A. Kolano, p. M. Korneluk i p. K.Sztuk.<\/p>\n","protected":false},"author":2,"featured_media":0,"parent":5983,"menu_order":0,"comment_status":"closed","ping_status":"closed","template":"","meta":{"ngg_post_thumbnail":0,"footnotes":""},"class_list":["post-14578","page","type-page","status-publish","hentry"],"_links":{"self":[{"href":"https:\/\/sp1hrubieszow.pl\/index.php\/wp-json\/wp\/v2\/pages\/14578","targetHints":{"allow":["GET"]}}],"collection":[{"href":"https:\/\/sp1hrubieszow.pl\/index.php\/wp-json\/wp\/v2\/pages"}],"about":[{"href":"https:\/\/sp1hrubieszow.pl\/index.php\/wp-json\/wp\/v2\/types\/page"}],"author":[{"embeddable":true,"href":"https:\/\/sp1hrubieszow.pl\/index.php\/wp-json\/wp\/v2\/users\/2"}],"replies":[{"embeddable":true,"href":"https:\/\/sp1hrubieszow.pl\/index.php\/wp-json\/wp\/v2\/comments?post=14578"}],"version-history":[{"count":1,"href":"https:\/\/sp1hrubieszow.pl\/index.php\/wp-json\/wp\/v2\/pages\/14578\/revisions"}],"predecessor-version":[{"id":14579,"href":"https:\/\/sp1hrubieszow.pl\/index.php\/wp-json\/wp\/v2\/pages\/14578\/revisions\/14579"}],"up":[{"embeddable":true,"href":"https:\/\/sp1hrubieszow.pl\/index.php\/wp-json\/wp\/v2\/pages\/5983"}],"wp:attachment":[{"href":"https:\/\/sp1hrubieszow.pl\/index.php\/wp-json\/wp\/v2\/media?parent=14578"}],"curies":[{"name":"wp","href":"https:\/\/api.w.org\/{rel}","templated":true}]}}