{"id":14565,"date":"2022-04-13T15:09:33","date_gmt":"2022-04-13T13:09:33","guid":{"rendered":"https:\/\/sp1hrubieszow.pl\/?page_id=14565"},"modified":"2022-04-13T15:15:04","modified_gmt":"2022-04-13T13:15:04","slug":"apel-ku-czci-ofiar-zbrodni-katynskiej","status":"publish","type":"page","link":"https:\/\/sp1hrubieszow.pl\/index.php\/kronika-2020-2021\/apel-ku-czci-ofiar-zbrodni-katynskiej\/","title":{"rendered":"D\u0119by Katy\u0144skie- \u0141a\u0144cuch Pami\u0119ci Kolejnych Pokole\u0144"},"content":{"rendered":"\n<div dir=\"auto\"><span style=\"color: #000080;\">Szko\u0142a Podstawowa Nr 1 im. B. Prusa w Hrubieszowie w\u0142\u0105czy\u0142a si\u0119 do wsp\u00f3lnego upami\u0119tnienia Ofiar Zbrodni Katy\u0144skiej.<\/span><\/div>\n<div dir=\"auto\"><span style=\"color: #000080;\">Apel ku czci Ofiar Zbrodni Katy\u0144skiej odby\u0142 si\u0119 przy D\u0119bie, kt\u00f3ry zosta\u0142 po\u015bwi\u0119cony pami\u0119ci pp\u0142k. Jozefa Skrobiszewskiego \u2013oficera Wojska Polskiego, hrubieszowskiego lekarza, dzia\u0142acza spo\u0142ecznego i patriotycznego.<\/span><\/div>\n<div dir=\"auto\"><span style=\"color: #000080;\">Uroczysto\u015b\u0107 mia\u0142a miejsce 13 kwietnia 2022 roku o godz. 12.00, w Parku Miejskim w Hrubieszowie w obecno\u015bci Burmistrza Miasta Hrubieszowa Pani Marty Majewskiej.<\/span><\/div>\n<div dir=\"auto\"><span style=\"color: #000080;\">Uczniowie wraz z opiekunami w asy\u015bcie Pocztu Sztandarowego Szko\u0142y oddali Ho\u0142d Ofiarom Zbrodni Katy\u0144skiej poprzez z\u0142o\u017cenie kwiat\u00f3w, zapaleniu znicza i uczczenie Pami\u0119ci Bohater\u00f3w minut\u0105 ciszy.<\/span><\/div>\n<div dir=\"auto\">\nngg_shortcode_0_placeholder\n<\/div>\n","protected":false},"excerpt":{"rendered":"<p>Szko\u0142a Podstawowa Nr 1 im. B. Prusa w Hrubieszowie w\u0142\u0105czy\u0142a si\u0119 do wsp\u00f3lnego upami\u0119tnienia Ofiar Zbrodni Katy\u0144skiej. Apel ku czci Ofiar Zbrodni Katy\u0144skiej odby\u0142 si\u0119 przy D\u0119bie, kt\u00f3ry zosta\u0142 po\u015bwi\u0119cony pami\u0119ci pp\u0142k. Jozefa Skrobiszewskiego \u2013oficera Wojska Polskiego, hrubieszowskiego lekarza, dzia\u0142acza spo\u0142ecznego i patriotycznego. Uroczysto\u015b\u0107 mia\u0142a miejsce 13 kwietnia 2022 roku o godz. 12.00, w Parku [&hellip;]<\/p>\n","protected":false},"author":2,"featured_media":0,"parent":5983,"menu_order":0,"comment_status":"closed","ping_status":"closed","template":"","meta":{"ngg_post_thumbnail":0,"footnotes":""},"class_list":["post-14565","page","type-page","status-publish","hentry"],"_links":{"self":[{"href":"https:\/\/sp1hrubieszow.pl\/index.php\/wp-json\/wp\/v2\/pages\/14565","targetHints":{"allow":["GET"]}}],"collection":[{"href":"https:\/\/sp1hrubieszow.pl\/index.php\/wp-json\/wp\/v2\/pages"}],"about":[{"href":"https:\/\/sp1hrubieszow.pl\/index.php\/wp-json\/wp\/v2\/types\/page"}],"author":[{"embeddable":true,"href":"https:\/\/sp1hrubieszow.pl\/index.php\/wp-json\/wp\/v2\/users\/2"}],"replies":[{"embeddable":true,"href":"https:\/\/sp1hrubieszow.pl\/index.php\/wp-json\/wp\/v2\/comments?post=14565"}],"version-history":[{"count":2,"href":"https:\/\/sp1hrubieszow.pl\/index.php\/wp-json\/wp\/v2\/pages\/14565\/revisions"}],"predecessor-version":[{"id":14569,"href":"https:\/\/sp1hrubieszow.pl\/index.php\/wp-json\/wp\/v2\/pages\/14565\/revisions\/14569"}],"up":[{"embeddable":true,"href":"https:\/\/sp1hrubieszow.pl\/index.php\/wp-json\/wp\/v2\/pages\/5983"}],"wp:attachment":[{"href":"https:\/\/sp1hrubieszow.pl\/index.php\/wp-json\/wp\/v2\/media?parent=14565"}],"curies":[{"name":"wp","href":"https:\/\/api.w.org\/{rel}","templated":true}]}}