{"id":14525,"date":"2022-04-12T16:41:05","date_gmt":"2022-04-12T14:41:05","guid":{"rendered":"https:\/\/sp1hrubieszow.pl\/?page_id=14525"},"modified":"2022-04-12T16:41:22","modified_gmt":"2022-04-12T14:41:22","slug":"czwarte-miejsce-dziewczat-w-polfinale-wojewodzkim-w-mini-koszykowce","status":"publish","type":"page","link":"https:\/\/sp1hrubieszow.pl\/index.php\/kronika-2020-2021\/czwarte-miejsce-dziewczat-w-polfinale-wojewodzkim-w-mini-koszykowce\/","title":{"rendered":"Czwarte miejsce dziewcz\u0105t w P\u00f3\u0142finale Wojew\u00f3dzkim w mini koszyk\u00f3wce"},"content":{"rendered":"\n<div class=\"cxmmr5t8 oygrvhab hcukyx3x c1et5uql o9v6fnle ii04i59q\">\n<div dir=\"auto\"><span style=\"color: #000080;\">11 kwietnia w Krasnymstawie zosta\u0142 rozegrany P\u00f3\u0142fina\u0142 Wojew\u00f3dzki w mini koszyk\u00f3wce. Nasza dru\u017cyna uzyska\u0142a prawo startu wygrywaj\u0105c Mistrzostwa Powiatu.<\/span><\/div>\n<div dir=\"auto\"><span style=\"color: #000080;\">Podczas p\u00f3\u0142fina\u0142u rozegrali\u015bmy trzy mecze: z SP 1 Krasnystaw, SP 6 Zamo\u015b\u0107 oraz SP 2 Tomasz\u00f3w Lubelski w kt\u00f3rych to okazali\u015bmy si\u0119 s\u0142absi od w\/w rywali.<\/span><\/div>\n<div dir=\"auto\"><span style=\"color: #000080;\">Warto nadmieni\u0107 \u017ce byli\u015bmy najm\u0142odsz\u0105 dru\u017cyn\u0105 turnieju, a nasze uczennice pokaza\u0142y si\u0119 z bardzo dobrej strony.<\/span><\/div>\n<div dir=\"auto\"><span style=\"color: #000080;\">Dziewczyny wyst\u0105pi\u0142y w sk\u0142adzie: Martyna Balcer, Aleksandra Pa\u0142ys, Maja Magdziak, Maja Klimkowska, Oliwia Dudek, Julia Kiszel, Zuzanna P\u0119czak, Dominika Ciemi\u0119ga, Iga Nowosad, Iza Jankowska, Lena Ho\u0142\u00f3wek, Kornelia Mrozowska, Agata Szyma\u0144ska, Nikola Pietryna, Karolina Grzegorczyk.<\/span><\/div>\n<div dir=\"auto\"><span style=\"color: #000080;\">Opiekunem by\u0142 Tomasz Magdziak.<\/span><\/div>\n<\/div>\n<div class=\"cxmmr5t8 oygrvhab hcukyx3x c1et5uql o9v6fnle ii04i59q\">\n<div dir=\"auto\"><span style=\"color: #000080;\">Gratulujemy <span class=\"pq6dq46d tbxw36s4 knj5qynh kvgmc6g5 ditlmg2l oygrvhab nvdbi5me sf5mxxl7 gl3lb2sf hhz5lgdu\"><img loading=\"lazy\" decoding=\"async\" src=\"https:\/\/static.xx.fbcdn.net\/images\/emoji.php\/v9\/tfe\/1\/16\/1f44f.png\" alt=\"?\" width=\"16\" height=\"16\"><\/span>,a za rok liczymy na rewan\u017c <span class=\"pq6dq46d tbxw36s4 knj5qynh kvgmc6g5 ditlmg2l oygrvhab nvdbi5me sf5mxxl7 gl3lb2sf hhz5lgdu\"><img loading=\"lazy\" decoding=\"async\" src=\"https:\/\/static.xx.fbcdn.net\/images\/emoji.php\/v9\/t4c\/1\/16\/1f642.png\" alt=\"?\" width=\"16\" height=\"16\"><\/span><\/span><\/div>\n<div dir=\"auto\">\nngg_shortcode_0_placeholder\n<\/div>\n<\/div>\n","protected":false},"excerpt":{"rendered":"<p>11 kwietnia w Krasnymstawie zosta\u0142 rozegrany P\u00f3\u0142fina\u0142 Wojew\u00f3dzki w mini koszyk\u00f3wce. Nasza dru\u017cyna uzyska\u0142a prawo startu wygrywaj\u0105c Mistrzostwa Powiatu. Podczas p\u00f3\u0142fina\u0142u rozegrali\u015bmy trzy mecze: z SP 1 Krasnystaw, SP 6 Zamo\u015b\u0107 oraz SP 2 Tomasz\u00f3w Lubelski w kt\u00f3rych to okazali\u015bmy si\u0119 s\u0142absi od w\/w rywali. Warto nadmieni\u0107 \u017ce byli\u015bmy najm\u0142odsz\u0105 dru\u017cyn\u0105 turnieju, a nasze uczennice [&hellip;]<\/p>\n","protected":false},"author":2,"featured_media":0,"parent":5983,"menu_order":0,"comment_status":"closed","ping_status":"closed","template":"","meta":{"ngg_post_thumbnail":0,"footnotes":""},"class_list":["post-14525","page","type-page","status-publish","hentry"],"_links":{"self":[{"href":"https:\/\/sp1hrubieszow.pl\/index.php\/wp-json\/wp\/v2\/pages\/14525","targetHints":{"allow":["GET"]}}],"collection":[{"href":"https:\/\/sp1hrubieszow.pl\/index.php\/wp-json\/wp\/v2\/pages"}],"about":[{"href":"https:\/\/sp1hrubieszow.pl\/index.php\/wp-json\/wp\/v2\/types\/page"}],"author":[{"embeddable":true,"href":"https:\/\/sp1hrubieszow.pl\/index.php\/wp-json\/wp\/v2\/users\/2"}],"replies":[{"embeddable":true,"href":"https:\/\/sp1hrubieszow.pl\/index.php\/wp-json\/wp\/v2\/comments?post=14525"}],"version-history":[{"count":1,"href":"https:\/\/sp1hrubieszow.pl\/index.php\/wp-json\/wp\/v2\/pages\/14525\/revisions"}],"predecessor-version":[{"id":14526,"href":"https:\/\/sp1hrubieszow.pl\/index.php\/wp-json\/wp\/v2\/pages\/14525\/revisions\/14526"}],"up":[{"embeddable":true,"href":"https:\/\/sp1hrubieszow.pl\/index.php\/wp-json\/wp\/v2\/pages\/5983"}],"wp:attachment":[{"href":"https:\/\/sp1hrubieszow.pl\/index.php\/wp-json\/wp\/v2\/media?parent=14525"}],"curies":[{"name":"wp","href":"https:\/\/api.w.org\/{rel}","templated":true}]}}