{"id":14486,"date":"2022-04-10T15:28:40","date_gmt":"2022-04-10T13:28:40","guid":{"rendered":"https:\/\/sp1hrubieszow.pl\/?page_id=14486"},"modified":"2022-04-10T15:29:15","modified_gmt":"2022-04-10T13:29:15","slug":"ludzie-z-pasjasa-ciekawi","status":"publish","type":"page","link":"https:\/\/sp1hrubieszow.pl\/index.php\/kronika-2020-2021\/ludzie-z-pasjasa-ciekawi\/","title":{"rendered":"Ludzie z pasj\u0105\u2026s\u0105 ciekawi"},"content":{"rendered":"\n<p><span style=\"color: #000080;\">W \u015brod\u0119 6 kwietnia uczniowie klas \u00f3smych naszej szko\u0142y mieli okazj\u0119 spotka\u0107 si\u0119 <\/span><br><span style=\"color: #000080;\">z panem Leszkiem Kryszczukiem \u2013 kierownikiem administracyjnym plac\u00f3wki, <\/span><br><span style=\"color: #000080;\">a jednocze\u015bnie pasjonatem modelarstwa. Zaj\u0119cia odbywa\u0142y si\u0119 w ramach cyklu lekcji wychowawczych zwi\u0105zanych z doradztwem zawodowym. Pan Leszek opowiada\u0142 ciekawie o swoim hobby, sukcesach jakie osi\u0105gn\u0105\u0142 wraz ze swoimi podopiecznymi w Polsce i na \u015bwiecie, zach\u0119ca\u0142 do odkrywania pasji i zainteresowa\u0144. M\u00f3wi\u0142 r\u00f3wnie\u017c o tym, \u017ce czasami hobby mo\u017ce sta\u0107 si\u0119 wymarzon\u0105 prac\u0105 \u2013 wtedy robimy to, co lubimy, sprawia nam to przyjemno\u015b\u0107, a dodatkowo otrzymujemy za to wynagrodzenie pieni\u0119\u017cne.<\/span><\/p>\n<p><span style=\"color: #000080;\">M\u0142odzie\u017c ko\u0144cz\u0105ca szko\u0142\u0119 podstawow\u0105 stoi przed wyborem dalszej drogi edukacji, <\/span><br><span style=\"color: #000080;\">a w przysz\u0142o\u015bci tak\u017ce zawodu, jaki b\u0119dzie wykonywa\u0107. Nie jest to \u0142atwe zadanie, dlatego pan kierownik podkre\u015bla\u0142, jak wa\u017cne w tym momencie jest wsparcie i pomoc rodzic\u00f3w, nauczycieli, instruktor\u00f3w zaj\u0119\u0107 dodatkowych. M\u0142odzi ludzie powinni zna\u0107 swoje mo\u017cliwo\u015bci i ograniczenia, mocne strony, specjalne predyspozycje, talenty, bo w\u00f3wczas \u0142atwiej pokierowa\u0107 swoim \u017cyciem i wybra\u0107 w\u0142a\u015bciw\u0105 szko\u0142\u0119 \u015bredni\u0105, a p\u00f3\u017aniej prac\u0119.<\/span><\/p>\n<p><span style=\"color: #000080;\">&nbsp; &nbsp; &nbsp; &nbsp; &nbsp; &nbsp; &nbsp; &nbsp; &nbsp; &nbsp; &nbsp; &nbsp; &nbsp; &nbsp; &nbsp; &nbsp; &nbsp; &nbsp; &nbsp; &nbsp; &nbsp; &nbsp; &nbsp; &nbsp; &nbsp; &nbsp; &nbsp; &nbsp; &nbsp; &nbsp; &nbsp; &nbsp; &nbsp; &nbsp; &nbsp; &nbsp; &nbsp; &nbsp; &nbsp; &nbsp; &nbsp; &nbsp; &nbsp; &nbsp; &nbsp; &nbsp; &nbsp; &nbsp; &nbsp; &nbsp; &nbsp; &nbsp; &nbsp; &nbsp; &nbsp; &nbsp; &nbsp; Aneta Rycerz<\/span><\/p>\nngg_shortcode_0_placeholder\n","protected":false},"excerpt":{"rendered":"<p>W \u015brod\u0119 6 kwietnia uczniowie klas \u00f3smych naszej szko\u0142y mieli okazj\u0119 spotka\u0107 si\u0119 z panem Leszkiem Kryszczukiem \u2013 kierownikiem administracyjnym plac\u00f3wki, a jednocze\u015bnie pasjonatem modelarstwa. Zaj\u0119cia odbywa\u0142y si\u0119 w ramach cyklu lekcji wychowawczych zwi\u0105zanych z doradztwem zawodowym. Pan Leszek opowiada\u0142 ciekawie o swoim hobby, sukcesach jakie osi\u0105gn\u0105\u0142 wraz ze swoimi podopiecznymi w Polsce i na [&hellip;]<\/p>\n","protected":false},"author":2,"featured_media":0,"parent":5983,"menu_order":0,"comment_status":"closed","ping_status":"closed","template":"","meta":{"ngg_post_thumbnail":0,"footnotes":""},"class_list":["post-14486","page","type-page","status-publish","hentry"],"_links":{"self":[{"href":"https:\/\/sp1hrubieszow.pl\/index.php\/wp-json\/wp\/v2\/pages\/14486","targetHints":{"allow":["GET"]}}],"collection":[{"href":"https:\/\/sp1hrubieszow.pl\/index.php\/wp-json\/wp\/v2\/pages"}],"about":[{"href":"https:\/\/sp1hrubieszow.pl\/index.php\/wp-json\/wp\/v2\/types\/page"}],"author":[{"embeddable":true,"href":"https:\/\/sp1hrubieszow.pl\/index.php\/wp-json\/wp\/v2\/users\/2"}],"replies":[{"embeddable":true,"href":"https:\/\/sp1hrubieszow.pl\/index.php\/wp-json\/wp\/v2\/comments?post=14486"}],"version-history":[{"count":1,"href":"https:\/\/sp1hrubieszow.pl\/index.php\/wp-json\/wp\/v2\/pages\/14486\/revisions"}],"predecessor-version":[{"id":14487,"href":"https:\/\/sp1hrubieszow.pl\/index.php\/wp-json\/wp\/v2\/pages\/14486\/revisions\/14487"}],"up":[{"embeddable":true,"href":"https:\/\/sp1hrubieszow.pl\/index.php\/wp-json\/wp\/v2\/pages\/5983"}],"wp:attachment":[{"href":"https:\/\/sp1hrubieszow.pl\/index.php\/wp-json\/wp\/v2\/media?parent=14486"}],"curies":[{"name":"wp","href":"https:\/\/api.w.org\/{rel}","templated":true}]}}