{"id":14479,"date":"2022-04-10T15:22:19","date_gmt":"2022-04-10T13:22:19","guid":{"rendered":"https:\/\/sp1hrubieszow.pl\/?page_id=14479"},"modified":"2022-04-10T15:22:41","modified_gmt":"2022-04-10T13:22:41","slug":"konkurs-pieknego-czytania-w-jezyku-rosyjskim","status":"publish","type":"page","link":"https:\/\/sp1hrubieszow.pl\/index.php\/kronika-2020-2021\/konkurs-pieknego-czytania-w-jezyku-rosyjskim\/","title":{"rendered":"Konkurs pi\u0119knego czytania w j\u0119zyku rosyjskim"},"content":{"rendered":"\n<div class=\"cxmmr5t8 oygrvhab hcukyx3x c1et5uql o9v6fnle ii04i59q\">\n<div dir=\"auto\"><span style=\"color: #000080;\">Dnia 07.04.2022r. w Szkole Podstawowej Nr 1 im. Boles\u0142awa Prusa w Hrubieszowie, w szkolnej bibliotece odby\u0142 si\u0119 konkurs pi\u0119knego czytania w j\u0119zyku rosyjskim. Konkurs skierowany by\u0142 do uczni\u00f3w klas 7 \u2013 8. G\u0142\u00f3wne cele, kt\u00f3re przy\u015bwieca\u0142y konkursowi<\/span><\/div>\n<div dir=\"auto\"><span style=\"color: #000080;\">to rozbudzenie w\u015br\u00f3d uczni\u00f3w zainteresowania j\u0119zykiem rosyjskim, podniesienie poziomu umiej\u0119tno\u015bci j\u0119zykowych, zainteresowanie literatur\u0105 obc\u0105, rozwijanie umiej\u0119tno\u015bci czytania ze zrozumieniem w j\u0119zyku obcym i stworzenie uczniom mo\u017cliwo\u015bci prezentacji w\u0142asnych umiej\u0119tno\u015bci.<\/span><\/div>\n<\/div>\n<div class=\"cxmmr5t8 oygrvhab hcukyx3x c1et5uql o9v6fnle ii04i59q\">\n<div dir=\"auto\"><span style=\"color: #000080;\">Komisja konkursowa w sk\u0142adzie: p. Sylwia Wojak, p. Anna Czernysz i p. Agnieszka Kolano, bior\u0105c pod uwag\u0119: poprawno\u015b\u0107 wymowy, p\u0142ynno\u015b\u0107 czytania, akcentuacj\u0119, dykcj\u0119<\/span><\/div>\n<div dir=\"auto\"><span style=\"color: #000080;\">i interpretacj\u0119 tekstu, wy\u0142oni\u0142a nast\u0119puj\u0105cych laureat\u00f3w:<\/span><\/div>\n<\/div>\n<div class=\"cxmmr5t8 oygrvhab hcukyx3x c1et5uql o9v6fnle ii04i59q\">\n<div dir=\"auto\"><span style=\"color: #000080;\">I miejsce \u2013 Maciej Borz\u0119cki, kl. 7a<\/span><\/div>\n<\/div>\n<div class=\"cxmmr5t8 oygrvhab hcukyx3x c1et5uql o9v6fnle ii04i59q\">\n<div dir=\"auto\"><span style=\"color: #000080;\">II miejsce \u2013 Anna Sviderska, kl. 7c<\/span><\/div>\n<\/div>\n<div class=\"cxmmr5t8 oygrvhab hcukyx3x c1et5uql o9v6fnle ii04i59q\">\n<div dir=\"auto\"><span style=\"color: #000080;\">III miejsce Wiktoria Najfeld, kl. 8d<\/span><\/div>\n<\/div>\n<div class=\"cxmmr5t8 oygrvhab hcukyx3x c1et5uql o9v6fnle ii04i59q\">\n<div dir=\"auto\"><span style=\"color: #000080;\">Laureaci otrzymali pami\u0105tkowe dyplomy, nagrody ksi\u0105\u017ckowe i oceny celuj\u0105ce z j\u0119zyka rosyjskiego, natomiast pozostali uczestnicy otrzymaj\u0105 oceny bardzo dobre z przedmiotu.<\/span><\/div>\n<div dir=\"auto\">\nngg_shortcode_0_placeholder\n<\/div>\n<\/div>\n","protected":false},"excerpt":{"rendered":"<p>Dnia 07.04.2022r. w Szkole Podstawowej Nr 1 im. Boles\u0142awa Prusa w Hrubieszowie, w szkolnej bibliotece odby\u0142 si\u0119 konkurs pi\u0119knego czytania w j\u0119zyku rosyjskim. Konkurs skierowany by\u0142 do uczni\u00f3w klas 7 \u2013 8. G\u0142\u00f3wne cele, kt\u00f3re przy\u015bwieca\u0142y konkursowi to rozbudzenie w\u015br\u00f3d uczni\u00f3w zainteresowania j\u0119zykiem rosyjskim, podniesienie poziomu umiej\u0119tno\u015bci j\u0119zykowych, zainteresowanie literatur\u0105 obc\u0105, rozwijanie umiej\u0119tno\u015bci czytania ze [&hellip;]<\/p>\n","protected":false},"author":2,"featured_media":0,"parent":5983,"menu_order":0,"comment_status":"closed","ping_status":"closed","template":"","meta":{"ngg_post_thumbnail":0,"footnotes":""},"class_list":["post-14479","page","type-page","status-publish","hentry"],"_links":{"self":[{"href":"https:\/\/sp1hrubieszow.pl\/index.php\/wp-json\/wp\/v2\/pages\/14479","targetHints":{"allow":["GET"]}}],"collection":[{"href":"https:\/\/sp1hrubieszow.pl\/index.php\/wp-json\/wp\/v2\/pages"}],"about":[{"href":"https:\/\/sp1hrubieszow.pl\/index.php\/wp-json\/wp\/v2\/types\/page"}],"author":[{"embeddable":true,"href":"https:\/\/sp1hrubieszow.pl\/index.php\/wp-json\/wp\/v2\/users\/2"}],"replies":[{"embeddable":true,"href":"https:\/\/sp1hrubieszow.pl\/index.php\/wp-json\/wp\/v2\/comments?post=14479"}],"version-history":[{"count":1,"href":"https:\/\/sp1hrubieszow.pl\/index.php\/wp-json\/wp\/v2\/pages\/14479\/revisions"}],"predecessor-version":[{"id":14480,"href":"https:\/\/sp1hrubieszow.pl\/index.php\/wp-json\/wp\/v2\/pages\/14479\/revisions\/14480"}],"up":[{"embeddable":true,"href":"https:\/\/sp1hrubieszow.pl\/index.php\/wp-json\/wp\/v2\/pages\/5983"}],"wp:attachment":[{"href":"https:\/\/sp1hrubieszow.pl\/index.php\/wp-json\/wp\/v2\/media?parent=14479"}],"curies":[{"name":"wp","href":"https:\/\/api.w.org\/{rel}","templated":true}]}}