{"id":14422,"date":"2022-04-03T18:30:58","date_gmt":"2022-04-03T16:30:58","guid":{"rendered":"https:\/\/sp1hrubieszow.pl\/?page_id=14422"},"modified":"2022-04-03T18:31:56","modified_gmt":"2022-04-03T16:31:56","slug":"dofinansowanie-ze-srodkow-funduszu-zajec-sportowych-dla-uczniow","status":"publish","type":"page","link":"https:\/\/sp1hrubieszow.pl\/index.php\/kronika-2020-2021\/dofinansowanie-ze-srodkow-funduszu-zajec-sportowych-dla-uczniow\/","title":{"rendered":"Dofinansowanie ze \u015brodk\u00f3w Funduszu Zaj\u0119\u0107 Sportowych dla uczni\u00f3w"},"content":{"rendered":"\n<p><img loading=\"lazy\" decoding=\"async\" class=\"size-medium wp-image-14421 aligncenter\" src=\"https:\/\/sp1hrubieszow.pl\/wp-content\/uploads\/2022\/04\/plywanie-300x151.jpg\" alt=\"\" width=\"300\" height=\"151\" srcset=\"https:\/\/sp1hrubieszow.pl\/wp-content\/uploads\/2022\/04\/plywanie-300x151.jpg 300w, https:\/\/sp1hrubieszow.pl\/wp-content\/uploads\/2022\/04\/plywanie.jpg 512w\" sizes=\"auto, (max-width: 300px) 100vw, 300px\" \/><\/p>\n<div class=\"kvgmc6g5 cxmmr5t8 oygrvhab hcukyx3x c1et5uql ii04i59q\">\n<div dir=\"auto\"><span style=\"color: #000080;\">Mi\u0142o nam poinformowa\u0107, \u017ce Uczniowski Klub ,,Jedynka&#8221; otrzyma\u0142 dofinansowanie ze \u015brodk\u00f3w Funduszu Zaj\u0119\u0107 Sportowych dla uczni\u00f3w w ramach dotacji Ministerstwa Sportu i Turystyki.<\/span><\/div>\n<\/div>\n<div class=\"cxmmr5t8 oygrvhab hcukyx3x c1et5uql o9v6fnle ii04i59q\">\n<div dir=\"auto\"><span style=\"color: #000080;\">W ramach przyznanej dotacji b\u0119dzie realizowany og\u00f3lnopolski program Powszechnej Nauki P\u0142ywania ,,Umiem P\u0142ywa\u0107\u201d.<\/span><\/div>\n<div dir=\"auto\"><span style=\"color: #000080;\">Program b\u0119dzie skierowany do uczni\u00f3w naszej szko\u0142y dla klas I-III.<\/span><\/div>\n<\/div>\n<div class=\"cxmmr5t8 oygrvhab hcukyx3x c1et5uql o9v6fnle ii04i59q\">\n<div dir=\"auto\"><span style=\"color: #000080;\">Ca\u0142kowita kwota zadania to 24 300z\u0142.<\/span><\/div>\n<\/div>\n","protected":false},"excerpt":{"rendered":"<p>Mi\u0142o nam poinformowa\u0107, \u017ce Uczniowski Klub ,,Jedynka&#8221; otrzyma\u0142 dofinansowanie ze \u015brodk\u00f3w Funduszu Zaj\u0119\u0107 Sportowych dla uczni\u00f3w w ramach dotacji Ministerstwa Sportu i Turystyki. W ramach przyznanej dotacji b\u0119dzie realizowany og\u00f3lnopolski program Powszechnej Nauki P\u0142ywania ,,Umiem P\u0142ywa\u0107\u201d. Program b\u0119dzie skierowany do uczni\u00f3w naszej szko\u0142y dla klas I-III. Ca\u0142kowita kwota zadania to 24 300z\u0142.<\/p>\n","protected":false},"author":2,"featured_media":0,"parent":5983,"menu_order":0,"comment_status":"closed","ping_status":"closed","template":"","meta":{"ngg_post_thumbnail":0,"footnotes":""},"class_list":["post-14422","page","type-page","status-publish","hentry"],"_links":{"self":[{"href":"https:\/\/sp1hrubieszow.pl\/index.php\/wp-json\/wp\/v2\/pages\/14422","targetHints":{"allow":["GET"]}}],"collection":[{"href":"https:\/\/sp1hrubieszow.pl\/index.php\/wp-json\/wp\/v2\/pages"}],"about":[{"href":"https:\/\/sp1hrubieszow.pl\/index.php\/wp-json\/wp\/v2\/types\/page"}],"author":[{"embeddable":true,"href":"https:\/\/sp1hrubieszow.pl\/index.php\/wp-json\/wp\/v2\/users\/2"}],"replies":[{"embeddable":true,"href":"https:\/\/sp1hrubieszow.pl\/index.php\/wp-json\/wp\/v2\/comments?post=14422"}],"version-history":[{"count":2,"href":"https:\/\/sp1hrubieszow.pl\/index.php\/wp-json\/wp\/v2\/pages\/14422\/revisions"}],"predecessor-version":[{"id":14424,"href":"https:\/\/sp1hrubieszow.pl\/index.php\/wp-json\/wp\/v2\/pages\/14422\/revisions\/14424"}],"up":[{"embeddable":true,"href":"https:\/\/sp1hrubieszow.pl\/index.php\/wp-json\/wp\/v2\/pages\/5983"}],"wp:attachment":[{"href":"https:\/\/sp1hrubieszow.pl\/index.php\/wp-json\/wp\/v2\/media?parent=14422"}],"curies":[{"name":"wp","href":"https:\/\/api.w.org\/{rel}","templated":true}]}}