{"id":14412,"date":"2022-03-24T16:50:28","date_gmt":"2022-03-24T15:50:28","guid":{"rendered":"https:\/\/sp1hrubieszow.pl\/?page_id=14412"},"modified":"2022-03-24T16:51:30","modified_gmt":"2022-03-24T15:51:30","slug":"zarzadzam-zespolem-czyli-o-pracy-menadzera","status":"publish","type":"page","link":"https:\/\/sp1hrubieszow.pl\/index.php\/kronika-2020-2021\/zarzadzam-zespolem-czyli-o-pracy-menadzera\/","title":{"rendered":"ZARZ\u0104DZAM ZESPO\u0141EM, CZYLI O PRACY MENAD\u017bERA"},"content":{"rendered":"\n<p><span style=\"color: #000080;\">Zapraszam na &nbsp;kolejny&nbsp; Zawodowy Stream (bezp\u0142atnie i bez rejestracji) <strong><u>30.03.3022r godzinie 18.00 <\/u><\/strong><a style=\"color: #000080;\" href=\"https:\/\/www.youtube.com\/watch?v=h4n3R1uZP0E\">www.youtube.com\/watch?v=h4n3R1uZP0E<\/a><\/span><\/p>\n<p><span style=\"color: #000080;\">Czujesz w sobie \u017cy\u0142k\u0119 lidera? Lubisz koordynowa\u0107 projekty, tworzy\u0107 strategie, delegowa\u0107 zadania i motywowa\u0107 innych do dzia\u0142ania? Chcesz w przysz\u0142o\u015bci zarz\u0105dza\u0107 lud\u017ami i bra\u0107 odpowiedzialno\u015b\u0107 za osi\u0105gane przez zesp\u00f3\u0142 rezultaty?<\/span><\/p>\n<p><span style=\"color: #000080;\">Je\u017celi odpowiedzia\u0142a\u015b\/e\u015b TAK na powy\u017csze pytania, kariera w zarz\u0105dzaniu mo\u017ce by\u0107 dla Ciebie! Aby dowiedzie\u0107 si\u0119, jak zosta\u0107 mened\u017cerem, wpadnij na kolejny Zawodowy Stream<\/span><\/p>\n<p><span style=\"color: #000080;\">O swoich do\u015bwiadczeniach opowiedz\u0105:<\/span><\/p>\n<p><span style=\"color: #000080;\">Paulina Zdanowska-Adamczyk, Head of Partner Operations w Miinto . Pasjonatka zarz\u0105dzania zespo\u0142ami i procesami, od 2019 roku zajmuje si\u0119 budowaniem elastycznych i zmotywowanych zespo\u0142\u00f3w operacyjnych w bran\u017cy ecommerce. Prywatnie \u017cona i mama najcudowniejszych czteroletnich bli\u017aniak\u00f3w.<\/span><\/p>\n<p><span style=\"color: #000080;\">Przemys\u0142aw \u0141aci\u0144ski, Kierownik Dzia\u0142u Post\u0119powa\u0144 Zakupowych w GAZ-SYSTEM S.A Ekspert w obszarze zarz\u0105dzania zakupami i Prawa zam\u00f3wie\u0144 publicznych, od kilkunastu lat zwi\u0105zany z bran\u017c\u0105 energetyczn\u0105. Uczestniczy\u0142 w szeregu projekt\u00f3w zakupowych: budowy gazoci\u0105gu Baltic Pipe, Korytarza P\u00f3\u0142noc-Po\u0142udnie czy obecnie Terminala LNG typu FSRU (z ang. Floating Storage Regasification Unit).<\/span><\/p>\n<p><span style=\"color: #000080;\">Wywiad poprowadzi Klaudia Stano z Mapy Karier.<\/span><\/p>\n<p><span style=\"color: #000080;\">O czym b\u0119dzie rozmowa?<\/span><br><span style=\"color: #000080;\">Jak zosta\u0107 mened\u017cerem? Co si\u0119 liczy bardziej: edukacja czy do\u015bwiadczenie?<\/span><br><span style=\"color: #000080;\">Jak wygl\u0105da typowy dzie\u0144 pracy mened\u017cera? Czy to tylko delegowanie zada\u0144 i spotkania?<\/span><br><span style=\"color: #000080;\">Czym r\u00f3\u017cni si\u0119 praca lider\u00f3w zespo\u0142u na r\u00f3\u017cnych szczeblach organizacji, a jak w zale\u017cno\u015bci od bran\u017cy?<\/span><br><span style=\"color: #000080;\">Czy z talentem przyw\u00f3dczym trzeba si\u0119 urodzi\u0107 czy mo\u017cna si\u0119 tego nauczy\u0107?<\/span><br><span style=\"color: #000080;\">Przed jakimi wyzwaniami staj\u0105 osoby zarz\u0105dzaj\u0105ce zespo\u0142em i jak radz\u0105 sobie z kryzysami?<\/span><\/p>\n<p style=\"text-align: right;\"><span style=\"color: #000080;\">ZAPRASZAM<\/span><\/p>\n<p style=\"text-align: right;\"><span style=\"color: #000080;\">Arleta Kowalska<\/span><\/p>\n<p>&nbsp;<\/p>\n","protected":false},"excerpt":{"rendered":"<p>Zapraszam na &nbsp;kolejny&nbsp; Zawodowy Stream (bezp\u0142atnie i bez rejestracji) 30.03.3022r godzinie 18.00 www.youtube.com\/watch?v=h4n3R1uZP0E Czujesz w sobie \u017cy\u0142k\u0119 lidera? Lubisz koordynowa\u0107 projekty, tworzy\u0107 strategie, delegowa\u0107 zadania i motywowa\u0107 innych do dzia\u0142ania? Chcesz w przysz\u0142o\u015bci zarz\u0105dza\u0107 lud\u017ami i bra\u0107 odpowiedzialno\u015b\u0107 za osi\u0105gane przez zesp\u00f3\u0142 rezultaty? Je\u017celi odpowiedzia\u0142a\u015b\/e\u015b TAK na powy\u017csze pytania, kariera w zarz\u0105dzaniu mo\u017ce by\u0107 dla [&hellip;]<\/p>\n","protected":false},"author":2,"featured_media":0,"parent":5983,"menu_order":0,"comment_status":"closed","ping_status":"closed","template":"","meta":{"ngg_post_thumbnail":0,"footnotes":""},"class_list":["post-14412","page","type-page","status-publish","hentry"],"_links":{"self":[{"href":"https:\/\/sp1hrubieszow.pl\/index.php\/wp-json\/wp\/v2\/pages\/14412","targetHints":{"allow":["GET"]}}],"collection":[{"href":"https:\/\/sp1hrubieszow.pl\/index.php\/wp-json\/wp\/v2\/pages"}],"about":[{"href":"https:\/\/sp1hrubieszow.pl\/index.php\/wp-json\/wp\/v2\/types\/page"}],"author":[{"embeddable":true,"href":"https:\/\/sp1hrubieszow.pl\/index.php\/wp-json\/wp\/v2\/users\/2"}],"replies":[{"embeddable":true,"href":"https:\/\/sp1hrubieszow.pl\/index.php\/wp-json\/wp\/v2\/comments?post=14412"}],"version-history":[{"count":1,"href":"https:\/\/sp1hrubieszow.pl\/index.php\/wp-json\/wp\/v2\/pages\/14412\/revisions"}],"predecessor-version":[{"id":14413,"href":"https:\/\/sp1hrubieszow.pl\/index.php\/wp-json\/wp\/v2\/pages\/14412\/revisions\/14413"}],"up":[{"embeddable":true,"href":"https:\/\/sp1hrubieszow.pl\/index.php\/wp-json\/wp\/v2\/pages\/5983"}],"wp:attachment":[{"href":"https:\/\/sp1hrubieszow.pl\/index.php\/wp-json\/wp\/v2\/media?parent=14412"}],"curies":[{"name":"wp","href":"https:\/\/api.w.org\/{rel}","templated":true}]}}