{"id":14397,"date":"2022-03-21T17:53:14","date_gmt":"2022-03-21T16:53:14","guid":{"rendered":"https:\/\/sp1hrubieszow.pl\/?page_id=14397"},"modified":"2022-03-21T17:53:48","modified_gmt":"2022-03-21T16:53:48","slug":"pierwszy-dzien-wiosny","status":"publish","type":"page","link":"https:\/\/sp1hrubieszow.pl\/index.php\/kronika-2020-2021\/pierwszy-dzien-wiosny\/","title":{"rendered":"Pierwszy Dzie\u0144 Wiosny"},"content":{"rendered":"\n<p><span style=\"color: #000080;\">Dzi\u015b uczniowie naszej szko\u0142y w zabawnej atmosferze witali Pierwszy Dzie\u0144 Wiosny. Na t\u0105 okazj\u0119 zosta\u0142a przygotowana ciekawa gazetka szkolna oraz galeria plastyczna, pt. &#8222;Moje nadzieje zwi\u0105zane z nadchodz\u0105c\u0105 wiosn\u0105&#8221;. Uczennice klasy 8b przygotowa\u0142y i przeprowadzi\u0142y Loterie fantow\u0105, kt\u00f3ra cieszy\u0142a si\u0119 wielkim powodzeniem w\u015br\u00f3d najm\u0142odszych. Celem Loterii by\u0142o zebranie Kinder- niespodzianek dla dzieci z Ukrainy.(Akcja zostanie powt\u00f3rzona 01.04.2022). Niekt\u00f3rzy uczniowie i nauczyciele wykazali si\u0119 niezwyk\u0142\u0105 kreatywno\u015bci\u0105 i przynie\u015bli swoje rzeczy w czym\u015b &#8222;innym&#8221; ni\u017c plecak. Ch\u0119tni uczniowie z klas starszych wcielili si\u0119 w rol\u0119 nauczycieli i przeprowadzili niecodzienne lekcje w m\u0142odszych klasach. Uczniowie klasy 4c pracowali w bibliotece szkolnej. Ucze\u0144 klasy 8d zainspirowa\u0142 swoich r\u00f3wie\u015bnik\u00f3w kursem j\u0119zyka angielskiego online i pokaza\u0142 jak korzysta z &#8222;The point&#8221;. Klasa 5c pozna\u0142a zwyczaje zwi\u0105zane z odp\u0119dzeniem zimy i wykona\u0142a Eco- Marzann\u0119 z produkt\u00f3w z recyklingu. Mamy nadziej\u0119, \u017ce godnie przywitali\u015bmy wiosn\u0119 i zago\u015bci ona u nas na dobre.<\/span><\/p>\nngg_shortcode_0_placeholder\n","protected":false},"excerpt":{"rendered":"<p>Dzi\u015b uczniowie naszej szko\u0142y w zabawnej atmosferze witali Pierwszy Dzie\u0144 Wiosny. Na t\u0105 okazj\u0119 zosta\u0142a przygotowana ciekawa gazetka szkolna oraz galeria plastyczna, pt. &#8222;Moje nadzieje zwi\u0105zane z nadchodz\u0105c\u0105 wiosn\u0105&#8221;. Uczennice klasy 8b przygotowa\u0142y i przeprowadzi\u0142y Loterie fantow\u0105, kt\u00f3ra cieszy\u0142a si\u0119 wielkim powodzeniem w\u015br\u00f3d najm\u0142odszych. Celem Loterii by\u0142o zebranie Kinder- niespodzianek dla dzieci z Ukrainy.(Akcja zostanie [&hellip;]<\/p>\n","protected":false},"author":2,"featured_media":0,"parent":5983,"menu_order":0,"comment_status":"closed","ping_status":"closed","template":"","meta":{"ngg_post_thumbnail":0,"footnotes":""},"class_list":["post-14397","page","type-page","status-publish","hentry"],"_links":{"self":[{"href":"https:\/\/sp1hrubieszow.pl\/index.php\/wp-json\/wp\/v2\/pages\/14397","targetHints":{"allow":["GET"]}}],"collection":[{"href":"https:\/\/sp1hrubieszow.pl\/index.php\/wp-json\/wp\/v2\/pages"}],"about":[{"href":"https:\/\/sp1hrubieszow.pl\/index.php\/wp-json\/wp\/v2\/types\/page"}],"author":[{"embeddable":true,"href":"https:\/\/sp1hrubieszow.pl\/index.php\/wp-json\/wp\/v2\/users\/2"}],"replies":[{"embeddable":true,"href":"https:\/\/sp1hrubieszow.pl\/index.php\/wp-json\/wp\/v2\/comments?post=14397"}],"version-history":[{"count":1,"href":"https:\/\/sp1hrubieszow.pl\/index.php\/wp-json\/wp\/v2\/pages\/14397\/revisions"}],"predecessor-version":[{"id":14398,"href":"https:\/\/sp1hrubieszow.pl\/index.php\/wp-json\/wp\/v2\/pages\/14397\/revisions\/14398"}],"up":[{"embeddable":true,"href":"https:\/\/sp1hrubieszow.pl\/index.php\/wp-json\/wp\/v2\/pages\/5983"}],"wp:attachment":[{"href":"https:\/\/sp1hrubieszow.pl\/index.php\/wp-json\/wp\/v2\/media?parent=14397"}],"curies":[{"name":"wp","href":"https:\/\/api.w.org\/{rel}","templated":true}]}}