{"id":14372,"date":"2022-03-21T17:46:07","date_gmt":"2022-03-21T16:46:07","guid":{"rendered":"https:\/\/sp1hrubieszow.pl\/?page_id=14372"},"modified":"2022-03-21T17:46:36","modified_gmt":"2022-03-21T16:46:36","slug":"wiosna-w-klasie-1a","status":"publish","type":"page","link":"https:\/\/sp1hrubieszow.pl\/index.php\/kronika-2020-2021\/wiosna-w-klasie-1a\/","title":{"rendered":"Wiosna w klasie 1a"},"content":{"rendered":"\n<p><span style=\"color: #000080;\">W klasie 1 a z okazji pierwszego dnia wiosny poszukiwali\u015bmy jej oznak wraz z pani\u0105 Aleksandr\u0105 Kopczy\u0144sk\u0105. Wyznaczali\u015bmy trasy ozobotom stosuj\u0105c nowe kody. Ma\u0142e roboty wykonywa\u0142y polecenia tych, kt\u00f3rzy s\u0142uchali uwa\u017cnie opowie\u015bci pani Oli. Potem odby\u0142y si\u0119 zaj\u0119cia z Kreatywno\u015bci, podczas kt\u00f3rych musieli\u015bmy si\u0119 wykaza\u0107 du\u017c\u0105 spostrzegawczo\u015bci\u0105. Pani Ola przygotowa\u0142a dla nas r\u00f3\u017cne wyzwania. To by\u0142a pouczaj\u0105ca rozrywka. Nie mo\u017cemy si\u0119 ju\u017c doczeka\u0107 nast\u0119pnego spotkania.<span class=\"pq6dq46d tbxw36s4 knj5qynh kvgmc6g5 ditlmg2l oygrvhab nvdbi5me sf5mxxl7 gl3lb2sf hhz5lgdu\"><img loading=\"lazy\" decoding=\"async\" src=\"https:\/\/static.xx.fbcdn.net\/images\/emoji.php\/v9\/t1a\/1\/16\/1f3f5.png\" alt=\"?\ufe0f\" width=\"16\" height=\"16\"><\/span><span class=\"pq6dq46d tbxw36s4 knj5qynh kvgmc6g5 ditlmg2l oygrvhab nvdbi5me sf5mxxl7 gl3lb2sf hhz5lgdu\"><img loading=\"lazy\" decoding=\"async\" src=\"https:\/\/static.xx.fbcdn.net\/images\/emoji.php\/v9\/t9b\/1\/16\/1f33c.png\" alt=\"?\" width=\"16\" height=\"16\"><\/span><span class=\"pq6dq46d tbxw36s4 knj5qynh kvgmc6g5 ditlmg2l oygrvhab nvdbi5me sf5mxxl7 gl3lb2sf hhz5lgdu\"><img loading=\"lazy\" decoding=\"async\" src=\"https:\/\/static.xx.fbcdn.net\/images\/emoji.php\/v9\/tf0\/1\/16\/1f338.png\" alt=\"?\" width=\"16\" height=\"16\"><\/span><span class=\"pq6dq46d tbxw36s4 knj5qynh kvgmc6g5 ditlmg2l oygrvhab nvdbi5me sf5mxxl7 gl3lb2sf hhz5lgdu\"><img loading=\"lazy\" decoding=\"async\" src=\"https:\/\/static.xx.fbcdn.net\/images\/emoji.php\/v9\/t71\/1\/16\/1f339.png\" alt=\"?\" width=\"16\" height=\"16\"><\/span><\/span><\/p>\nngg_shortcode_0_placeholder\n","protected":false},"excerpt":{"rendered":"<p>W klasie 1 a z okazji pierwszego dnia wiosny poszukiwali\u015bmy jej oznak wraz z pani\u0105 Aleksandr\u0105 Kopczy\u0144sk\u0105. Wyznaczali\u015bmy trasy ozobotom stosuj\u0105c nowe kody. Ma\u0142e roboty wykonywa\u0142y polecenia tych, kt\u00f3rzy s\u0142uchali uwa\u017cnie opowie\u015bci pani Oli. Potem odby\u0142y si\u0119 zaj\u0119cia z Kreatywno\u015bci, podczas kt\u00f3rych musieli\u015bmy si\u0119 wykaza\u0107 du\u017c\u0105 spostrzegawczo\u015bci\u0105. Pani Ola przygotowa\u0142a dla nas r\u00f3\u017cne wyzwania. To [&hellip;]<\/p>\n","protected":false},"author":2,"featured_media":0,"parent":5983,"menu_order":0,"comment_status":"closed","ping_status":"closed","template":"","meta":{"ngg_post_thumbnail":0,"footnotes":""},"class_list":["post-14372","page","type-page","status-publish","hentry"],"_links":{"self":[{"href":"https:\/\/sp1hrubieszow.pl\/index.php\/wp-json\/wp\/v2\/pages\/14372","targetHints":{"allow":["GET"]}}],"collection":[{"href":"https:\/\/sp1hrubieszow.pl\/index.php\/wp-json\/wp\/v2\/pages"}],"about":[{"href":"https:\/\/sp1hrubieszow.pl\/index.php\/wp-json\/wp\/v2\/types\/page"}],"author":[{"embeddable":true,"href":"https:\/\/sp1hrubieszow.pl\/index.php\/wp-json\/wp\/v2\/users\/2"}],"replies":[{"embeddable":true,"href":"https:\/\/sp1hrubieszow.pl\/index.php\/wp-json\/wp\/v2\/comments?post=14372"}],"version-history":[{"count":1,"href":"https:\/\/sp1hrubieszow.pl\/index.php\/wp-json\/wp\/v2\/pages\/14372\/revisions"}],"predecessor-version":[{"id":14373,"href":"https:\/\/sp1hrubieszow.pl\/index.php\/wp-json\/wp\/v2\/pages\/14372\/revisions\/14373"}],"up":[{"embeddable":true,"href":"https:\/\/sp1hrubieszow.pl\/index.php\/wp-json\/wp\/v2\/pages\/5983"}],"wp:attachment":[{"href":"https:\/\/sp1hrubieszow.pl\/index.php\/wp-json\/wp\/v2\/media?parent=14372"}],"curies":[{"name":"wp","href":"https:\/\/api.w.org\/{rel}","templated":true}]}}