{"id":14346,"date":"2022-03-21T11:52:15","date_gmt":"2022-03-21T10:52:15","guid":{"rendered":"https:\/\/sp1hrubieszow.pl\/?page_id=14346"},"modified":"2022-03-21T11:52:45","modified_gmt":"2022-03-21T10:52:45","slug":"regulamin-konkursu-poetyckiego","status":"publish","type":"page","link":"https:\/\/sp1hrubieszow.pl\/index.php\/kronika-2020-2021\/regulamin-konkursu-poetyckiego\/","title":{"rendered":"REGULAMIN KONKURSU POETYCKIEGO"},"content":{"rendered":"\n<p>\u201e<strong>Na wiosn\u0119 baw si\u0119 z nami polskimi s\u0142owami\u201d<\/strong><\/p>\n\n\n\n<p align=\"JUSTIFY\"><span style=\"color: #000080;\"><span style=\"font-family: Times New Roman, serif;\"><span style=\"font-size: medium;\">I Organizator:<\/span><\/span><\/span><\/p>\n<p align=\"JUSTIFY\"><span style=\"font-family: 'Times New Roman', serif; color: #000080;\"><span style=\"font-size: medium;\">Biblioteka szkolna Szko\u0142y Podstawowej nr 1 im. Boles\u0142awa Prusa w Hrubieszowie.<\/span><\/span><\/p>\n<p align=\"JUSTIFY\"><span style=\"color: #000080;\"><span style=\"font-family: Times New Roman, serif;\"><span style=\"font-size: medium;\">II Cele konkursu:<\/span><\/span><\/span><\/p>\n<ul>\n<li>\n<p align=\"JUSTIFY\"><span style=\"font-family: 'Times New Roman', serif; color: #000080;\"><span style=\"font-size: medium;\">rozwijanie kreatywno\u015bci j\u0119zykowej dzieci,<\/span><\/span><\/p>\n<\/li>\n<li>\n<p align=\"JUSTIFY\"><span style=\"font-family: 'Times New Roman', serif; color: #000080;\"><span style=\"font-size: medium;\">rozwijanie wra\u017cliwo\u015bci i aktywno\u015bci tw\u00f3rczej w dziedzinie poezji,<\/span><\/span><\/p>\n<\/li>\n<li>\n<p align=\"JUSTIFY\"><span style=\"font-family: 'Times New Roman', serif; color: #000080;\"><span style=\"font-size: medium;\">odkrywanie talent\u00f3w literackich,<\/span><\/span><\/p>\n<\/li>\n<li>\n<p><span style=\"font-family: 'Times New Roman', serif; color: #000080;\"><span style=\"font-size: medium;\">rozbudzanie wyobra\u017ani i poczucia estetyki u dzieci,<\/span><\/span><\/p>\n<\/li>\n<\/ul>\n<p align=\"JUSTIFY\"><span style=\"color: #000080;\"><span style=\"font-family: Times New Roman, serif;\"><span style=\"font-size: medium;\">III Za\u0142o\u017cenia og\u00f3lne i zasady konkursu:<\/span><\/span><\/span><\/p>\n<p align=\"JUSTIFY\"><span style=\"font-family: 'Times New Roman', serif; color: #000080;\"><span style=\"font-size: medium;\">Konkurs skierowany jest do dzieci z kl. 4-8 Szko\u0142y Podstawowej nr 1 im. Boles\u0142awa Prusa w&nbsp;Hrubieszowie. Zadaniem uczestnik\u00f3w jest przes\u0142anie autorskiego wiersza dowolnego rodzaju (zwany dalej utworem) o dowolnej d\u0142ugo\u015bci. Koniecznym warunkiem jest wykorzystanie trzech s\u0142\u00f3w: S\u0141O\u0143CE, NADZIEJA, LI\u015aCIE. S\u0142owa mog\u0105 by\u0107 odmieniane przez osoby, liczby, przypadki. Ka\u017cdy uczestnik konkursu mo\u017ce dostarczy\u0107 tylko jedn\u0105 prac\u0119.<\/span><\/span><\/p>\n<p align=\"JUSTIFY\"><span style=\"font-family: 'Times New Roman', serif; color: #000080;\"><span style=\"font-size: medium;\">Wys\u0142anie utworu na konkurs jest r\u00f3wnoznaczne z akceptacj\u0105 regulaminu oraz wyra\u017ceniem zgody na opublikowanie pracy na profilu Facebook i stronie internetowej szko\u0142y. Utw\u00f3r nie mo\u017ce by\u0107 wcze\u015bniej publikowany ani nagradzany.<\/span><\/span><\/p>\n<p align=\"JUSTIFY\"><span style=\"color: #000080;\"><span style=\"font-family: Times New Roman, serif;\"><span style=\"font-size: medium;\">IV Terminy i ocena:<\/span><\/span><\/span><\/p>\n<p align=\"JUSTIFY\"><span style=\"color: #000080;\"><span style=\"font-family: Times New Roman, serif;\"><span style=\"font-size: medium;\">Prace konkursowe nale\u017cy przes\u0142a\u0107 do dnia <\/span><\/span><span style=\"font-family: Times New Roman, serif;\"><span style=\"font-size: medium;\"><b>21 kwietnia 2022r.<\/b><\/span><\/span><b> <\/b><span style=\"font-family: Times New Roman, serif;\"><span style=\"font-size: medium;\">na adres: <\/span><\/span><a style=\"color: #000080;\" href=\"mailto:nauczyciel.bibliotekarz1@gmail.com\"><span style=\"font-family: Times New Roman, serif;\"><span style=\"font-size: medium;\"><b>nauczyciel.bibliotekarz1@gmail.com<\/b><\/span><\/span><\/a><\/span><\/p>\n<p align=\"JUSTIFY\"><span style=\"color: #000080;\"><span style=\"font-family: Times New Roman, serif;\"><span style=\"font-size: medium;\">Utw\u00f3r nale\u017cy umie\u015bci\u0107 w tre\u015bci maila (nie w za\u0142\u0105czniku) wraz w tytu\u0142em, imieniem i&nbsp;nazwiskiem oraz klas\u0105. <\/span><\/span><span style=\"font-family: Times New Roman, serif;\"><span style=\"font-size: medium;\">Jury powo\u0142ane przez organizatora wybierze 3 najciekawsze prace, kt\u00f3re zostan\u0105 nagrodzone i opublikowane.<\/span><\/span><\/span><\/p>\n<p align=\"JUSTIFY\"><span style=\"color: #000080;\"><span style=\"font-family: Times New Roman, serif;\"><span style=\"font-size: medium;\">Rozstrzygni\u0119cie konkursu nast\u0105pi <\/span><\/span><span style=\"font-family: Times New Roman, serif;\"><span style=\"font-size: medium;\"><b>22 kwietnia 2022r<\/b><\/span><\/span><span style=\"font-family: Times New Roman, serif;\"><span style=\"font-size: medium;\">. Wyniki zostan\u0105 umieszczone na stronie internetowej i facebooku szko\u0142y. <\/span><\/span><\/span><\/p>\n<p align=\"JUSTIFY\"><span style=\"color: #000080;\"><span style=\"font-family: Times New Roman, serif;\"><span style=\"font-size: medium;\">V Kryteria oceny:<\/span><\/span><\/span><\/p>\n<ul>\n<li>\n<p align=\"JUSTIFY\"><span style=\"font-family: 'Times New Roman', serif; color: #000080;\"><span style=\"font-size: medium;\">zgodno\u015b\u0107 z tematem,<\/span><\/span><\/p>\n<\/li>\n<li>\n<p align=\"JUSTIFY\"><span style=\"font-family: 'Times New Roman', serif; color: #000080;\"><span style=\"font-size: medium;\">pomys\u0142owo\u015b\u0107,<\/span><\/span><\/p>\n<\/li>\n<li>\n<p align=\"JUSTIFY\"><span style=\"font-family: 'Times New Roman', serif; color: #000080;\"><span style=\"font-size: medium;\">poprawno\u015b\u0107 j\u0119zykowa,<\/span><\/span><\/p>\n<\/li>\n<li>\n<p align=\"JUSTIFY\"><span style=\"font-family: 'Times New Roman', serif; color: #000080;\"> <span style=\"font-size: medium;\">og\u00f3lne wra\u017cenie artystyczne.<\/span><\/span><\/p>\n<\/li>\n<li>\n<div style=\"width: 625px;\" class=\"wp-video\"><video class=\"wp-video-shortcode\" id=\"video-14346-1\" width=\"625\" height=\"884\" preload=\"metadata\" controls=\"controls\"><source type=\"video\/mp4\" src=\"https:\/\/sp1hrubieszow.pl\/wp-content\/uploads\/2022\/03\/21-marca-Miedzynarodowy-Dzien-Poezji.mp4?_=1\" \/><a href=\"https:\/\/sp1hrubieszow.pl\/wp-content\/uploads\/2022\/03\/21-marca-Miedzynarodowy-Dzien-Poezji.mp4\">https:\/\/sp1hrubieszow.pl\/wp-content\/uploads\/2022\/03\/21-marca-Miedzynarodowy-Dzien-Poezji.mp4<\/a><\/video><\/div>\n<\/li>\n<\/ul>\n","protected":false},"excerpt":{"rendered":"<p>\u201eNa wiosn\u0119 baw si\u0119 z nami polskimi s\u0142owami\u201d I Organizator: Biblioteka szkolna Szko\u0142y Podstawowej nr 1 im. Boles\u0142awa Prusa w Hrubieszowie. II Cele konkursu: rozwijanie kreatywno\u015bci j\u0119zykowej dzieci, rozwijanie wra\u017cliwo\u015bci i aktywno\u015bci tw\u00f3rczej w dziedzinie poezji, odkrywanie talent\u00f3w literackich, rozbudzanie wyobra\u017ani i poczucia estetyki u dzieci, III Za\u0142o\u017cenia og\u00f3lne i zasady konkursu: Konkurs skierowany jest [&hellip;]<\/p>\n","protected":false},"author":2,"featured_media":0,"parent":5983,"menu_order":0,"comment_status":"closed","ping_status":"closed","template":"","meta":{"ngg_post_thumbnail":0,"footnotes":""},"class_list":["post-14346","page","type-page","status-publish","hentry"],"_links":{"self":[{"href":"https:\/\/sp1hrubieszow.pl\/index.php\/wp-json\/wp\/v2\/pages\/14346","targetHints":{"allow":["GET"]}}],"collection":[{"href":"https:\/\/sp1hrubieszow.pl\/index.php\/wp-json\/wp\/v2\/pages"}],"about":[{"href":"https:\/\/sp1hrubieszow.pl\/index.php\/wp-json\/wp\/v2\/types\/page"}],"author":[{"embeddable":true,"href":"https:\/\/sp1hrubieszow.pl\/index.php\/wp-json\/wp\/v2\/users\/2"}],"replies":[{"embeddable":true,"href":"https:\/\/sp1hrubieszow.pl\/index.php\/wp-json\/wp\/v2\/comments?post=14346"}],"version-history":[{"count":1,"href":"https:\/\/sp1hrubieszow.pl\/index.php\/wp-json\/wp\/v2\/pages\/14346\/revisions"}],"predecessor-version":[{"id":14347,"href":"https:\/\/sp1hrubieszow.pl\/index.php\/wp-json\/wp\/v2\/pages\/14346\/revisions\/14347"}],"up":[{"embeddable":true,"href":"https:\/\/sp1hrubieszow.pl\/index.php\/wp-json\/wp\/v2\/pages\/5983"}],"wp:attachment":[{"href":"https:\/\/sp1hrubieszow.pl\/index.php\/wp-json\/wp\/v2\/media?parent=14346"}],"curies":[{"name":"wp","href":"https:\/\/api.w.org\/{rel}","templated":true}]}}