{"id":14317,"date":"2022-03-20T15:25:46","date_gmt":"2022-03-20T14:25:46","guid":{"rendered":"https:\/\/sp1hrubieszow.pl\/?page_id=14317"},"modified":"2022-03-21T10:16:58","modified_gmt":"2022-03-21T09:16:58","slug":"powitanie-wiosny-2","status":"publish","type":"page","link":"https:\/\/sp1hrubieszow.pl\/index.php\/kronika-2020-2021\/powitanie-wiosny-2\/","title":{"rendered":"POWITANIE WIOSNY"},"content":{"rendered":"\n<p><span style=\"color: #000080;\">18 marca 2022r. z okazji zbli\u017caj\u0105cego si\u0119 Pierwszego Dnia Wiosny, przedstawiciele Ma\u0142ego Samorz\u0105du Uczniowskiego pod kierunkiem pa\u0144: Moniki Korneluk, Agnieszki Kolano i Katarzyny Sztuk przygotowali inscenizacj\u0119 s\u0142owno-muzyczn\u0105 pt .&#8221; Wiosenne porz\u0105dki&#8221;.<\/span><\/p>\n<p><span style=\"color: #000080;\">Serdeczne podzi\u0119kowania nale\u017c\u0105 si\u0119 rodzicom, kt\u00f3rzy wykonali pi\u0119kne stroje dla ma\u0142ych artyst\u00f3w oraz pani Arlecie Kowalskiej i pani Ewie Filipowicz-Sidorczuk za pomoc w dekorowaniu sceny.<\/span><\/p>\n<div style=\"width: 240px;\" class=\"wp-video\"><video class=\"wp-video-shortcode\" id=\"video-14317-1\" width=\"240\" height=\"320\" preload=\"metadata\" controls=\"controls\"><source type=\"video\/mp4\" src=\"https:\/\/sp1hrubieszow.pl\/wp-content\/uploads\/2022\/03\/VID20220318134416_x264_001_1.mp4?_=1\" \/><a href=\"https:\/\/sp1hrubieszow.pl\/wp-content\/uploads\/2022\/03\/VID20220318134416_x264_001_1.mp4\">https:\/\/sp1hrubieszow.pl\/wp-content\/uploads\/2022\/03\/VID20220318134416_x264_001_1.mp4<\/a><\/video><\/div>\nngg_shortcode_0_placeholder\n","protected":false},"excerpt":{"rendered":"<p>18 marca 2022r. z okazji zbli\u017caj\u0105cego si\u0119 Pierwszego Dnia Wiosny, przedstawiciele Ma\u0142ego Samorz\u0105du Uczniowskiego pod kierunkiem pa\u0144: Moniki Korneluk, Agnieszki Kolano i Katarzyny Sztuk przygotowali inscenizacj\u0119 s\u0142owno-muzyczn\u0105 pt .&#8221; Wiosenne porz\u0105dki&#8221;. Serdeczne podzi\u0119kowania nale\u017c\u0105 si\u0119 rodzicom, kt\u00f3rzy wykonali pi\u0119kne stroje dla ma\u0142ych artyst\u00f3w oraz pani Arlecie Kowalskiej i pani Ewie Filipowicz-Sidorczuk za pomoc w dekorowaniu [&hellip;]<\/p>\n","protected":false},"author":2,"featured_media":0,"parent":5983,"menu_order":0,"comment_status":"closed","ping_status":"closed","template":"","meta":{"ngg_post_thumbnail":0,"footnotes":""},"class_list":["post-14317","page","type-page","status-publish","hentry"],"_links":{"self":[{"href":"https:\/\/sp1hrubieszow.pl\/index.php\/wp-json\/wp\/v2\/pages\/14317","targetHints":{"allow":["GET"]}}],"collection":[{"href":"https:\/\/sp1hrubieszow.pl\/index.php\/wp-json\/wp\/v2\/pages"}],"about":[{"href":"https:\/\/sp1hrubieszow.pl\/index.php\/wp-json\/wp\/v2\/types\/page"}],"author":[{"embeddable":true,"href":"https:\/\/sp1hrubieszow.pl\/index.php\/wp-json\/wp\/v2\/users\/2"}],"replies":[{"embeddable":true,"href":"https:\/\/sp1hrubieszow.pl\/index.php\/wp-json\/wp\/v2\/comments?post=14317"}],"version-history":[{"count":8,"href":"https:\/\/sp1hrubieszow.pl\/index.php\/wp-json\/wp\/v2\/pages\/14317\/revisions"}],"predecessor-version":[{"id":14342,"href":"https:\/\/sp1hrubieszow.pl\/index.php\/wp-json\/wp\/v2\/pages\/14317\/revisions\/14342"}],"up":[{"embeddable":true,"href":"https:\/\/sp1hrubieszow.pl\/index.php\/wp-json\/wp\/v2\/pages\/5983"}],"wp:attachment":[{"href":"https:\/\/sp1hrubieszow.pl\/index.php\/wp-json\/wp\/v2\/media?parent=14317"}],"curies":[{"name":"wp","href":"https:\/\/api.w.org\/{rel}","templated":true}]}}