{"id":14185,"date":"2022-03-09T16:37:37","date_gmt":"2022-03-09T15:37:37","guid":{"rendered":"https:\/\/sp1hrubieszow.pl\/?page_id=14185"},"modified":"2022-03-09T16:38:05","modified_gmt":"2022-03-09T15:38:05","slug":"dzieci-dzieciom","status":"publish","type":"page","link":"https:\/\/sp1hrubieszow.pl\/index.php\/kronika-2020-2021\/dzieci-dzieciom\/","title":{"rendered":"&#8222;Dzieci -Dzieciom&#8221;"},"content":{"rendered":"\n<div>\n<div class=\"\" dir=\"auto\">\n<div id=\"jsc_c_6yi\" class=\"ecm0bbzt hv4rvrfc ihqw7lf3 dati1w0a\" data-ad-comet-preview=\"message\" data-ad-preview=\"message\">\n<div class=\"j83agx80 cbu4d94t ew0dbk1b irj2b8pg\">\n<div class=\"qzhwtbm6 knvmm38d\">\n<div class=\"kvgmc6g5 cxmmr5t8 oygrvhab hcukyx3x c1et5uql ii04i59q\">\n<div dir=\"auto\"><span style=\"color: #000080;\">Drodzy Uczniowie i Rodzice! <\/span><\/div>\n<div dir=\"auto\"><span style=\"color: #000080;\">Szkolny Klub Mediatora rozpocz\u0105\u0142 zbi\u00f3rk\u0119 dar\u00f3w w postaci kolorowanek i kredek dla dzieci, kt\u00f3re przebywaj\u0105 w punkcie recepcyjnym dla uchod\u017ac\u00f3w z Ukrainy w Hrubieszowie .To ma\u0142y gest kt\u00f3ry sprawi, \u017ce trudne dni oczekiwania w puncie pomocowym, stan\u0105 si\u0119 cho\u0107 troch\u0119 milsze\u2026Zapraszamy do wsparcia naszej akcji&nbsp; &nbsp; &nbsp; &nbsp; &nbsp; &nbsp; &nbsp; \u201e Dzieci-Dzieciom\u201d, uczmy dzieci odpowiada\u0107 na potrzeby innych ludzi<span class=\"pq6dq46d tbxw36s4 knj5qynh kvgmc6g5 ditlmg2l oygrvhab nvdbi5me sf5mxxl7 gl3lb2sf hhz5lgdu\"><img loading=\"lazy\" decoding=\"async\" src=\"https:\/\/static.xx.fbcdn.net\/images\/emoji.php\/v9\/t68\/1\/16\/1f495.png\" alt=\"?\" width=\"16\" height=\"16\"><\/span>Zbieramy: kolorowanki, kredki w ma\u0142ych opakowaniach oraz kolorowe torebki\/ worki najlepiej z materia\u0142u. Przyjmiemy tak\u017ce kolorowy materia\u0142 na uszycie torebek. Miejsce zbi\u00f3rki: gabinet pedagoga szkolnego Marty Kuczy\u0144skiej<\/span><\/div>\n<div dir=\"auto\">&nbsp;<\/div>\n<\/div>\n<\/div>\n<\/div>\n<\/div>\n<\/div>\n<div id=\"jsc_c_6yj\" class=\"l9j0dhe7\">\n<div class=\"l9j0dhe7\">\n<div>\n<div class=\"bp9cbjyn cwj9ozl2 j83agx80 cbu4d94t ni8dbmo4 stjgntxs l9j0dhe7 k4urcfbm\">\n<div>\n<div class=\"do00u71z ni8dbmo4 stjgntxs l9j0dhe7\">\n<div class=\"pmk7jnqg kr520xx4\"><span style=\"color: #000080;\"><img loading=\"lazy\" decoding=\"async\" class=\"i09qtzwb n7fi1qx3 datstx6m pmk7jnqg j9ispegn kr520xx4 k4urcfbm bixrwtb6\" src=\"https:\/\/scontent-waw1-1.xx.fbcdn.net\/v\/t39.30808-6\/275560698_4682134335247480_3518370715151504951_n.jpg?stp=dst-jpg_p526x296&amp;_nc_cat=107&amp;ccb=1-5&amp;_nc_sid=8bfeb9&amp;_nc_ohc=2afclGl2SSAAX-aOYCr&amp;_nc_ht=scontent-waw1-1.xx&amp;oh=00_AT9y6O1TVmJcrOwXvy_FRsBzBTmWcUQHHLqZE0Q_fgfWJQ&amp;oe=622CF7C5\" alt=\"Brak dost\u0119pnego opisu zdj\u0119cia.\" width=\"526\" height=\"701\"><\/span><\/div>\n<\/div>\n<\/div>\n<\/div>\n<div class=\"linmgsc8 opwvks06 i09qtzwb n7fi1qx3 hzruof5a pmk7jnqg j9ispegn kr520xx4\">&nbsp;<\/div>\n<div class=\"n00je7tq arfg74bv qs9ysxi8 k77z8yql i09qtzwb n7fi1qx3 b5wmifdl hzruof5a pmk7jnqg j9ispegn kr520xx4 c5ndavph art1omkt ot9fgl3s r9n4d945\" data-visualcompletion=\"ignore\">&nbsp;<\/div>\n<\/div>\n<\/div>\n<div class=\"stjgntxs ni8dbmo4\">&nbsp;<\/div>\n<\/div>\n<\/div>\n<div class=\"ecm0bbzt aglmviwh dati1w0a ihqw7lf3 def1xbws mkjtxrlb o9f14d3k hqeojc4l i1fnvgqd lhclo0ds btwxx1t3 j83agx80 l6v480f0 s1tcr66n bq4bzpyk\">\n<div class=\"oajrlxb2 g5ia77u1 qu0x051f esr5mh6w e9989ue4 r7d6kgcz rq0escxv nhd2j8a9 nc684nl6 p7hjln8o kvgmc6g5 cxmmr5t8 oygrvhab hcukyx3x jb3vyjys rz4wbd8a qt6c0cv9 a8nywdso i1ao9s8h esuyzwwr f1sip0of n00je7tq arfg74bv qs9ysxi8 k77z8yql l9j0dhe7 abiwlrkh p8dawk7l lzcic4wl\" tabindex=\"0\" role=\"button\">\n<div class=\"n8tt0mok n1l5q3vz\">\n<div class=\"j83agx80 cbu4d94t ew0dbk1b irj2b8pg\">&nbsp;<\/div>\n<\/div>\n<\/div>\n<\/div>\n<div>\n<div class=\"stjgntxs ni8dbmo4 l82x9zwi uo3d90p7 h905i5nu monazrh9\" data-visualcompletion=\"ignore-dynamic\">\n<div>\n<div class=\"cwj9ozl2 tvmbv18p\">&nbsp;<\/div>\n<\/div>\n<\/div>\n<\/div>\n","protected":false},"excerpt":{"rendered":"<p>Drodzy Uczniowie i Rodzice! Szkolny Klub Mediatora rozpocz\u0105\u0142 zbi\u00f3rk\u0119 dar\u00f3w w postaci kolorowanek i kredek dla dzieci, kt\u00f3re przebywaj\u0105 w punkcie recepcyjnym dla uchod\u017ac\u00f3w z Ukrainy w Hrubieszowie .To ma\u0142y gest kt\u00f3ry sprawi, \u017ce trudne dni oczekiwania w puncie pomocowym, stan\u0105 si\u0119 cho\u0107 troch\u0119 milsze\u2026Zapraszamy do wsparcia naszej akcji&nbsp; &nbsp; &nbsp; &nbsp; &nbsp; &nbsp; &nbsp; [&hellip;]<\/p>\n","protected":false},"author":2,"featured_media":0,"parent":5983,"menu_order":0,"comment_status":"closed","ping_status":"closed","template":"","meta":{"ngg_post_thumbnail":0,"footnotes":""},"class_list":["post-14185","page","type-page","status-publish","hentry"],"_links":{"self":[{"href":"https:\/\/sp1hrubieszow.pl\/index.php\/wp-json\/wp\/v2\/pages\/14185","targetHints":{"allow":["GET"]}}],"collection":[{"href":"https:\/\/sp1hrubieszow.pl\/index.php\/wp-json\/wp\/v2\/pages"}],"about":[{"href":"https:\/\/sp1hrubieszow.pl\/index.php\/wp-json\/wp\/v2\/types\/page"}],"author":[{"embeddable":true,"href":"https:\/\/sp1hrubieszow.pl\/index.php\/wp-json\/wp\/v2\/users\/2"}],"replies":[{"embeddable":true,"href":"https:\/\/sp1hrubieszow.pl\/index.php\/wp-json\/wp\/v2\/comments?post=14185"}],"version-history":[{"count":1,"href":"https:\/\/sp1hrubieszow.pl\/index.php\/wp-json\/wp\/v2\/pages\/14185\/revisions"}],"predecessor-version":[{"id":14186,"href":"https:\/\/sp1hrubieszow.pl\/index.php\/wp-json\/wp\/v2\/pages\/14185\/revisions\/14186"}],"up":[{"embeddable":true,"href":"https:\/\/sp1hrubieszow.pl\/index.php\/wp-json\/wp\/v2\/pages\/5983"}],"wp:attachment":[{"href":"https:\/\/sp1hrubieszow.pl\/index.php\/wp-json\/wp\/v2\/media?parent=14185"}],"curies":[{"name":"wp","href":"https:\/\/api.w.org\/{rel}","templated":true}]}}