{"id":14156,"date":"2022-03-07T19:27:32","date_gmt":"2022-03-07T18:27:32","guid":{"rendered":"https:\/\/sp1hrubieszow.pl\/?page_id=14156"},"modified":"2022-03-07T19:27:53","modified_gmt":"2022-03-07T18:27:53","slug":"kolejny-sukces-pawla-gumieniaka","status":"publish","type":"page","link":"https:\/\/sp1hrubieszow.pl\/index.php\/kronika-2020-2021\/kolejny-sukces-pawla-gumieniaka\/","title":{"rendered":"Kolejny sukces Paw\u0142a Gumieniaka"},"content":{"rendered":"\n<p><span style=\"color: #000080;\">Po sukcesie w Konkursie Kuratoryjnym z Biologii, Pawe\u0142 osi\u0105gn\u0105\u0142 kolejny sukces, tym razem&nbsp; w &nbsp;XXIX edycji Og\u00f3lnopolskiej Olimpiady&nbsp; \u201ePromocji Zdrowego Stylu \u017bycia\u201d Polskiego Czerwonego Krzy\u017ca. W dniu 3 marca 2022 odby\u0142 si\u0119 etap rejonowy tego konkursu, a&nbsp; Pawe\u0142 Gumieniak zaj\u0105\u0142 I miejsce i uzyska\u0142 awans do etapu okr\u0119gowego.<\/span><\/p>\n<p><span style=\"color: #000080;\">Bardzo serdecznie GRATULUJEMY I \u017bYCZYMY&nbsp; DALSZYCH SUKCES\u00d3W!<\/span><\/p>\nngg_shortcode_0_placeholder\n","protected":false},"excerpt":{"rendered":"<p>Po sukcesie w Konkursie Kuratoryjnym z Biologii, Pawe\u0142 osi\u0105gn\u0105\u0142 kolejny sukces, tym razem&nbsp; w &nbsp;XXIX edycji Og\u00f3lnopolskiej Olimpiady&nbsp; \u201ePromocji Zdrowego Stylu \u017bycia\u201d Polskiego Czerwonego Krzy\u017ca. W dniu 3 marca 2022 odby\u0142 si\u0119 etap rejonowy tego konkursu, a&nbsp; Pawe\u0142 Gumieniak zaj\u0105\u0142 I miejsce i uzyska\u0142 awans do etapu okr\u0119gowego. Bardzo serdecznie GRATULUJEMY I \u017bYCZYMY&nbsp; DALSZYCH SUKCES\u00d3W!<\/p>\n","protected":false},"author":2,"featured_media":0,"parent":5983,"menu_order":0,"comment_status":"closed","ping_status":"closed","template":"","meta":{"ngg_post_thumbnail":0,"footnotes":""},"class_list":["post-14156","page","type-page","status-publish","hentry"],"_links":{"self":[{"href":"https:\/\/sp1hrubieszow.pl\/index.php\/wp-json\/wp\/v2\/pages\/14156","targetHints":{"allow":["GET"]}}],"collection":[{"href":"https:\/\/sp1hrubieszow.pl\/index.php\/wp-json\/wp\/v2\/pages"}],"about":[{"href":"https:\/\/sp1hrubieszow.pl\/index.php\/wp-json\/wp\/v2\/types\/page"}],"author":[{"embeddable":true,"href":"https:\/\/sp1hrubieszow.pl\/index.php\/wp-json\/wp\/v2\/users\/2"}],"replies":[{"embeddable":true,"href":"https:\/\/sp1hrubieszow.pl\/index.php\/wp-json\/wp\/v2\/comments?post=14156"}],"version-history":[{"count":1,"href":"https:\/\/sp1hrubieszow.pl\/index.php\/wp-json\/wp\/v2\/pages\/14156\/revisions"}],"predecessor-version":[{"id":14157,"href":"https:\/\/sp1hrubieszow.pl\/index.php\/wp-json\/wp\/v2\/pages\/14156\/revisions\/14157"}],"up":[{"embeddable":true,"href":"https:\/\/sp1hrubieszow.pl\/index.php\/wp-json\/wp\/v2\/pages\/5983"}],"wp:attachment":[{"href":"https:\/\/sp1hrubieszow.pl\/index.php\/wp-json\/wp\/v2\/media?parent=14156"}],"curies":[{"name":"wp","href":"https:\/\/api.w.org\/{rel}","templated":true}]}}