{"id":14148,"date":"2022-03-07T19:18:53","date_gmt":"2022-03-07T18:18:53","guid":{"rendered":"https:\/\/sp1hrubieszow.pl\/?page_id=14148"},"modified":"2022-03-07T19:19:39","modified_gmt":"2022-03-07T18:19:39","slug":"rozstrzygniecie-szkolnych-konkursow-organizowanych-z-okazji-dnia-bezpiecznego-internetu","status":"publish","type":"page","link":"https:\/\/sp1hrubieszow.pl\/index.php\/kronika-2020-2021\/rozstrzygniecie-szkolnych-konkursow-organizowanych-z-okazji-dnia-bezpiecznego-internetu\/","title":{"rendered":"Rozstrzygni\u0119cie szkolnych konkurs\u00f3w, organizowanych z okazji &#8222;Dnia Bezpiecznego Internetu&#8221;"},"content":{"rendered":"\n<div class=\"kvgmc6g5 cxmmr5t8 oygrvhab hcukyx3x c1et5uql ii04i59q\">\n<div dir=\"auto\"><span style=\"color: #000080;\">W miesi\u0105cu lutym 2022r. og\u0142oszono konkursy plastyczne, zwi\u0105zane z obchodami \u201eDnia Bezpiecznego Internetu\u201d, przebiegaj\u0105cego pod has\u0142em <a class=\"oajrlxb2 g5ia77u1 qu0x051f esr5mh6w e9989ue4 r7d6kgcz rq0escxv nhd2j8a9 nc684nl6 p7hjln8o kvgmc6g5 cxmmr5t8 oygrvhab hcukyx3x jb3vyjys rz4wbd8a qt6c0cv9 a8nywdso i1ao9s8h esuyzwwr f1sip0of lzcic4wl gpro0wi8 q66pz984 b1v8xokw\" style=\"color: #000080;\" tabindex=\"0\" role=\"link\" href=\"https:\/\/www.facebook.com\/hashtag\/dzia%C5%82ajmyrazem?__eep__=6&amp;__cft__[0]=AZUKQFqCIiCmDC49j0UnoBpYfwMqr-VcZZ6xNnwVfSPzeCHt8WsqKcCCvwKqQYm5zDVAzPgShnAT3avPvz9o59mTnRYZ-tXqT2SWnAfwvDDUYfo62KVIn4IszW-4UL5057uvXGDE3LvdcQLVvDu47HJzNV5NQPK7uoGboyM1zbIjap2bNqRw1rSUCPH3Amtog-g&amp;__tn__=*NK-R\">#Dzia\u0142ajmyrazem<\/a>. Konkursy zosta\u0142y skierowane do uczni\u00f3w<\/span><\/div>\n<div dir=\"auto\"><span style=\"color: #000080;\">w dw\u00f3ch kategoriach wiekowych (klasy I-III oraz IV-VII) oraz zespo\u0142\u00f3w klasowych (klasy IV-VIII).<\/span><\/div>\n<div dir=\"auto\"><span style=\"color: #000080;\">Celem przeprowadzonych konkurs\u00f3w by\u0142o kszta\u0142towanie<\/span><\/div>\n<div dir=\"auto\"><span style=\"color: #000080;\">i propagowanie prawid\u0142owych postaw uczni\u00f3w jako u\u017cytkownik\u00f3w Internetu oraz zapobieganie zagro\u017ceniom, zwi\u0105zanym<\/span><\/div>\n<div dir=\"auto\"><span style=\"color: #000080;\">z nieumiej\u0119tnym korzystaniem z sieci i urz\u0105dze\u0144 technologicznych. Prace oceni\u0142a komisja konkursowa w sk\u0142adzie: p. Ewa Filipowicz-Sidorczuk, p. Sylwia Wojak, p. Dorota Or\u0142owska, p. Ilona Winogrodzka, p. Anna Czernysz. Nagrodzono i wyr\u00f3\u017cniono nast\u0119puj\u0105cych uczni\u00f3w:<\/span><\/div>\n<div dir=\"auto\"><span style=\"color: #000080;\">Konkurs plastyczny \u201eBezpiecznie korzystam z Internetu\u201d, kategoria klasy I-III<\/span><\/div>\n<div dir=\"auto\"><span style=\"color: #000080;\">I miejsce: Julia Wi\u015bniewska, kl. IIIa<\/span><\/div>\n<div dir=\"auto\"><span style=\"color: #000080;\">II miejsce: Zuzanna Korneluk, kl. Ia<\/span><\/div>\n<div dir=\"auto\"><span style=\"color: #000080;\">III miejsce: Adriana Kowalczuk, kl. IIa<\/span><\/div>\n<div dir=\"auto\"><span style=\"color: #000080;\">Wyr\u00f3\u017cnienia:<\/span><\/div>\n<div dir=\"auto\"><span style=\"color: #000080;\">1. Wiktoria Ha\u0142asa, kl. IIIa<\/span><\/div>\n<div dir=\"auto\"><span style=\"color: #000080;\">2. Natalia Balcer, kl. Ia<\/span><\/div>\n<div dir=\"auto\"><span style=\"color: #000080;\">3. Izabela Maksymowicz, kl. IIIb<\/span><\/div>\n<div dir=\"auto\"><span style=\"color: #000080;\">4. Hanna Sidorczuk, kl. IIIa<\/span><\/div>\n<div dir=\"auto\"><span style=\"color: #000080;\">5. Julia Michalczewska, kl. Ib<\/span><\/div>\n<div dir=\"auto\"><span style=\"color: #000080;\">6. Maja Za\u0142uska, kl. Ib<\/span><\/div>\n<div dir=\"auto\"><span style=\"color: #000080;\">7. Patrycja Kotko, kl. IIa<\/span><\/div>\n<div dir=\"auto\"><span style=\"color: #000080;\">8. Tomasz Rerak, kl. IIIc<\/span><\/div>\n<div dir=\"auto\"><span style=\"color: #000080;\">9. Paulina Karcz, kl. IIIa<\/span><\/div>\n<div dir=\"auto\"><span style=\"color: #000080;\">10. Eva Jankowska, kl. IIIb<\/span><\/div>\n<div dir=\"auto\"><span style=\"color: #000080;\">11. Urszula Nowak, kl. IIb<\/span><\/div>\n<div dir=\"auto\"><span style=\"color: #000080;\">Konkurs plastyczny \u201eBezpiecznie korzystam z Internetu\u201d, kategoria klasy IV-VII<\/span><\/div>\n<div dir=\"auto\"><span style=\"color: #000080;\">I miejsce: Julia Kiszel, kl. IVb<\/span><\/div>\n<div dir=\"auto\"><span style=\"color: #000080;\">II miejsce: Paula Wilczy\u0144ska, kl. IVa<\/span><\/div>\n<div dir=\"auto\"><span style=\"color: #000080;\">III miejsce: Olaf Lewandowski, kl. VIIa<\/span><\/div>\n<div dir=\"auto\"><span style=\"color: #000080;\">Wyr\u00f3\u017cnienia:<\/span><\/div>\n<div dir=\"auto\"><span style=\"color: #000080;\">1. Agata Szyma\u0144ska, kl. Vb<\/span><\/div>\n<div dir=\"auto\"><span style=\"color: #000080;\">2. Iga Nowosad, kl. IVa<\/span><\/div>\n<div dir=\"auto\"><span style=\"color: #000080;\">3. Jakub Tomi\u0142o, kl. Vc<\/span><\/div>\n<div dir=\"auto\"><span style=\"color: #000080;\">4. Gabriela Pawlos, kl. IVa<\/span><\/div>\n<div dir=\"auto\"><span style=\"color: #000080;\">5. Nikola Podg\u00f3rska, kl. IVc<\/span><\/div>\n<div dir=\"auto\"><span style=\"color: #000080;\">6. Maja Klimkowska, kl. IVa<\/span><\/div>\n<div dir=\"auto\"><span style=\"color: #000080;\">Konkurs klasowy na plakat \u201eGra planszowa kontra gra komputerowa\u201d<\/span><\/div>\n<div dir=\"auto\"><span style=\"color: #000080;\">I miejsce: klasa Vb, wych, p Ewa Filipowicz-Sidorczuk<\/span><\/div>\n<div dir=\"auto\"><span style=\"color: #000080;\">II miejsce: klasa IVb, wych p. Marta Lackowska<\/span><\/div>\n<div dir=\"auto\"><span style=\"color: #000080;\">III miejsce: klasa VIa, wych. p. Ewa Szostak<\/span><\/div>\n<div dir=\"auto\"><span style=\"color: #000080;\">Wyr\u00f3\u017cnienia: klasa IVc, wych. p. Monika Jako\u015b-W\u00f3r, klasa Vc, wych. p. Anna Lewandowska.<\/span><\/div>\n<div dir=\"auto\"><span style=\"color: #000080;\">Nagrody konkursowe ufundowa\u0142a Gmina Miejska Hrubiesz\u00f3w.<\/span><\/div>\n<div dir=\"auto\">&nbsp;<\/div>\n<\/div>\n<div class=\"cxmmr5t8 oygrvhab hcukyx3x c1et5uql o9v6fnle ii04i59q\">\n<div dir=\"auto\"><span style=\"color: #000080;\">Organizator konkurs\u00f3w: Marta Kuczy\u0144ska, pedagog szkolny<\/span><\/div>\n<div dir=\"auto\">\nngg_shortcode_0_placeholder\n<\/div>\n<div dir=\"auto\">&nbsp;<\/div>\n<\/div>\n","protected":false},"excerpt":{"rendered":"<p>W miesi\u0105cu lutym 2022r. og\u0142oszono konkursy plastyczne, zwi\u0105zane z obchodami \u201eDnia Bezpiecznego Internetu\u201d, przebiegaj\u0105cego pod has\u0142em #Dzia\u0142ajmyrazem. Konkursy zosta\u0142y skierowane do uczni\u00f3w w dw\u00f3ch kategoriach wiekowych (klasy I-III oraz IV-VII) oraz zespo\u0142\u00f3w klasowych (klasy IV-VIII). Celem przeprowadzonych konkurs\u00f3w by\u0142o kszta\u0142towanie i propagowanie prawid\u0142owych postaw uczni\u00f3w jako u\u017cytkownik\u00f3w Internetu oraz zapobieganie zagro\u017ceniom, zwi\u0105zanym z nieumiej\u0119tnym korzystaniem [&hellip;]<\/p>\n","protected":false},"author":2,"featured_media":0,"parent":5983,"menu_order":0,"comment_status":"closed","ping_status":"closed","template":"","meta":{"ngg_post_thumbnail":0,"footnotes":""},"class_list":["post-14148","page","type-page","status-publish","hentry"],"_links":{"self":[{"href":"https:\/\/sp1hrubieszow.pl\/index.php\/wp-json\/wp\/v2\/pages\/14148","targetHints":{"allow":["GET"]}}],"collection":[{"href":"https:\/\/sp1hrubieszow.pl\/index.php\/wp-json\/wp\/v2\/pages"}],"about":[{"href":"https:\/\/sp1hrubieszow.pl\/index.php\/wp-json\/wp\/v2\/types\/page"}],"author":[{"embeddable":true,"href":"https:\/\/sp1hrubieszow.pl\/index.php\/wp-json\/wp\/v2\/users\/2"}],"replies":[{"embeddable":true,"href":"https:\/\/sp1hrubieszow.pl\/index.php\/wp-json\/wp\/v2\/comments?post=14148"}],"version-history":[{"count":1,"href":"https:\/\/sp1hrubieszow.pl\/index.php\/wp-json\/wp\/v2\/pages\/14148\/revisions"}],"predecessor-version":[{"id":14149,"href":"https:\/\/sp1hrubieszow.pl\/index.php\/wp-json\/wp\/v2\/pages\/14148\/revisions\/14149"}],"up":[{"embeddable":true,"href":"https:\/\/sp1hrubieszow.pl\/index.php\/wp-json\/wp\/v2\/pages\/5983"}],"wp:attachment":[{"href":"https:\/\/sp1hrubieszow.pl\/index.php\/wp-json\/wp\/v2\/media?parent=14148"}],"curies":[{"name":"wp","href":"https:\/\/api.w.org\/{rel}","templated":true}]}}