{"id":14115,"date":"2022-03-07T19:09:27","date_gmt":"2022-03-07T18:09:27","guid":{"rendered":"https:\/\/sp1hrubieszow.pl\/?page_id=14115"},"modified":"2022-03-07T19:09:59","modified_gmt":"2022-03-07T18:09:59","slug":"ogolnopolski-konkurs-w-tandemie-sila-profilaktyka-uniwersalna-w-domu-i-w-szkole","status":"publish","type":"page","link":"https:\/\/sp1hrubieszow.pl\/index.php\/kronika-2020-2021\/ogolnopolski-konkurs-w-tandemie-sila-profilaktyka-uniwersalna-w-domu-i-w-szkole\/","title":{"rendered":"Og\u00f3lnopolski konkurs &#8222;W TANDEMie si\u0142a! Profilaktyka uniwersalna w domu i w szkole&#8221;"},"content":{"rendered":"\n<div dir=\"auto\"><span style=\"color: #000080;\">Nasza szko\u0142a przyst\u0105pi\u0142a do udzia\u0142u w konkursie, kt\u00f3rego organizatorem jest firma Tandem-warsztaty pedagogiczne, profilaktyka uniwersalna( <a class=\"oajrlxb2 g5ia77u1 qu0x051f esr5mh6w e9989ue4 r7d6kgcz rq0escxv nhd2j8a9 nc684nl6 p7hjln8o kvgmc6g5 cxmmr5t8 oygrvhab hcukyx3x jb3vyjys rz4wbd8a qt6c0cv9 a8nywdso i1ao9s8h esuyzwwr f1sip0of lzcic4wl gpro0wi8 py34i1dx\" style=\"color: #000080;\" tabindex=\"0\" role=\"link\" href=\"https:\/\/l.facebook.com\/l.php?u=http%3A%2F%2Fwww.TANDEMwarsztaty.pl%2F%3Ffbclid%3DIwAR0mfXUHnb_K72ULAU4lM-Q3P1W1fvjD2QjGC-2Iga2pHITZjYFHnoGZ-gI&amp;h=AT0N_Jn7Q-Ufcv-XCCcCl551VzAiv3tyqBxhUNUt6_JGXzdARi7_uYDZitSpbHRcfGS3n0Q537Z1_Q8kMRuRaKOJvmdLOm6U-99G8Di_pDxQxCajFtPxdrxhSLW_CbaZm6SI&amp;__tn__=-UK-R&amp;c[0]=AT0SGooZzKgnNjvU-TC8UsWU_fer8QhGHgs-vxPD9C3dv9o76rZizqRrqS07Hd5S5XIvqD2PLMkbGyF_oaJZ122DTlBS1vlz72GaxcpYT0y_8ubcAy7C1N5DgIRtmHeUOEhJHPkqAZmaWuPcu4vIS-HgyINPjDO3piV7DLFyi4PMZfc4-x7LWEGa4yFj76Nz-18mFOhg\" target=\"_blank\" rel=\"nofollow noopener\">www.TANDEMwarsztaty.pl<\/a>). Celem konkursu jest promocja profilaktyki uniwersalnej propaguj\u0105cej bezpiecze\u0144stwo w domu i w szkole.<\/span><\/div>\n<div dir=\"auto\"><span style=\"color: #000080;\">W konkursie na stworzenie gry planszowej\/karcianej o tematyce profilaktycznej reprezentuj\u0105 nas siostry: Gabriela Osma\u0144ska z klasy IVb oraz Martyna Osma\u0144ska z kl. VIIIc. Bardzo pomys\u0142owa gra, kt\u00f3r\u0105 stworzy\u0142y Gabrysia i Martyna, zgodnie z wymogami konkursowymi, przed wys\u0142aniem do organizatora konkursu, zosta\u0142a przetestowana na godzinach wychowawczych w klasach, w kt\u00f3rych ucz\u0105 si\u0119 uczestniczki konkursu, czyli w klasie IVb oraz VIIIc. Rozgrywki z wykorzystaniem gry okaza\u0142y si\u0119 bardzo pasjonuj\u0105ce a jednocze\u015bnie pouczaj\u0105ce w kwestii zapobiegania uzale\u017cnienia od \u015brodk\u00f3w psychoaktywnych. W bie\u017c\u0105cym tygodniu, gra zostanie przes\u0142ana do organizatora konkursu, realizatora wspania\u0142ych warsztat\u00f3w profilaktycznych dla dzieci i m\u0142odzie\u017cy( o czym mogli\u015bmy si\u0119 przekona\u0107 goszcz\u0105c TANDEM w naszej szkole).Trzymamy kciuki za nasze uczennice! Zach\u0119camy do obejrzenia fotorelacji z testowania gry. Wi\u0119cej o konkursie mo\u017cna przeczyta\u0107 na stronie internetowej <a class=\"oajrlxb2 g5ia77u1 qu0x051f esr5mh6w e9989ue4 r7d6kgcz rq0escxv nhd2j8a9 nc684nl6 p7hjln8o kvgmc6g5 cxmmr5t8 oygrvhab hcukyx3x jb3vyjys rz4wbd8a qt6c0cv9 a8nywdso i1ao9s8h esuyzwwr f1sip0of lzcic4wl gpro0wi8 py34i1dx\" style=\"color: #000080;\" tabindex=\"0\" role=\"link\" href=\"https:\/\/l.facebook.com\/l.php?u=http%3A%2F%2Fwww.TANDEMwarsztaty.pl%2F%3Ffbclid%3DIwAR3wyg8XVXmH4xBzSri9pdF2iQ7izgaopT6NxOlZ7ABbYXjGqzGvRPrz7lc&amp;h=AT0N_Jn7Q-Ufcv-XCCcCl551VzAiv3tyqBxhUNUt6_JGXzdARi7_uYDZitSpbHRcfGS3n0Q537Z1_Q8kMRuRaKOJvmdLOm6U-99G8Di_pDxQxCajFtPxdrxhSLW_CbaZm6SI&amp;__tn__=-UK-R&amp;c[0]=AT0SGooZzKgnNjvU-TC8UsWU_fer8QhGHgs-vxPD9C3dv9o76rZizqRrqS07Hd5S5XIvqD2PLMkbGyF_oaJZ122DTlBS1vlz72GaxcpYT0y_8ubcAy7C1N5DgIRtmHeUOEhJHPkqAZmaWuPcu4vIS-HgyINPjDO3piV7DLFyi4PMZfc4-x7LWEGa4yFj76Nz-18mFOhg\" target=\"_blank\" rel=\"nofollow noopener\">www.TANDEMwarsztaty.pl<\/a><\/span><\/div>\n<div dir=\"auto\">&nbsp;<\/div>\n<div dir=\"auto\"><span style=\"color: #000080;\">Opiekun grupy konkursowej: Marta Kuczy\u0144ska, pedagog szkolny<\/span><\/div>\n<div dir=\"auto\">\nngg_shortcode_0_placeholder\n<\/div>\n","protected":false},"excerpt":{"rendered":"<p>Nasza szko\u0142a przyst\u0105pi\u0142a do udzia\u0142u w konkursie, kt\u00f3rego organizatorem jest firma Tandem-warsztaty pedagogiczne, profilaktyka uniwersalna( www.TANDEMwarsztaty.pl). Celem konkursu jest promocja profilaktyki uniwersalnej propaguj\u0105cej bezpiecze\u0144stwo w domu i w szkole. W konkursie na stworzenie gry planszowej\/karcianej o tematyce profilaktycznej reprezentuj\u0105 nas siostry: Gabriela Osma\u0144ska z klasy IVb oraz Martyna Osma\u0144ska z kl. VIIIc. Bardzo pomys\u0142owa gra, [&hellip;]<\/p>\n","protected":false},"author":2,"featured_media":0,"parent":5983,"menu_order":0,"comment_status":"closed","ping_status":"closed","template":"","meta":{"ngg_post_thumbnail":0,"footnotes":""},"class_list":["post-14115","page","type-page","status-publish","hentry"],"_links":{"self":[{"href":"https:\/\/sp1hrubieszow.pl\/index.php\/wp-json\/wp\/v2\/pages\/14115","targetHints":{"allow":["GET"]}}],"collection":[{"href":"https:\/\/sp1hrubieszow.pl\/index.php\/wp-json\/wp\/v2\/pages"}],"about":[{"href":"https:\/\/sp1hrubieszow.pl\/index.php\/wp-json\/wp\/v2\/types\/page"}],"author":[{"embeddable":true,"href":"https:\/\/sp1hrubieszow.pl\/index.php\/wp-json\/wp\/v2\/users\/2"}],"replies":[{"embeddable":true,"href":"https:\/\/sp1hrubieszow.pl\/index.php\/wp-json\/wp\/v2\/comments?post=14115"}],"version-history":[{"count":1,"href":"https:\/\/sp1hrubieszow.pl\/index.php\/wp-json\/wp\/v2\/pages\/14115\/revisions"}],"predecessor-version":[{"id":14116,"href":"https:\/\/sp1hrubieszow.pl\/index.php\/wp-json\/wp\/v2\/pages\/14115\/revisions\/14116"}],"up":[{"embeddable":true,"href":"https:\/\/sp1hrubieszow.pl\/index.php\/wp-json\/wp\/v2\/pages\/5983"}],"wp:attachment":[{"href":"https:\/\/sp1hrubieszow.pl\/index.php\/wp-json\/wp\/v2\/media?parent=14115"}],"curies":[{"name":"wp","href":"https:\/\/api.w.org\/{rel}","templated":true}]}}