{"id":14087,"date":"2022-03-05T14:00:25","date_gmt":"2022-03-05T13:00:25","guid":{"rendered":"https:\/\/sp1hrubieszow.pl\/?page_id=14087"},"modified":"2022-03-05T14:01:08","modified_gmt":"2022-03-05T13:01:08","slug":"zawodowy-strzal-w-10-2","status":"publish","type":"page","link":"https:\/\/sp1hrubieszow.pl\/index.php\/kronika-2020-2021\/zawodowy-strzal-w-10-2\/","title":{"rendered":"Zawodowy strza\u0142 w 10"},"content":{"rendered":"\n<p><strong><img loading=\"lazy\" decoding=\"async\" class=\"alignnone size-medium wp-image-14086\" src=\"https:\/\/sp1hrubieszow.pl\/wp-content\/uploads\/2022\/03\/10-300x199.jpg\" alt=\"\" width=\"300\" height=\"199\"><\/strong><\/p>\n<p><span style=\"color: #000080;\"><strong>Szanowni Pa\u0144stwo <\/strong><\/span><br><span style=\"color: #000080;\">Informujemy Pa\u0144stwa, \u017ce w ramach akcji \u201eZawodowy strza\u0142 w10!\u201d planowane jest kolejne dzia\u0142anie s\u0142u\u017c\u0105ce pomocy w wyborze dalszego etapu kszta\u0142cenia dla przysz\u0142ych absolwent\u00f3w szk\u00f3\u0142 podstawowych oraz promocji szk\u00f3\u0142 kszta\u0142c\u0105cych w zawodach w wojew\u00f3dztwie lubelskim \u2013 \u201eTydzie\u0144 wyboru drogi kszta\u0142cenia\u201d.<\/span><br><span style=\"color: #000080;\">W ramach tej akcji Uczniowie i ich Rodzice b\u0119d\u0105 mieli mo\u017cliwo\u015b\u0107 skontaktowania si\u0119 telefonicznego z doradcami zawodowymi, kt\u00f3rzy b\u0119d\u0105 w okre\u015blonych godzinach dy\u017curowali pod wskazanymi ni\u017cej numerami telefon\u00f3w.<\/span><br><span style=\"color: #000080;\">Rodzice i Uczniowie b\u0119d\u0105 mieli mo\u017cliwo\u015b\u0107 porozmawiania z wykwalifikowanymi doradcami zawodowymi o zasadach dokonywania wyboru szko\u0142y, ofercie szk\u00f3\u0142 i zawod\u00f3w w naszym wojew\u00f3dztwie oraz upewni\u0107 si\u0119 w dokonanych ju\u017c wyborach. W razie szczeg\u00f3\u0142owych pyta\u0144 o kszta\u0142cenie w poszczeg\u00f3lnych zawodach czy szko\u0142ach doradcy b\u0119d\u0105 kierowali zainteresowanych do konkretnych szk\u00f3\u0142. W indywidualnych przypadkach doradcy zawodowi b\u0119d\u0105 podawali kontakt do poradni psychologiczno-pedagogicznej b\u0119d\u0105cej w rejonie szko\u0142y, do kt\u00f3rej ucz\u0119szcza ucze\u0144. Zar\u00f3wno w szko\u0142ach jak i poradniach pe\u0142ni\u0107 b\u0119d\u0105 dy\u017cury osoby kompetentne, kt\u00f3re b\u0119d\u0105 mog\u0142y wspiera\u0107 zainteresowanych i odpowiada\u0107 na pytania.<\/span><br><span style=\"color: #000080;\">Proponowana Pa\u0144stwu sie\u0107 wsparcia b\u0119dzie funkcjonowa\u0142a przez tydzie\u0144 \u2013 od 7 do 11 marca 2022 r., w godzinach od 14.00 do 18.00.<\/span><br><span style=\"color: #000080;\">Numery telefon\u00f3w, przy kt\u00f3rych b\u0119d\u0105 dy\u017curowali doradcy zawodowi:<\/span><br><span style=\"color: #000080;\">1)&nbsp;&nbsp; &nbsp;781 701 533<\/span><br><span style=\"color: #000080;\">2)&nbsp;&nbsp; &nbsp;500 303 388<\/span><br><span style=\"color: #000080;\">3)&nbsp;&nbsp; &nbsp;509 731 851<\/span><br><span style=\"color: #000080;\">4)&nbsp;&nbsp; &nbsp;736 231 037<\/span><br><span style=\"color: #000080;\">5)&nbsp;&nbsp; &nbsp;883 848 356<\/span><br><span style=\"color: #000080;\">6)&nbsp;&nbsp; &nbsp;533 315 190<\/span><br><span style=\"color: #000080;\">7)&nbsp;&nbsp; &nbsp;668 356 436<\/span><br><span style=\"color: #000080;\">Rodzice i Uczniowie mog\u0105 tak\u017ce dzwoni\u0107 w tym tygodniu bezpo\u015brednio do szk\u00f3\u0142 kszta\u0142c\u0105cych w zawodach, wykorzystuj\u0105c kontakt podany w informatorze o szko\u0142ach ponadpodstawowych wojew\u00f3dztwa lubelskiego na rok szkolny 2022\/2023 <a style=\"color: #000080;\" href=\"https:\/\/www.kuratorium.lublin.pl\/informator.php\"><strong>https:\/\/www.kuratorium.lublin.pl\/informator.php<\/strong><\/a><\/span><br><span style=\"color: #000080;\">W zwi\u0105zku z powy\u017cszym prosz\u0119 Pa\u0144stwa Dyrektor\u00f3w o przekazanie informacji o tej akcji wszystkim rodzicom i uczniom klas VII i VIII.<\/span><br><span style=\"color: #000080;\">W za\u0142\u0105czeniu list Lubelskiego Kuratora O\u015bwiaty do Rodzic\u00f3w i Uczni\u00f3w.<\/span><\/p>\n<p><span style=\"color: #000080;\"><u>ZA\u0141\u0104CZNIKI:<\/u><\/span><br><span style=\"color: #000080;\"><a style=\"color: #000080;\" href=\"https:\/\/www.kuratorium.lublin.pl\/gsok\/include\/pliki.php?cl=pliki&amp;akc=dl&amp;id=18249\"><strong>list Lubelskiego Kuratora O\u015bwiaty do Rodzic\u00f3w i Uczni\u00f3w.pdf<\/strong><\/a><\/span><\/p>\n<p><span style=\"color: #000080;\">.<\/span><\/p>\n","protected":false},"excerpt":{"rendered":"<p>Szanowni Pa\u0144stwo Informujemy Pa\u0144stwa, \u017ce w ramach akcji \u201eZawodowy strza\u0142 w10!\u201d planowane jest kolejne dzia\u0142anie s\u0142u\u017c\u0105ce pomocy w wyborze dalszego etapu kszta\u0142cenia dla przysz\u0142ych absolwent\u00f3w szk\u00f3\u0142 podstawowych oraz promocji szk\u00f3\u0142 kszta\u0142c\u0105cych w zawodach w wojew\u00f3dztwie lubelskim \u2013 \u201eTydzie\u0144 wyboru drogi kszta\u0142cenia\u201d.W ramach tej akcji Uczniowie i ich Rodzice b\u0119d\u0105 mieli mo\u017cliwo\u015b\u0107 skontaktowania si\u0119 telefonicznego z [&hellip;]<\/p>\n","protected":false},"author":2,"featured_media":0,"parent":5983,"menu_order":0,"comment_status":"closed","ping_status":"closed","template":"","meta":{"ngg_post_thumbnail":0,"footnotes":""},"class_list":["post-14087","page","type-page","status-publish","hentry"],"_links":{"self":[{"href":"https:\/\/sp1hrubieszow.pl\/index.php\/wp-json\/wp\/v2\/pages\/14087","targetHints":{"allow":["GET"]}}],"collection":[{"href":"https:\/\/sp1hrubieszow.pl\/index.php\/wp-json\/wp\/v2\/pages"}],"about":[{"href":"https:\/\/sp1hrubieszow.pl\/index.php\/wp-json\/wp\/v2\/types\/page"}],"author":[{"embeddable":true,"href":"https:\/\/sp1hrubieszow.pl\/index.php\/wp-json\/wp\/v2\/users\/2"}],"replies":[{"embeddable":true,"href":"https:\/\/sp1hrubieszow.pl\/index.php\/wp-json\/wp\/v2\/comments?post=14087"}],"version-history":[{"count":1,"href":"https:\/\/sp1hrubieszow.pl\/index.php\/wp-json\/wp\/v2\/pages\/14087\/revisions"}],"predecessor-version":[{"id":14088,"href":"https:\/\/sp1hrubieszow.pl\/index.php\/wp-json\/wp\/v2\/pages\/14087\/revisions\/14088"}],"up":[{"embeddable":true,"href":"https:\/\/sp1hrubieszow.pl\/index.php\/wp-json\/wp\/v2\/pages\/5983"}],"wp:attachment":[{"href":"https:\/\/sp1hrubieszow.pl\/index.php\/wp-json\/wp\/v2\/media?parent=14087"}],"curies":[{"name":"wp","href":"https:\/\/api.w.org\/{rel}","templated":true}]}}