{"id":14077,"date":"2022-03-03T11:43:00","date_gmt":"2022-03-03T10:43:00","guid":{"rendered":"https:\/\/sp1hrubieszow.pl\/?page_id=14077"},"modified":"2022-03-03T11:47:49","modified_gmt":"2022-03-03T10:47:49","slug":"praca-tlumacza-jak-pomoc-innym-zrozumiec","status":"publish","type":"page","link":"https:\/\/sp1hrubieszow.pl\/index.php\/kronika-2020-2021\/praca-tlumacza-jak-pomoc-innym-zrozumiec\/","title":{"rendered":"PRACA T\u0141UMACZA. JAK POM\u00d3C INNYM ZROZUMIE\u0106?"},"content":{"rendered":"\n<p><span style=\"color: #000080;\">To tytu\u0142 Zawodowego Streamu, kt\u00f3ry odb\u0119dzie si\u0119 <strong>8.03.2022r&nbsp; o godzinie 18.00<\/strong> na stronie MAPY KARIER. Tym razem rozmowa b\u0119dzie dotyczy\u0142a pracy t\u0142umacza, zar\u00f3wno ustnego, literackiego, specjalistycznego, jak i audiowizualnego. Zaproszeni go\u015bcie \u2013 t\u0142umaczka j\u0119zyk\u00f3w obcych oraz t\u0142umacz Polskiego J\u0119zyka Migowego, opowiedz\u0105:<\/span><\/p>\n<ul>\n<li><span style=\"color: #000080;\">Jak wygl\u0105da typowy dzie\u0144 pracy t\u0142umacza?<\/span><\/li>\n<li><span style=\"color: #000080;\">Czy \u0142atwo i w jakich miejscach znale\u017a\u0107 zatrudnienie w tej bran\u017cy? Gdzie szuka\u0107 zlece\u0144?<\/span><\/li>\n<li><span style=\"color: #000080;\">Jak nowoczesne technologie i t\u0142umaczenia maszynowe wp\u0142yn\u0105 na przysz\u0142o\u015b\u0107 zawodu t\u0142umacza?<\/span><\/li>\n<\/ul>\n<p><span style=\"color: #000080;\">Brzmi ciekawie?<\/span><\/p>\n","protected":false},"excerpt":{"rendered":"<p>To tytu\u0142 Zawodowego Streamu, kt\u00f3ry odb\u0119dzie si\u0119 8.03.2022r&nbsp; o godzinie 18.00 na stronie MAPY KARIER. Tym razem rozmowa b\u0119dzie dotyczy\u0142a pracy t\u0142umacza, zar\u00f3wno ustnego, literackiego, specjalistycznego, jak i audiowizualnego. Zaproszeni go\u015bcie \u2013 t\u0142umaczka j\u0119zyk\u00f3w obcych oraz t\u0142umacz Polskiego J\u0119zyka Migowego, opowiedz\u0105: Jak wygl\u0105da typowy dzie\u0144 pracy t\u0142umacza? Czy \u0142atwo i w jakich miejscach znale\u017a\u0107 zatrudnienie [&hellip;]<\/p>\n","protected":false},"author":2,"featured_media":0,"parent":5983,"menu_order":0,"comment_status":"closed","ping_status":"closed","template":"","meta":{"ngg_post_thumbnail":0,"footnotes":""},"class_list":["post-14077","page","type-page","status-publish","hentry"],"_links":{"self":[{"href":"https:\/\/sp1hrubieszow.pl\/index.php\/wp-json\/wp\/v2\/pages\/14077","targetHints":{"allow":["GET"]}}],"collection":[{"href":"https:\/\/sp1hrubieszow.pl\/index.php\/wp-json\/wp\/v2\/pages"}],"about":[{"href":"https:\/\/sp1hrubieszow.pl\/index.php\/wp-json\/wp\/v2\/types\/page"}],"author":[{"embeddable":true,"href":"https:\/\/sp1hrubieszow.pl\/index.php\/wp-json\/wp\/v2\/users\/2"}],"replies":[{"embeddable":true,"href":"https:\/\/sp1hrubieszow.pl\/index.php\/wp-json\/wp\/v2\/comments?post=14077"}],"version-history":[{"count":1,"href":"https:\/\/sp1hrubieszow.pl\/index.php\/wp-json\/wp\/v2\/pages\/14077\/revisions"}],"predecessor-version":[{"id":14078,"href":"https:\/\/sp1hrubieszow.pl\/index.php\/wp-json\/wp\/v2\/pages\/14077\/revisions\/14078"}],"up":[{"embeddable":true,"href":"https:\/\/sp1hrubieszow.pl\/index.php\/wp-json\/wp\/v2\/pages\/5983"}],"wp:attachment":[{"href":"https:\/\/sp1hrubieszow.pl\/index.php\/wp-json\/wp\/v2\/media?parent=14077"}],"curies":[{"name":"wp","href":"https:\/\/api.w.org\/{rel}","templated":true}]}}