{"id":14073,"date":"2022-03-02T13:31:52","date_gmt":"2022-03-02T12:31:52","guid":{"rendered":"https:\/\/sp1hrubieszow.pl\/?page_id=14073"},"modified":"2022-03-02T13:32:13","modified_gmt":"2022-03-02T12:32:13","slug":"hrubieszow-solidarny-z-ukraina","status":"publish","type":"page","link":"https:\/\/sp1hrubieszow.pl\/index.php\/kronika-2020-2021\/hrubieszow-solidarny-z-ukraina\/","title":{"rendered":"Hrubiesz\u00f3w solidarny z Ukrain\u0105"},"content":{"rendered":"\n<p><img loading=\"lazy\" decoding=\"async\" class=\"alignnone size-full wp-image-14072\" src=\"https:\/\/sp1hrubieszow.pl\/wp-content\/uploads\/2022\/03\/ua.png\" alt=\"\" width=\"256\" height=\"256\"><\/p>\n<p><span style=\"color: #000080;\">Szko\u0142a Podstawowa Nr 1w Hrubieszowie do\u0142\u0105cza si\u0119 do zbiorki \u015brodk\u00f3w czysto\u015bci, higieny osobistej, naczy\u0144 jednorazowego prowadzonej dla obywateli z Ukrainy, kt\u00f3rzy oczekuj\u0105 na pomoc w Hrubieszowskim O\u015brodku Sportu i Rekreacji. Nie wszyscy uchod\u017acy maj\u0105 mo\u017cliwo\u015b\u0107 bezpo\u015bredniego dotarcia do zaplanowanego bezpiecznego miejsca pobytu, dlatego w HOSiR otwarty jest punkt pomocowy maj\u0105cy na celu udzielenie uciekinierom niezb\u0119dnej pierwszej pomocy. Zebrane w szkole \u015brodki zostan\u0105 dostarczone do punktu pomocowego, aby wesprze\u0107 potrzebuj\u0105cych.&nbsp; <\/span><\/p>\n<p><span style=\"color: #000080;\">Zbi\u00f3rk\u0119 rozpoczynamy od dnia 28.02. 2022r. w godzinach 7.00 -18.00 ( sala korekcyjna wej\u015bcie od strony parkingu).Potrzebne s\u0105 m. in.:- naczynia jednorazowe ( miseczki, kubeczki, talerze, sztu\u0107ce ) \u2013 r\u0119czniki papierowe, papier toaletowy\u2013 pieluchy, chusteczki wilgotne dla dzieci\u2013 myd\u0142o w p\u0142ynie, szampon\u2013 \u015brodki do mycia sanitariat\u00f3w<\/span><\/p>\n","protected":false},"excerpt":{"rendered":"<p>Szko\u0142a Podstawowa Nr 1w Hrubieszowie do\u0142\u0105cza si\u0119 do zbiorki \u015brodk\u00f3w czysto\u015bci, higieny osobistej, naczy\u0144 jednorazowego prowadzonej dla obywateli z Ukrainy, kt\u00f3rzy oczekuj\u0105 na pomoc w Hrubieszowskim O\u015brodku Sportu i Rekreacji. Nie wszyscy uchod\u017acy maj\u0105 mo\u017cliwo\u015b\u0107 bezpo\u015bredniego dotarcia do zaplanowanego bezpiecznego miejsca pobytu, dlatego w HOSiR otwarty jest punkt pomocowy maj\u0105cy na celu udzielenie uciekinierom niezb\u0119dnej [&hellip;]<\/p>\n","protected":false},"author":2,"featured_media":0,"parent":5983,"menu_order":0,"comment_status":"closed","ping_status":"closed","template":"","meta":{"ngg_post_thumbnail":0,"footnotes":""},"class_list":["post-14073","page","type-page","status-publish","hentry"],"_links":{"self":[{"href":"https:\/\/sp1hrubieszow.pl\/index.php\/wp-json\/wp\/v2\/pages\/14073","targetHints":{"allow":["GET"]}}],"collection":[{"href":"https:\/\/sp1hrubieszow.pl\/index.php\/wp-json\/wp\/v2\/pages"}],"about":[{"href":"https:\/\/sp1hrubieszow.pl\/index.php\/wp-json\/wp\/v2\/types\/page"}],"author":[{"embeddable":true,"href":"https:\/\/sp1hrubieszow.pl\/index.php\/wp-json\/wp\/v2\/users\/2"}],"replies":[{"embeddable":true,"href":"https:\/\/sp1hrubieszow.pl\/index.php\/wp-json\/wp\/v2\/comments?post=14073"}],"version-history":[{"count":1,"href":"https:\/\/sp1hrubieszow.pl\/index.php\/wp-json\/wp\/v2\/pages\/14073\/revisions"}],"predecessor-version":[{"id":14074,"href":"https:\/\/sp1hrubieszow.pl\/index.php\/wp-json\/wp\/v2\/pages\/14073\/revisions\/14074"}],"up":[{"embeddable":true,"href":"https:\/\/sp1hrubieszow.pl\/index.php\/wp-json\/wp\/v2\/pages\/5983"}],"wp:attachment":[{"href":"https:\/\/sp1hrubieszow.pl\/index.php\/wp-json\/wp\/v2\/media?parent=14073"}],"curies":[{"name":"wp","href":"https:\/\/api.w.org\/{rel}","templated":true}]}}