{"id":14053,"date":"2022-02-15T10:40:39","date_gmt":"2022-02-15T09:40:39","guid":{"rendered":"http:\/\/sp1.hrubieszow.info\/?page_id=14053"},"modified":"2022-02-15T10:41:48","modified_gmt":"2022-02-15T09:41:48","slug":"obchody-dnia-bezpiecznego-internetu2022","status":"publish","type":"page","link":"https:\/\/sp1hrubieszow.pl\/index.php\/kronika-2020-2021\/obchody-dnia-bezpiecznego-internetu2022\/","title":{"rendered":"Obchody Dnia Bezpiecznego Internetu\u20192022"},"content":{"rendered":"\n<div dir=\"auto\"><span style=\"color: #000080;\">W dniach 07-11.02.2022r. w Szkole Podstawowej Nr 1 im. Boles\u0142awa Prusa w Hrubieszowie zorganizowano obchody Dnia Bezpiecznego Internetu, kt\u00f3re przebiega\u0142y zgodnie ze zg\u0142oszon\u0105 inicjatyw\u0105 szkolnych obchod\u00f3w tego \u015bwi\u0119ta, zarejestrowan\u0105 na stronie <a class=\"oajrlxb2 g5ia77u1 qu0x051f esr5mh6w e9989ue4 r7d6kgcz rq0escxv nhd2j8a9 nc684nl6 p7hjln8o kvgmc6g5 cxmmr5t8 oygrvhab hcukyx3x jb3vyjys rz4wbd8a qt6c0cv9 a8nywdso i1ao9s8h esuyzwwr f1sip0of lzcic4wl gpro0wi8 py34i1dx\" style=\"color: #000080;\" tabindex=\"0\" role=\"link\" href=\"http:\/\/www.saferinternet.pl\/?fbclid=IwAR3oqy99TDwzdXZlNN8PBI6LGuZui5D75qzS1V3U7EOYVUqzbafW1AgAttg\" target=\"_blank\" rel=\"nofollow noopener\">www.saferinternet.pl.<\/a><\/span><\/div>\n<div dir=\"auto\"><span style=\"color: #000080;\">Uczniowie wzi\u0119li udzia\u0142 w zaj\u0119ciach edukacyjnych, warsztatach i <\/span><span style=\"color: #000080;\">&nbsp;spektaklach oraz przyst\u0105pili do konkurs\u00f3w indywidualnych i <\/span><span style=\"color: #000080;\">zespo\u0142owych, po\u015bwi\u0119conych tematyce bezpiecze\u0144stwa <\/span><span style=\"color: #000080;\">w sieci i profilaktyce w zakresie nadu\u017cywania urz\u0105dze\u0144 technologicznych.<\/span><\/div>\n<div dir=\"auto\"><span style=\"color: #000080;\">W dniu 08.02.2022r. uczniowie klas czwartych i nauczyciele wzi\u0119li udzia\u0142 w wyk\u0142adach i w warsztatach &#8222;Social media bez tajemnic&#8221; realizowanych w ramach projektu INNOWACJA-EDUKACJA @Strefa Pomys\u0142odawcy przez firm\u0119 Edukacja 3.0. Podczas zaj\u0119\u0107 czwartoklasi\u015bci uczyli si\u0119 o \u015bwiadomym kreowaniu wizerunku <\/span><span style=\"color: #000080;\">w sieci, analizowali, w jaki spos\u00f3b algorytmy i sztuczna inteligencja wp\u0142ywaj\u0105 na ludzkie wybory, rozpoznawali fake newsy i uczyli si\u0119, jak w przysz\u0142o\u015bci zabezpiecza\u0107 konta internetowe. W dniu 09.02.2022r. wybrane klasy uczestniczy\u0142y w zaj\u0119ciach profilaktycznych pt. \u201eNie hejtuj\u0119, reaguj\u0119\u201d oraz \u201eB\u0105d\u017a jak Sieciaki\u201d, prowadzonych przez pedagoga szkolnego.<\/span><\/div>\n<div dir=\"auto\"><span style=\"color: #000080;\">W dniach 10-11.02.2022r. uczniowie klas I-III orz V-VI wzi\u0119li udzia\u0142 w spektaklach i zaj\u0119ciach online \u201eDzieci Sieci. Plik i Folder na tropie internetowych k\u0142opot\u00f3w\u201d, kt\u00f3rych realizatorem by\u0142y instytucje dzia\u0142aj\u0105ce na rzecz bezpiecze\u0144stwa dzieci i m\u0142odzie\u017cy<\/span><\/div>\n<div dir=\"auto\"><span style=\"color: #000080;\">w Internecie, takie jak: NASK oraz Safer Internet. Misj\u0105 spektaklu pt. \u201dDzieci Sieci &#8211; Plik i Folder na tropie internetowych k\u0142opot\u00f3w&#8221; jest niesienie pomocy m\u0142odym widzom w bezpiecznym odkrywaniu Internetu. Dzieci, dzi\u0119ki obejrzeniu spektaklu, mog\u0142y dowiedzie\u0107 si\u0119 o zagro\u017ceniach w sieci, a bohaterowie krok po kroku wyja\u015bnili im jak mog\u0105 poradzi\u0107 sobie z tymi zagro\u017ceniami. O spektaklu: \u201eFilip i Ola, bohaterowie spektaklu, to rodze\u0144stwo, jakich wiele. Bardzo lubi\u0105 gry komputerowe i sp\u0119dzaj\u0105 w \u015bwiecie wirtualnym sporo czasu. Filipa, gry i internet wci\u0105gaj\u0105 tak bardzo, \u017ce zaczyna traci\u0107 kontakt z rzeczywisto\u015bci\u0105, a nawet traci przyjaci\u00f3\u0142. Ola, chc\u0105c odzyska\u0107 brata, przypadkowo wzywa na pomoc dw\u00f3ch super-bohater\u00f3w, Plika i Foldera, kt\u00f3rzy natychmiast przyst\u0119puj\u0105 do dzie\u0142a i ratuj\u0105 ch\u0142opca przed gro\u017anym Sieciowci\u0105giem\u201d.<\/span><\/div>\n<div dir=\"auto\"><span style=\"color: #000080;\">Po obejrzeniu spektaklu ka\u017cda grupa mog\u0142a uczestniczy\u0107 <\/span><span style=\"color: #000080;\">w zaj\u0119ciach online na \u017cywo, podczas kt\u00f3rych Plik i Folder, bohaterowie spektaklu, odpowiadali na pytania zadawane przez uczestnik\u00f3w na czacie oraz sprawdzali wiedz\u0119 uczni\u00f3w z zakresu znajomo\u015bci zasad bezpiecze\u0144stwa w sieci. Uczestnicy zaj\u0119\u0107 z ca\u0142ej Polski tworzyli wsp\u00f3lnie map\u0119 my\u015bli, kt\u00f3ra pojawi\u0142a si\u0119 na ekranach widz\u00f3w. Nasza &#8222;Jedynka&#8221; by\u0142a jedn\u0105 z tysi\u0105ca szk\u00f3\u0142, kt\u00f3re wzi\u0119\u0142y udzia\u0142 w spektaklach online.<\/span><\/div>\n<div dir=\"auto\"><span style=\"color: #000080;\">Dodatkowo, w ramach obchod\u00f3w DBI\u20192022, na szkolnym korytarzu zaprezentowano gazetk\u0119 \u015bcienn\u0105, po\u015bwi\u0119con\u0105 bezpiecze\u0144stwu <\/span><span style=\"color: #000080;\">w Internecie. Uczniowie, rodzice i nauczyciele otrzymali materia\u0142y edukacyjne, wys\u0142ane za po\u015brednictwem wiadomo\u015bci w dzienniku Librus. Rozstrzygni\u0119to indywidualny konkurs plastyczny \u201eBezpiecznie korzystam z Internetu\u201d oraz konkurs klasowy na plakat: \u201eGra planszowa, kontra gra komputerowa\u201d. Laureaci konkurs\u00f3w otrzymaj\u0105 nagrody i dyplomy po powrocie z ferii zimowych.<\/span><\/div>\n<div dir=\"auto\"><span style=\"color: #000080;\">Niechaj wszystkim uczniom, korzystaj\u0105cym z Internetu przy\u015bwiecaj\u0105 s\u0142owa, wy\u015bpiewane przez Foldera i Plika w spektaklu Dzieci Sieci:<\/span><\/div>\n<div dir=\"auto\"><span style=\"color: #000080;\">\u201eJe\u015bli zechcesz wej\u015b\u0107 do sieci, to pami\u0119taj r\u00f3b to z g\u0142ow\u0105, bo to Ty masz NETEM rz\u0105dzi\u0107 a nie Internet Tob\u0105!\u201d<\/span><\/div>\n<div dir=\"auto\">&nbsp;<\/div>\n<div dir=\"auto\"><span style=\"color: #000080;\">Koordynator szkolnych obchod\u00f3w Dnia Bezpiecznego Internetu\u20192022- Marta Kuczy\u0144ska, pedagog szkolny<\/span><\/div>\n<div dir=\"auto\">\nngg_shortcode_0_placeholder\n<\/div>\n","protected":false},"excerpt":{"rendered":"<p>W dniach 07-11.02.2022r. w Szkole Podstawowej Nr 1 im. Boles\u0142awa Prusa w Hrubieszowie zorganizowano obchody Dnia Bezpiecznego Internetu, kt\u00f3re przebiega\u0142y zgodnie ze zg\u0142oszon\u0105 inicjatyw\u0105 szkolnych obchod\u00f3w tego \u015bwi\u0119ta, zarejestrowan\u0105 na stronie www.saferinternet.pl. Uczniowie wzi\u0119li udzia\u0142 w zaj\u0119ciach edukacyjnych, warsztatach i &nbsp;spektaklach oraz przyst\u0105pili do konkurs\u00f3w indywidualnych i zespo\u0142owych, po\u015bwi\u0119conych tematyce bezpiecze\u0144stwa w sieci i profilaktyce [&hellip;]<\/p>\n","protected":false},"author":2,"featured_media":0,"parent":5983,"menu_order":0,"comment_status":"closed","ping_status":"closed","template":"","meta":{"ngg_post_thumbnail":0,"footnotes":""},"class_list":["post-14053","page","type-page","status-publish","hentry"],"_links":{"self":[{"href":"https:\/\/sp1hrubieszow.pl\/index.php\/wp-json\/wp\/v2\/pages\/14053","targetHints":{"allow":["GET"]}}],"collection":[{"href":"https:\/\/sp1hrubieszow.pl\/index.php\/wp-json\/wp\/v2\/pages"}],"about":[{"href":"https:\/\/sp1hrubieszow.pl\/index.php\/wp-json\/wp\/v2\/types\/page"}],"author":[{"embeddable":true,"href":"https:\/\/sp1hrubieszow.pl\/index.php\/wp-json\/wp\/v2\/users\/2"}],"replies":[{"embeddable":true,"href":"https:\/\/sp1hrubieszow.pl\/index.php\/wp-json\/wp\/v2\/comments?post=14053"}],"version-history":[{"count":1,"href":"https:\/\/sp1hrubieszow.pl\/index.php\/wp-json\/wp\/v2\/pages\/14053\/revisions"}],"predecessor-version":[{"id":14054,"href":"https:\/\/sp1hrubieszow.pl\/index.php\/wp-json\/wp\/v2\/pages\/14053\/revisions\/14054"}],"up":[{"embeddable":true,"href":"https:\/\/sp1hrubieszow.pl\/index.php\/wp-json\/wp\/v2\/pages\/5983"}],"wp:attachment":[{"href":"https:\/\/sp1hrubieszow.pl\/index.php\/wp-json\/wp\/v2\/media?parent=14053"}],"curies":[{"name":"wp","href":"https:\/\/api.w.org\/{rel}","templated":true}]}}