{"id":14003,"date":"2022-02-09T08:07:08","date_gmt":"2022-02-09T07:07:08","guid":{"rendered":"http:\/\/sp1.hrubieszow.info\/?page_id=14003"},"modified":"2022-02-09T08:07:22","modified_gmt":"2022-02-09T07:07:22","slug":"zawodowy-strzal-w-10","status":"publish","type":"page","link":"https:\/\/sp1hrubieszow.pl\/index.php\/kronika-2020-2021\/zawodowy-strzal-w-10\/","title":{"rendered":"&#8222;Zawodowy strza\u0142 w 10&#8221;"},"content":{"rendered":"\n<p><span style=\"color: #000080;\">Szanowni Pa\u0144stwo <\/span><br><span style=\"color: #000080;\">Informujemy Pa\u0144stwa, \u017ce w Lubelski Kurator O\u015bwiaty podejmuje kolejne spotkanie s\u0142u\u017c\u0105ce wsparciu rodzic\u00f3w uczni\u00f3w klas VIII w zakresie wyboru dalszego etapu kszta\u0142cenia i procesu rekrutacji do szk\u00f3\u0142 ponadpodstawowych pt. &#8222;<em>Wspieraj\u0105ca rola rodzic\u00f3w w wyborze drogi kszta\u0142cenia<\/em>&#8222;.<\/span><br><span style=\"color: #000080;\">Spotkanie on-line ze specjalistami w tej dziedzinie odb\u0119dzie si\u0119 dnia 9 lutego 2022 r. (\u015broda) o godz. 17.00.<\/span><br><br><span style=\"color: #000080;\"><a style=\"color: #000080;\" href=\"https:\/\/teams.microsoft.com\/l\/meetup-join\/19%3ameeting_ZmY1OTk1ZmMtYmIyMS00N2JmLTlmZTktNjBjYjZiOTAyN2Q1%40thread.v2\/0?context=%7b%22Tid%22%3a%22e006472f-3211-4ea2-a7c6-ebaa0cb3af78%22%2c%22Oid%22%3a%22d180fcff-1206-43fe-b5b5-8134a79f6b96%22%2c%22IsBroadcastMeeting%22%3atrue%7d&amp;btype=a&amp;role=a\"><strong>Link do spotkania:<\/strong><\/a><\/span><br><br><\/p>\n<p><span style=\"color: #000080;\"><a style=\"color: #000080;\" href=\"https:\/\/teams.microsoft.com\/l\/meetup-join\/19%3ameeting_ZmY1OTk1ZmMtYmIyMS00N2JmLTlmZTktNjBjYjZiOTAyN2Q1%40thread.v2\/0?context=%7b%22Tid%22%3a%22e006472f-3211-4ea2-a7c6-ebaa0cb3af78%22%2c%22Oid%22%3a%22d180fcff-1206-43fe-b5b5-8134a79f6b96%22%2c%22IsBroadcastMeeting%22%3atrue%7d&amp;btype=a&amp;role=a\">https:\/\/teams.microsoft.com\/l\/meetup-join\/19%3ameeting_ZmY1OTk1ZmMtYmIyMS00N2JmLTlmZTktNjBjYjZiOTAyN2Q1%40thread.v2\/0?context=%7b%22Tid%22%3a%22e006472f-3211-4ea2-a7c6-ebaa0cb3af78%22%2c%22Oid%22%3a%22d180fcff-1206-43fe-b5b5-8134a79f6b96%22%2c%22IsBroadcastMeeting%22%3atrue%7d&amp;btype=a&amp;role=a<\/a><\/span><\/p>\n","protected":false},"excerpt":{"rendered":"<p>Szanowni Pa\u0144stwo Informujemy Pa\u0144stwa, \u017ce w Lubelski Kurator O\u015bwiaty podejmuje kolejne spotkanie s\u0142u\u017c\u0105ce wsparciu rodzic\u00f3w uczni\u00f3w klas VIII w zakresie wyboru dalszego etapu kszta\u0142cenia i procesu rekrutacji do szk\u00f3\u0142 ponadpodstawowych pt. &#8222;Wspieraj\u0105ca rola rodzic\u00f3w w wyborze drogi kszta\u0142cenia&#8222;.Spotkanie on-line ze specjalistami w tej dziedzinie odb\u0119dzie si\u0119 dnia 9 lutego 2022 r. (\u015broda) o godz. 17.00. [&hellip;]<\/p>\n","protected":false},"author":2,"featured_media":0,"parent":5983,"menu_order":0,"comment_status":"closed","ping_status":"closed","template":"","meta":{"ngg_post_thumbnail":0,"footnotes":""},"class_list":["post-14003","page","type-page","status-publish","hentry"],"_links":{"self":[{"href":"https:\/\/sp1hrubieszow.pl\/index.php\/wp-json\/wp\/v2\/pages\/14003","targetHints":{"allow":["GET"]}}],"collection":[{"href":"https:\/\/sp1hrubieszow.pl\/index.php\/wp-json\/wp\/v2\/pages"}],"about":[{"href":"https:\/\/sp1hrubieszow.pl\/index.php\/wp-json\/wp\/v2\/types\/page"}],"author":[{"embeddable":true,"href":"https:\/\/sp1hrubieszow.pl\/index.php\/wp-json\/wp\/v2\/users\/2"}],"replies":[{"embeddable":true,"href":"https:\/\/sp1hrubieszow.pl\/index.php\/wp-json\/wp\/v2\/comments?post=14003"}],"version-history":[{"count":1,"href":"https:\/\/sp1hrubieszow.pl\/index.php\/wp-json\/wp\/v2\/pages\/14003\/revisions"}],"predecessor-version":[{"id":14004,"href":"https:\/\/sp1hrubieszow.pl\/index.php\/wp-json\/wp\/v2\/pages\/14003\/revisions\/14004"}],"up":[{"embeddable":true,"href":"https:\/\/sp1hrubieszow.pl\/index.php\/wp-json\/wp\/v2\/pages\/5983"}],"wp:attachment":[{"href":"https:\/\/sp1hrubieszow.pl\/index.php\/wp-json\/wp\/v2\/media?parent=14003"}],"curies":[{"name":"wp","href":"https:\/\/api.w.org\/{rel}","templated":true}]}}