{"id":13983,"date":"2022-02-08T17:05:02","date_gmt":"2022-02-08T16:05:02","guid":{"rendered":"http:\/\/sp1.hrubieszow.info\/?page_id=13983"},"modified":"2022-02-08T17:06:03","modified_gmt":"2022-02-08T16:06:03","slug":"rekrutacja-do-klasy-pierwszej-na-rok-szkolny-2022-2023","status":"publish","type":"page","link":"https:\/\/sp1hrubieszow.pl\/index.php\/kronika-2020-2021\/rekrutacja-do-klasy-pierwszej-na-rok-szkolny-2022-2023\/","title":{"rendered":"Rekrutacja do klasy pierwszej na rok  szkolny 2022\/2023"},"content":{"rendered":"\n<p><span style=\"color: #000080;\"><strong>Szko\u0142a Podstawowa Nr 1 im. B. Prusa w Hrubieszowie &nbsp;og\u0142asza zapisy do klasy pierwszej<\/strong><\/span><\/p>\n<p><span style=\"color: #000080;\">Zapisy trwaj\u0105 od <strong>14 lutego&nbsp;do 15 marca 2022 roku<\/strong>&nbsp;&nbsp;w&nbsp;<strong>godz. od 7.30 do 15.30&nbsp; w&nbsp;sekretariacie szko\u0142y<\/strong>.<\/span><\/p>\n<p><span style=\"color: #000080;\"><strong>Uwaga: Szko\u0142a oferuje utworzenie jednej klasy pierwszej o rozszerzonym programie wychowania fizycznego w wymiarze 6 godzin tygodniowo. <\/strong><\/span><\/p>\n<p><span style=\"color: #000080;\">Zapisu mo\u017ce dokona\u0107 wy\u0142\u0105cznie rodzic\/prawny opiekun dziecka poprzez wype\u0142nienie:<\/span><\/p>\n<ul>\n<li><span style=\"color: #000080;\"><strong>Karty zapisu dziecka <\/strong><\/span><\/li>\n<\/ul>\n<p><span style=\"color: #000080;\"><strong>Druki potrzebne do zapisu mo\u017cna pobra\u0107 ze strony internetowej szko\u0142y w zak\u0142adce REKRUTACJA (<a style=\"color: #000080;\" href=\"http:\/\/sp1.hrubieszow.info\/\">http:\/\/sp1.hrubieszow.info\/<\/a>), jak&nbsp; r\u00f3wnie\u017c otrzyma\u0107 w sekretariacie szko\u0142y.<\/strong><\/span><\/p>\n<p><span style=\"color: #000080;\">Do zapisu wymagany jest PESEL dziecka.<\/span><\/p>\n<p><span style=\"color: #000080;\">W przypadku zapisania syna\/c\u00f3rki zameldowanego w obwodzie Szko\u0142y Podstawowej Nr 1 w&nbsp;Hrubieszowie do innej szko\u0142y przypominamy o obowi\u0105zku zg\u0142oszenia tego faktu w szkole obwodowej.<\/span><\/p>\n<p><span style=\"color: #000080;\"><strong><u>Szko\u0142a dysponuje: <\/u><\/strong><\/span><\/p>\n<ol>\n<li><span style=\"color: #000080;\">Do\u015bwiadczon\u0105 kadr\u0105 pedagogiczn\u0105.<\/span><\/li>\n<li><span style=\"color: #000080;\">Salami lekcyjnymi wyposa\u017conymi w tablice interaktywne , sprz\u0119t multimedialny i&nbsp;nowoczesne&nbsp; pomoce dydaktyczne. Ostatnio baza szko\u0142y zosta\u0142a wzbogacona w&nbsp;innowacyjny sprz\u0119t&nbsp; otrzymany w ramach projektu MEiN \u201eLaboratoria Przysz\u0142o\u015bci\u201d.<\/span><\/li>\n<li><span style=\"color: #000080;\">Sal\u0105 korekcyjn\u0105 z pe\u0142nym wyposa\u017ceniem do prowadzenia zaj\u0119\u0107 gimnastyki korekcyjnej, ma\u0142\u0105 sal\u0105 gimnastyczn\u0105, sprz\u0119tem sportowym. W roku szkolnym 2022\/2023 zostanie oddana do u\u017cytku nowoczesna hala sportowa.<\/span><\/li>\n<li><span style=\"color: #000080;\">Wyposa\u017con\u0105 w ciekawe nowo\u015bci wydawnicze bibliotek\u0105 szkoln\u0105 z czytelni\u0105 i centrum multimedialnym.<\/span><\/li>\n<li><span style=\"color: #000080;\">\u015awietlic\u0105 i sto\u0142\u00f3wk\u0105 (godziny pracy dostosowane do potrzeb dzieci i ich rodzic\u00f3w).<\/span><\/li>\n<li><span style=\"color: #000080;\">Monitoringiem w szkole i na zewn\u0105trz budynku.<\/span><\/li>\n<li><span style=\"color: #000080;\">Profilaktycznym gabinetem opieki medycznej i gabinetem stomatologicznym<\/span><\/li>\n<\/ol>\n<p><span style=\"color: #000080;\"><strong><u>Oferujemy mi\u0119dzy innymi: <\/u><\/strong><\/span><\/p>\n<ol>\n<li><span style=\"color: #000080;\">Nauk\u0119, opiek\u0119 i wychowanie dzieci pod kierunkiem wykwalifikowanej kadry.<\/span><\/li>\n<li><span style=\"color: #000080;\">Dostosowanie nauczania do mo\u017cliwo\u015bci i potrzeb dzieci, tak\u017ce dzieci o specjalnych potrzebach edukacyjnych.&nbsp;&nbsp;<\/span><\/li>\n<li><span style=\"color: #000080;\">Klimat szko\u0142y sprzyjaj\u0105cy dobremu samopoczuciu i bezpiecze\u0144stwu dziecka.<\/span><\/li>\n<li><span style=\"color: #000080;\">Wszechstronny rozw\u00f3j zainteresowa\u0144 uczni\u00f3w przez udzia\u0142 w r\u00f3\u017cnorodnych konkursach, turniejach, zawodach i&nbsp;uroczysto\u015bciach.<\/span><\/li>\n<li><span style=\"color: #000080;\">Metody pracy pozwalaj\u0105ce wydobywa\u0107 i rozwija\u0107 dzieci\u0119ce talenty oraz zdolno\u015bci.<\/span><\/li>\n<li><span style=\"color: #000080;\">Zaj\u0119cia sportowe i og\u00f3lnorozwojowe w sali gimnastycznej, boiskach wielofunkcyjnych .<\/span><\/li>\n<li><span style=\"color: #000080;\">Pomoc psychologiczno \u2013 pedagogiczn\u0105, zaj\u0119cia logopedyczne.<\/span><\/li>\n<\/ol>\n<p><span style=\"color: #000080;\"><strong>Wa\u017cne terminy rekrutacji :<\/strong><\/span><\/p>\n<p><span style=\"color: #000080;\"><strong>Na podstawie zarz\u0105dzenia Burmistrza Miasta Hrubieszowa nr 676\/2022 z dnia 11 stycznia 2022 r. w sprawie okre\u015blenia termin\u00f3w przeprowadzenia post\u0119powania rekrutacyjnego i post\u0119powania uzupe\u0142niaj\u0105cego na rok szkolny 2022\/2023 do oddzia\u0142\u00f3w przedszkolnych w publicznych szko\u0142ach podstawowych oraz klas I publicznych szk\u00f3\u0142 podstawowych, dla Kt\u00f3rych organem prowadz\u0105cym jest Gmina Miejska Hrubiesz\u00f3w, ustala si\u0119 nast\u0119puj\u0105ce terminy post\u0119powania rekrutacyjnego:<\/strong><\/span><\/p>\n<ol>\n<li><span style=\"color: #000080;\">sk\u0142adanie wniosk\u00f3w o przyj\u0119cie do klasy I szko\u0142y podstawowej wraz z dokumentami potwierdzaj\u0105cymi spe\u0142nianie przez kandydata warunk\u00f3w lub kryteri\u00f3w branych pod uwag\u0119 w post\u0119powaniu rekrutacyjnym \u2013 od 14 lutego 2022r. do 15 marca 2022r.;<\/span><\/li>\n<li><span style=\"color: #000080;\">weryfikacja przez komisj\u0119 rekrutacyjn\u0105 z\u0142o\u017conych wniosk\u00f3w i dokument\u00f3w \u2013 od 16 marca 2022r. do 24 marca 2022r.;<\/span><\/li>\n<li><span style=\"color: #000080;\">podanie do publicznej wiadomo\u015bci listy kandydat\u00f3w zakwalifikowanych i kandydat\u00f3w niezakwalifikowanych \u2013 25 marca 2022r.;<\/span><\/li>\n<li><span style=\"color: #000080;\">potwierdzenie przez rodzica lub opiekuna prawnego kandydata woli przyj\u0119cia dziecka do klasy I szko\u0142y podstawowej \u2013 od 25 marca 2022r. do 30 marca 2022r.;<\/span><\/li>\n<li><span style=\"color: #000080;\">podanie do publicznej wiadomo\u015bci listy kandydat\u00f3w przyj\u0119tych i kandydat\u00f3w nieprzyj\u0119tych \u2013 31 marca 2022r.;<\/span><\/li>\n<li><span style=\"color: #000080;\">sk\u0142adanie wniosk\u00f3w o przyj\u0119cie do klasy I szko\u0142y podstawowej wraz z dokumentami potwierdzaj\u0105cymi spe\u0142nianie przez kandydata warunk\u00f3w lub kryteri\u00f3w branych pod uwag\u0119 w post\u0119powaniu uzupe\u0142niaj\u0105cym \u2013 od 4 kwietnia 2022r. do 29 lipca 2022r.;<\/span><\/li>\n<li><span style=\"color: #000080;\">weryfikacja przez komisj\u0119 rekrutacyjn\u0105 wniosk\u00f3w i dokument\u00f3w z\u0142o\u017conych <\/span><br><span style=\"color: #000080;\">w post\u0119powaniu uzupe\u0142niaj\u0105cym \u2013 od 1 sierpnia 2022r. do 11 sierpnia 2022r.;<\/span><\/li>\n<li><span style=\"color: #000080;\">podanie do publicznej wiadomo\u015bci listy kandydat\u00f3w zakwalifikowanych i kandydat\u00f3w niezakwalifikowanych \u2013 12 sierpnia 2022r.;<\/span><\/li>\n<li><span style=\"color: #000080;\">potwierdzenie przez rodzica lub opiekuna prawnego kandydata woli przyj\u0119cia dziecka do klasy I szko\u0142y podstawowej \u2013 od 16 sierpnia 2022r. do 19 sierpnia 2022r.;<\/span><\/li>\n<li><span style=\"color: #000080;\">podanie do publicznej wiadomo\u015bci listy kandydat\u00f3w przyj\u0119tych i kandydat\u00f3w nieprzyj\u0119tych \u2013 22 sierpnia 2022r.<\/span><\/li>\n<\/ol>\n<p><span style=\"color: #000080;\"><strong><em>Dyrekcja szko\u0142y <\/em><\/strong><\/span><\/p>\n<p>&nbsp;<\/p>\n","protected":false},"excerpt":{"rendered":"<p>Szko\u0142a Podstawowa Nr 1 im. B. Prusa w Hrubieszowie &nbsp;og\u0142asza zapisy do klasy pierwszej Zapisy trwaj\u0105 od 14 lutego&nbsp;do 15 marca 2022 roku&nbsp;&nbsp;w&nbsp;godz. od 7.30 do 15.30&nbsp; w&nbsp;sekretariacie szko\u0142y. Uwaga: Szko\u0142a oferuje utworzenie jednej klasy pierwszej o rozszerzonym programie wychowania fizycznego w wymiarze 6 godzin tygodniowo. Zapisu mo\u017ce dokona\u0107 wy\u0142\u0105cznie rodzic\/prawny opiekun dziecka poprzez wype\u0142nienie: [&hellip;]<\/p>\n","protected":false},"author":2,"featured_media":0,"parent":5983,"menu_order":0,"comment_status":"closed","ping_status":"closed","template":"","meta":{"ngg_post_thumbnail":0,"footnotes":""},"class_list":["post-13983","page","type-page","status-publish","hentry"],"_links":{"self":[{"href":"https:\/\/sp1hrubieszow.pl\/index.php\/wp-json\/wp\/v2\/pages\/13983","targetHints":{"allow":["GET"]}}],"collection":[{"href":"https:\/\/sp1hrubieszow.pl\/index.php\/wp-json\/wp\/v2\/pages"}],"about":[{"href":"https:\/\/sp1hrubieszow.pl\/index.php\/wp-json\/wp\/v2\/types\/page"}],"author":[{"embeddable":true,"href":"https:\/\/sp1hrubieszow.pl\/index.php\/wp-json\/wp\/v2\/users\/2"}],"replies":[{"embeddable":true,"href":"https:\/\/sp1hrubieszow.pl\/index.php\/wp-json\/wp\/v2\/comments?post=13983"}],"version-history":[{"count":1,"href":"https:\/\/sp1hrubieszow.pl\/index.php\/wp-json\/wp\/v2\/pages\/13983\/revisions"}],"predecessor-version":[{"id":13984,"href":"https:\/\/sp1hrubieszow.pl\/index.php\/wp-json\/wp\/v2\/pages\/13983\/revisions\/13984"}],"up":[{"embeddable":true,"href":"https:\/\/sp1hrubieszow.pl\/index.php\/wp-json\/wp\/v2\/pages\/5983"}],"wp:attachment":[{"href":"https:\/\/sp1hrubieszow.pl\/index.php\/wp-json\/wp\/v2\/media?parent=13983"}],"curies":[{"name":"wp","href":"https:\/\/api.w.org\/{rel}","templated":true}]}}