{"id":13978,"date":"2022-02-07T16:31:00","date_gmt":"2022-02-07T15:31:00","guid":{"rendered":"http:\/\/sp1.hrubieszow.info\/?page_id=13978"},"modified":"2022-02-07T16:31:40","modified_gmt":"2022-02-07T15:31:40","slug":"szkola-myslenia-pozytywnego-2-0-zadanie-na-miesiac-styczen-2022r","status":"publish","type":"page","link":"https:\/\/sp1hrubieszow.pl\/index.php\/kronika-2020-2021\/szkola-myslenia-pozytywnego-2-0-zadanie-na-miesiac-styczen-2022r\/","title":{"rendered":"Szko\u0142a My\u015blenia Pozytywnego 2.0-zadanie na miesi\u0105c stycze\u0144 2022r."},"content":{"rendered":"\n<div dir=\"auto\"><span style=\"color: #000080;\">W styczniu 2022r., w ramach udzia\u0142u naszej szko\u0142y w programie &#8222;Szko\u0142a My\u015blenia Pozytywnego 2.0&#8221;, wykonywali\u015bmy zadanie certyfikacyjne, polegaj\u0105ce na przeprowadzeniu badania diagnostycznego, dotycz\u0105cego wykorzystania nowych technologii, w\u015br\u00f3d uczni\u00f3w klas V-VIII. W badaniu wzi\u0119li udzia\u0142 uczniowie z klas: Va (wych. pani Anna Suwa\u0142a), Vb (wych. pani Ewa Filipowicz-Sidorczuk), Vc (wych. pani Anna Lewandowska), 6a (wych. pani Ewa Szostak), VIIc (wych. pani Monika Anigacz) oraz VIIIb (wych. pani Monika Czulak). Udost\u0119pnione przez Instytut Edukacji Pozytywnej narz\u0119dzie diagnostyczne, pozwoli\u0142o na bie\u017c\u0105ce monitorowanie zakresu wp\u0142ywu Internetu na stan zdrowia psychicznego uczni\u00f3w i uczennic. Analiza wype\u0142nionych, ankiet da\u0142a informacj\u0119 wychowawcom i pedagogom o trendach oraz o tym, co dla m\u0142odych os\u00f3b jest wa\u017cne w zakresie sp\u0119dzania wolnego czasu poprzez korzystanie z technologii. Przeprowadzona diagnoza pozwoli\u0142a na dostrze\u017cenie problem\u00f3w, w zakresie nadu\u017cywania medi\u00f3w, wykorzystywania nieodpowiednich tre\u015bci, na jakie trafiaj\u0105 m\u0142odzi ludzie w sieci oraz zagro\u017ce\u0144 w zakresie bezpiecze\u0144stwa w sieci. Nale\u017cy zaznaczy\u0107, \u017ce regularne prowadzenie monitoringu przesiewowego, wspiera pe\u0142n\u0105 realizacj\u0119 programu profilaktyki zdrowia psychicznego w tej grupie wiekowej oraz daje informacj\u0119 o jego efektach. Z tego wzgl\u0119du w klasach odby\u0142y si\u0119 zaj\u0119cia wychowawcze, dotycz\u0105ce nadu\u017cywania urz\u0105dze\u0144 technologicznych w tym zaj\u0119cia o efekcie FOMO oraz zaj\u0119cia profilaktyczne, dotycz\u0105ce zapobiegania cyberprzemocy &#8222;Nie hejtuj\u0119, reaguj\u0119&#8221;. Kolejne zaj\u0119cia i dzia\u0142ania przewidziane s\u0105 do realizacji w nadchodz\u0105cym tygodniu, w ramach obchod\u00f3w Dnia Bezpiecznego Internetu&#8217;2022. W celu propagowania korzystania przez uczni\u00f3w z rozwijaj\u0105cych form sp\u0119dzania czasu wolnego, zaproszono ich do udzia\u0142u w konkursie na klasowy plakat pt. &#8222;Gra planszowa kontra gra komputerowa&#8221;. Mamy nadziej\u0119, \u017ce wdro\u017cone dzia\u0142ania przyczyni\u0105 si\u0119 do poprawy \u015bwiadomo\u015bci uczni\u00f3w w zakresie niew\u0142a\u015bciwego korzystania z urz\u0105dze\u0144 technologicznych.<\/span><\/div>\n<div dir=\"auto\"><span style=\"color: #000080;\">Dodatkowo, w ramach wykonywania zadania certyfikacyjnego na miesi\u0105c stycze\u0144, przyst\u0105pili\u015bmy do programu &#8222;NVC w edukacji&#8221;, nauczyciele i rodzice skorzystali i w dalszym ci\u0105gu korzystaj\u0105 ze szkole\u0144 w zakresie &#8222;Komunikacji bez przemocy&#8221;.<\/span><\/div>\n<div dir=\"auto\">&nbsp;<\/div>\n<div dir=\"auto\"><span style=\"color: #000080;\">Koordynator programu &#8222;Szko\u0142a My\u015blenia Pozytywnego 2.0&#8221; w SP Nr 1 w Hrubieszowie-Marta Kuczy\u0144ska, pedagog szkolny<\/span><\/div>\n<div dir=\"auto\">\nngg_shortcode_0_placeholder\n<\/div>\n","protected":false},"excerpt":{"rendered":"<p>W styczniu 2022r., w ramach udzia\u0142u naszej szko\u0142y w programie &#8222;Szko\u0142a My\u015blenia Pozytywnego 2.0&#8221;, wykonywali\u015bmy zadanie certyfikacyjne, polegaj\u0105ce na przeprowadzeniu badania diagnostycznego, dotycz\u0105cego wykorzystania nowych technologii, w\u015br\u00f3d uczni\u00f3w klas V-VIII. W badaniu wzi\u0119li udzia\u0142 uczniowie z klas: Va (wych. pani Anna Suwa\u0142a), Vb (wych. pani Ewa Filipowicz-Sidorczuk), Vc (wych. pani Anna Lewandowska), 6a (wych. pani [&hellip;]<\/p>\n","protected":false},"author":2,"featured_media":0,"parent":5983,"menu_order":0,"comment_status":"closed","ping_status":"closed","template":"","meta":{"ngg_post_thumbnail":0,"footnotes":""},"class_list":["post-13978","page","type-page","status-publish","hentry"],"_links":{"self":[{"href":"https:\/\/sp1hrubieszow.pl\/index.php\/wp-json\/wp\/v2\/pages\/13978","targetHints":{"allow":["GET"]}}],"collection":[{"href":"https:\/\/sp1hrubieszow.pl\/index.php\/wp-json\/wp\/v2\/pages"}],"about":[{"href":"https:\/\/sp1hrubieszow.pl\/index.php\/wp-json\/wp\/v2\/types\/page"}],"author":[{"embeddable":true,"href":"https:\/\/sp1hrubieszow.pl\/index.php\/wp-json\/wp\/v2\/users\/2"}],"replies":[{"embeddable":true,"href":"https:\/\/sp1hrubieszow.pl\/index.php\/wp-json\/wp\/v2\/comments?post=13978"}],"version-history":[{"count":1,"href":"https:\/\/sp1hrubieszow.pl\/index.php\/wp-json\/wp\/v2\/pages\/13978\/revisions"}],"predecessor-version":[{"id":13979,"href":"https:\/\/sp1hrubieszow.pl\/index.php\/wp-json\/wp\/v2\/pages\/13978\/revisions\/13979"}],"up":[{"embeddable":true,"href":"https:\/\/sp1hrubieszow.pl\/index.php\/wp-json\/wp\/v2\/pages\/5983"}],"wp:attachment":[{"href":"https:\/\/sp1hrubieszow.pl\/index.php\/wp-json\/wp\/v2\/media?parent=13978"}],"curies":[{"name":"wp","href":"https:\/\/api.w.org\/{rel}","templated":true}]}}