{"id":13939,"date":"2022-02-01T16:36:01","date_gmt":"2022-02-01T15:36:01","guid":{"rendered":"http:\/\/sp1.hrubieszow.info\/?page_id=13939"},"modified":"2022-02-01T16:36:21","modified_gmt":"2022-02-01T15:36:21","slug":"dzialania-wspierajace-rekrutacje-do-szkol-ponadpodstawowych","status":"publish","type":"page","link":"https:\/\/sp1hrubieszow.pl\/index.php\/kronika-2020-2021\/dzialania-wspierajace-rekrutacje-do-szkol-ponadpodstawowych\/","title":{"rendered":"Dzia\u0142ania wspieraj\u0105ce rekrutacj\u0119 do szk\u00f3\u0142 ponadpodstawowych"},"content":{"rendered":"\n<p><span style=\"color: #000080;\">1 lutego 2022 roku odby\u0142a si\u0119 wideokonferencja prasowa Lubelskiego Kuratora O\u015bwiaty dotycz\u0105ca rekrutacji do szk\u00f3\u0142 ponadpodstawowych na rok szkolny 2022\/2023. Teresa Misiuk przedstawi\u0142a najistotniejsze terminy obowi\u0105zuj\u0105ce w post\u0119powaniu rekrutacyjnym w wojew\u00f3dztwie lubelskim &nbsp;(szczeg\u00f3\u0142owy harmonogram jest dost\u0119pny na stronie <a style=\"color: #000080;\" href=\"https:\/\/www.kuratorium.lublin.pl\/?akc=akt&amp;op=szcz&amp;id=11731\">https:\/\/www.kuratorium.lublin.pl\/?akc=akt&amp;op=szcz&amp;id=11731<\/a>) oraz om\u00f3wi\u0142a zaplanowane dzia\u0142ania wspieraj\u0105ce rodzic\u00f3w i uczni\u00f3w w wyborze odpowiedniej plac\u00f3wki. Ju\u017c 9 lutego br. odb\u0119dzie si\u0119 wideokonferencja dla rodzic\u00f3w klas VII i VIII z udzia\u0142em doradc\u00f3w zawodowych, tego samego dnia zostanie te\u017c uruchomiony \u201eInformator o szko\u0142ach ponadpodstawowych\u201d pozwalaj\u0105cy na zapoznanie si\u0119 z aktualn\u0105 ofert\u0105 szk\u00f3\u0142 zawodowych i og\u00f3lnokszta\u0142c\u0105cych na terenie wojew\u00f3dztwa lubelskiego. Ponadto od 7 do 11 marca br. trwa\u0107 b\u0119dzie \u201eTydzie\u0144 kariery zawodowej\u201d &nbsp;a do zako\u0144czenia rekrutacji \u2013 wydarzenia i konferencje online w powiatach i prowadzonych przez te samorz\u0105dy plac\u00f3wkach.<\/span><br><span style=\"color: #000080;\">Nast\u0119pnie El\u017cbieta Denejko, dyrektor Wydzia\u0142u Kszta\u0142cenia Zawodowego i Ustawicznego, om\u00f3wi\u0142a wyniki prowadzonych przez kuratorium analiz dotycz\u0105cych dokonywanych przez absolwent\u00f3w szk\u00f3\u0142 podstawowych wybor\u00f3w edukacyjnych oraz adekwatno\u015bci oferty szk\u00f3\u0142 zawodowych, zw\u0142aszcza w kontek\u015bcie potrzeb krajowego i lokalnego rynku pracy.<\/span><br><span style=\"color: #000080;\">Materia\u0142y z konferencji s\u0105 dost\u0119pne w za\u0142\u0105cznikach poni\u017cej.<\/span><\/p>\n<p><span style=\"color: #000080;\"><strong>Pliki do pobrania<\/strong><\/span><\/p>\n<ul>\n<li><span style=\"color: #000080;\"><a style=\"color: #000080;\" href=\"https:\/\/www.kuratorium.lublin.pl\/pliki\/akt\/id_11737\/zal\/kszta%B3cenie%20zawodowe%20w%20wojew%F3dztwie%20lubelskim.pdf\" data-wplink-edit=\"true\"><strong>kszta\u0142cenie zawodowe w wojew\u00f3dztwie lubelskim.pdf<\/strong><\/a><strong> (1.41MB)<\/strong><\/span><\/li>\n<li><span style=\"color: #000080;\"><a style=\"color: #000080;\" href=\"https:\/\/www.kuratorium.lublin.pl\/pliki\/akt\/id_11737\/zal\/Rekrutacja%202022-2023.pdf\" data-wplink-edit=\"true\"><strong>Rekrutacja 2022-2023.pdf<\/strong><\/a><strong> (742.11KB)<\/strong><\/span><\/li>\n<\/ul>\n","protected":false},"excerpt":{"rendered":"<p>1 lutego 2022 roku odby\u0142a si\u0119 wideokonferencja prasowa Lubelskiego Kuratora O\u015bwiaty dotycz\u0105ca rekrutacji do szk\u00f3\u0142 ponadpodstawowych na rok szkolny 2022\/2023. Teresa Misiuk przedstawi\u0142a najistotniejsze terminy obowi\u0105zuj\u0105ce w post\u0119powaniu rekrutacyjnym w wojew\u00f3dztwie lubelskim &nbsp;(szczeg\u00f3\u0142owy harmonogram jest dost\u0119pny na stronie https:\/\/www.kuratorium.lublin.pl\/?akc=akt&amp;op=szcz&amp;id=11731) oraz om\u00f3wi\u0142a zaplanowane dzia\u0142ania wspieraj\u0105ce rodzic\u00f3w i uczni\u00f3w w wyborze odpowiedniej plac\u00f3wki. Ju\u017c 9 lutego br. [&hellip;]<\/p>\n","protected":false},"author":2,"featured_media":0,"parent":5983,"menu_order":0,"comment_status":"closed","ping_status":"closed","template":"","meta":{"ngg_post_thumbnail":0,"footnotes":""},"class_list":["post-13939","page","type-page","status-publish","hentry"],"_links":{"self":[{"href":"https:\/\/sp1hrubieszow.pl\/index.php\/wp-json\/wp\/v2\/pages\/13939","targetHints":{"allow":["GET"]}}],"collection":[{"href":"https:\/\/sp1hrubieszow.pl\/index.php\/wp-json\/wp\/v2\/pages"}],"about":[{"href":"https:\/\/sp1hrubieszow.pl\/index.php\/wp-json\/wp\/v2\/types\/page"}],"author":[{"embeddable":true,"href":"https:\/\/sp1hrubieszow.pl\/index.php\/wp-json\/wp\/v2\/users\/2"}],"replies":[{"embeddable":true,"href":"https:\/\/sp1hrubieszow.pl\/index.php\/wp-json\/wp\/v2\/comments?post=13939"}],"version-history":[{"count":1,"href":"https:\/\/sp1hrubieszow.pl\/index.php\/wp-json\/wp\/v2\/pages\/13939\/revisions"}],"predecessor-version":[{"id":13940,"href":"https:\/\/sp1hrubieszow.pl\/index.php\/wp-json\/wp\/v2\/pages\/13939\/revisions\/13940"}],"up":[{"embeddable":true,"href":"https:\/\/sp1hrubieszow.pl\/index.php\/wp-json\/wp\/v2\/pages\/5983"}],"wp:attachment":[{"href":"https:\/\/sp1hrubieszow.pl\/index.php\/wp-json\/wp\/v2\/media?parent=13939"}],"curies":[{"name":"wp","href":"https:\/\/api.w.org\/{rel}","templated":true}]}}