{"id":13929,"date":"2022-01-25T18:23:20","date_gmt":"2022-01-25T17:23:20","guid":{"rendered":"http:\/\/sp1.hrubieszow.info\/?page_id=13929"},"modified":"2022-01-29T20:13:48","modified_gmt":"2022-01-29T19:13:48","slug":"wyjazd-na-narty","status":"publish","type":"page","link":"https:\/\/sp1hrubieszow.pl\/index.php\/kronika-2020-2021\/wyjazd-na-narty\/","title":{"rendered":"Wyjazd na narty"},"content":{"rendered":"\n<div dir=\"auto\"><span style=\"color: #000080;\">Jak co roku kontynuujemy nasz\u0105 przygod\u0119 z nartami. Ponad 40 osobowa grupa uczni\u00f3w pod okiem swoich nauczycieli uczy\u0142a si\u0119 oraz doskonali\u0142a swoje umiej\u0119tno\u015bci jazdy na nartach.<\/span><\/div>\n<div dir=\"auto\"><span style=\"color: #000080;\">Zapraszamy wszystkich ch\u0119tnych uczni\u00f3w na nast\u0119pny wyjazd.<\/span><\/div>\n<div dir=\"auto\">\nngg_shortcode_0_placeholder\n<\/div>\n","protected":false},"excerpt":{"rendered":"<p>Jak co roku kontynuujemy nasz\u0105 przygod\u0119 z nartami. Ponad 40 osobowa grupa uczni\u00f3w pod okiem swoich nauczycieli uczy\u0142a si\u0119 oraz doskonali\u0142a swoje umiej\u0119tno\u015bci jazdy na nartach. Zapraszamy wszystkich ch\u0119tnych uczni\u00f3w na nast\u0119pny wyjazd.<\/p>\n","protected":false},"author":2,"featured_media":0,"parent":5983,"menu_order":0,"comment_status":"closed","ping_status":"closed","template":"","meta":{"ngg_post_thumbnail":0,"footnotes":""},"class_list":["post-13929","page","type-page","status-publish","hentry"],"_links":{"self":[{"href":"https:\/\/sp1hrubieszow.pl\/index.php\/wp-json\/wp\/v2\/pages\/13929","targetHints":{"allow":["GET"]}}],"collection":[{"href":"https:\/\/sp1hrubieszow.pl\/index.php\/wp-json\/wp\/v2\/pages"}],"about":[{"href":"https:\/\/sp1hrubieszow.pl\/index.php\/wp-json\/wp\/v2\/types\/page"}],"author":[{"embeddable":true,"href":"https:\/\/sp1hrubieszow.pl\/index.php\/wp-json\/wp\/v2\/users\/2"}],"replies":[{"embeddable":true,"href":"https:\/\/sp1hrubieszow.pl\/index.php\/wp-json\/wp\/v2\/comments?post=13929"}],"version-history":[{"count":1,"href":"https:\/\/sp1hrubieszow.pl\/index.php\/wp-json\/wp\/v2\/pages\/13929\/revisions"}],"predecessor-version":[{"id":13930,"href":"https:\/\/sp1hrubieszow.pl\/index.php\/wp-json\/wp\/v2\/pages\/13929\/revisions\/13930"}],"up":[{"embeddable":true,"href":"https:\/\/sp1hrubieszow.pl\/index.php\/wp-json\/wp\/v2\/pages\/5983"}],"wp:attachment":[{"href":"https:\/\/sp1hrubieszow.pl\/index.php\/wp-json\/wp\/v2\/media?parent=13929"}],"curies":[{"name":"wp","href":"https:\/\/api.w.org\/{rel}","templated":true}]}}