{"id":13897,"date":"2022-01-24T18:07:06","date_gmt":"2022-01-24T17:07:06","guid":{"rendered":"http:\/\/sp1.hrubieszow.info\/?page_id=13897"},"modified":"2022-01-24T18:07:40","modified_gmt":"2022-01-24T17:07:40","slug":"dzien-babci-i-dziadka","status":"publish","type":"page","link":"https:\/\/sp1hrubieszow.pl\/index.php\/kronika-2020-2021\/dzien-babci-i-dziadka\/","title":{"rendered":"Dzie\u0144 Babci i Dziadka"},"content":{"rendered":"\n<p><span style=\"color: #000080;\">\u201eBabciu i Dziadziu!<\/span><\/p>\n<p><span style=\"color: #000080;\">Wy zawsze wszystko najlepiej wiecie,<\/span><\/p>\n<p><span style=\"color: #000080;\">Smutno by by\u0142o bez was na \u015bwiecie\u201d<\/span><\/p>\n<p><span style=\"color: #000080;\">21 stycznia 2022 r. uczniowie klasy 1 b pod kierunkiem wychowawczyni pani Moniki Korneluk przygotowali kr\u00f3tki wyst\u0119p z okazji Dnia Babci i Dziadka. Poprzez wiersze i piosenki dzieci podzi\u0119kowa\u0142y Dziadkom za ich trud, cierpliwo\u015b\u0107 i oddanie. Wyrazem ogromnej mi\u0142o\u015bci by\u0142y tak\u017ce w\u0142asnor\u0119cznie wykonane dla nich przepi\u0119kne laurki.<\/span><\/p>\n<div style=\"width: 625px;\" class=\"wp-video\"><video class=\"wp-video-shortcode\" id=\"video-13897-1\" width=\"625\" height=\"359\" preload=\"metadata\" controls=\"controls\"><source type=\"video\/mp4\" src=\"http:\/\/sp1.hrubieszow.info\/wp-content\/uploads\/2022\/01\/video-1642959863.mp4?_=1\" \/><a href=\"http:\/\/sp1.hrubieszow.info\/wp-content\/uploads\/2022\/01\/video-1642959863.mp4\">http:\/\/sp1.hrubieszow.info\/wp-content\/uploads\/2022\/01\/video-1642959863.mp4<\/a><\/video><\/div>\n<p>&nbsp;<\/p>\n","protected":false},"excerpt":{"rendered":"<p>\u201eBabciu i Dziadziu! Wy zawsze wszystko najlepiej wiecie, Smutno by by\u0142o bez was na \u015bwiecie\u201d 21 stycznia 2022 r. uczniowie klasy 1 b pod kierunkiem wychowawczyni pani Moniki Korneluk przygotowali kr\u00f3tki wyst\u0119p z okazji Dnia Babci i Dziadka. Poprzez wiersze i piosenki dzieci podzi\u0119kowa\u0142y Dziadkom za ich trud, cierpliwo\u015b\u0107 i oddanie. Wyrazem ogromnej mi\u0142o\u015bci by\u0142y [&hellip;]<\/p>\n","protected":false},"author":2,"featured_media":0,"parent":5983,"menu_order":0,"comment_status":"closed","ping_status":"closed","template":"","meta":{"ngg_post_thumbnail":0,"footnotes":""},"class_list":["post-13897","page","type-page","status-publish","hentry"],"_links":{"self":[{"href":"https:\/\/sp1hrubieszow.pl\/index.php\/wp-json\/wp\/v2\/pages\/13897","targetHints":{"allow":["GET"]}}],"collection":[{"href":"https:\/\/sp1hrubieszow.pl\/index.php\/wp-json\/wp\/v2\/pages"}],"about":[{"href":"https:\/\/sp1hrubieszow.pl\/index.php\/wp-json\/wp\/v2\/types\/page"}],"author":[{"embeddable":true,"href":"https:\/\/sp1hrubieszow.pl\/index.php\/wp-json\/wp\/v2\/users\/2"}],"replies":[{"embeddable":true,"href":"https:\/\/sp1hrubieszow.pl\/index.php\/wp-json\/wp\/v2\/comments?post=13897"}],"version-history":[{"count":1,"href":"https:\/\/sp1hrubieszow.pl\/index.php\/wp-json\/wp\/v2\/pages\/13897\/revisions"}],"predecessor-version":[{"id":13898,"href":"https:\/\/sp1hrubieszow.pl\/index.php\/wp-json\/wp\/v2\/pages\/13897\/revisions\/13898"}],"up":[{"embeddable":true,"href":"https:\/\/sp1hrubieszow.pl\/index.php\/wp-json\/wp\/v2\/pages\/5983"}],"wp:attachment":[{"href":"https:\/\/sp1hrubieszow.pl\/index.php\/wp-json\/wp\/v2\/media?parent=13897"}],"curies":[{"name":"wp","href":"https:\/\/api.w.org\/{rel}","templated":true}]}}