{"id":13850,"date":"2022-01-10T16:20:55","date_gmt":"2022-01-10T15:20:55","guid":{"rendered":"http:\/\/sp1.hrubieszow.info\/?page_id=13850"},"modified":"2022-01-10T16:22:58","modified_gmt":"2022-01-10T15:22:58","slug":"kolejny-w-tym-semestrze-zawodowystream","status":"publish","type":"page","link":"https:\/\/sp1hrubieszow.pl\/index.php\/kronika-2020-2021\/kolejny-w-tym-semestrze-zawodowystream\/","title":{"rendered":"Kolejny w tym semestrze #ZawodowyStream"},"content":{"rendered":"\n<p><span style=\"color: #000080;\"><strong>BY\u0106 NAUKOWCEM, CZYLI BIOLOGIA U PROGU NIEZNANEGO.<\/strong><\/span><\/p>\n<p><span style=\"color: #000080;\">Zapraszam uczni\u00f3w na kolejny w tym semestrze #ZawodowyStream. I to w bardzo fascynuj\u0105cym temacie!<\/span><br><br><span style=\"color: #000080;\">Jeste\u015b m\u0142odym cz\u0142owiekiem, kt\u00f3ry chce w przysz\u0142o\u015bci bada\u0107 zjawiska i procesy zachodz\u0105ce w \u017cywych organizmach i przyczyni\u0107 si\u0119 do post\u0119pu nauki? A mo\u017ce interesujesz si\u0119 biologi\u0105 i chemi\u0105, ale szukasz alternatywy do studi\u00f3w medycznych?<\/span><br><br><span style=\"color: #000080;\">Je\u015bli tak, w kolejny czwartek, 13 stycznia, zapraszam Ciebie na spotkanie z cyklu <a style=\"color: #000080;\" href=\"https:\/\/link.freshmail.mx\/c\/j2ktp5t6hw\/s7nl52csjy\"><strong>#ZawodowyStream o tym, jak to jest by\u0107 naukowcem &gt;&gt;<\/strong><\/a><strong>. <br><br><\/strong>Przedstawiciel MAPY KARIER porozmawia o codziennej pracy i wyzwaniach z biologami i bioinformatykami z&nbsp;Mi\u0119dzynarodowego Instytutu Mechanizm\u00f3w i Maszyn Molekularnych Polskiej Akademii Nauk.<\/span><br><br><span style=\"color: #000080;\">Spotkanie b\u0119dzie jak zawsze dost\u0119pne bez op\u0142at i rejestracji. Wystarczy pojawi\u0107 si\u0119 pod tym linkiem w <strong>czwartek, 13 stycznia, o godz. 18:00<\/strong>:&nbsp;<a style=\"color: #000080;\" href=\"https:\/\/link.freshmail.mx\/c\/nlgjaf9c4i\/s7nl52csjy\">https:\/\/www.youtube.com\/watch?v=SBtiVU4y6go<\/a><u>&nbsp;<\/u><\/span><\/p>\n<p style=\"text-align: right;\"><span style=\"color: #000080;\">Arleta Kowalska<\/span><\/p>\n","protected":false},"excerpt":{"rendered":"<p>BY\u0106 NAUKOWCEM, CZYLI BIOLOGIA U PROGU NIEZNANEGO. Zapraszam uczni\u00f3w na kolejny w tym semestrze #ZawodowyStream. I to w bardzo fascynuj\u0105cym temacie! Jeste\u015b m\u0142odym cz\u0142owiekiem, kt\u00f3ry chce w przysz\u0142o\u015bci bada\u0107 zjawiska i procesy zachodz\u0105ce w \u017cywych organizmach i przyczyni\u0107 si\u0119 do post\u0119pu nauki? A mo\u017ce interesujesz si\u0119 biologi\u0105 i chemi\u0105, ale szukasz alternatywy do studi\u00f3w medycznych? [&hellip;]<\/p>\n","protected":false},"author":2,"featured_media":0,"parent":5983,"menu_order":0,"comment_status":"closed","ping_status":"closed","template":"","meta":{"ngg_post_thumbnail":0,"footnotes":""},"class_list":["post-13850","page","type-page","status-publish","hentry"],"_links":{"self":[{"href":"https:\/\/sp1hrubieszow.pl\/index.php\/wp-json\/wp\/v2\/pages\/13850","targetHints":{"allow":["GET"]}}],"collection":[{"href":"https:\/\/sp1hrubieszow.pl\/index.php\/wp-json\/wp\/v2\/pages"}],"about":[{"href":"https:\/\/sp1hrubieszow.pl\/index.php\/wp-json\/wp\/v2\/types\/page"}],"author":[{"embeddable":true,"href":"https:\/\/sp1hrubieszow.pl\/index.php\/wp-json\/wp\/v2\/users\/2"}],"replies":[{"embeddable":true,"href":"https:\/\/sp1hrubieszow.pl\/index.php\/wp-json\/wp\/v2\/comments?post=13850"}],"version-history":[{"count":2,"href":"https:\/\/sp1hrubieszow.pl\/index.php\/wp-json\/wp\/v2\/pages\/13850\/revisions"}],"predecessor-version":[{"id":13854,"href":"https:\/\/sp1hrubieszow.pl\/index.php\/wp-json\/wp\/v2\/pages\/13850\/revisions\/13854"}],"up":[{"embeddable":true,"href":"https:\/\/sp1hrubieszow.pl\/index.php\/wp-json\/wp\/v2\/pages\/5983"}],"wp:attachment":[{"href":"https:\/\/sp1hrubieszow.pl\/index.php\/wp-json\/wp\/v2\/media?parent=13850"}],"curies":[{"name":"wp","href":"https:\/\/api.w.org\/{rel}","templated":true}]}}