{"id":13660,"date":"2021-12-22T21:49:23","date_gmt":"2021-12-22T20:49:23","guid":{"rendered":"http:\/\/sp1.hrubieszow.info\/?page_id=13660"},"modified":"2021-12-22T21:49:52","modified_gmt":"2021-12-22T20:49:52","slug":"15-lecie-sekcji-modelarstwa-lotniczego","status":"publish","type":"page","link":"https:\/\/sp1hrubieszow.pl\/index.php\/kronika-2020-2021\/15-lecie-sekcji-modelarstwa-lotniczego\/","title":{"rendered":"15 lecie sekcji modelarstwa lotniczego!!!"},"content":{"rendered":"\n<div class=\"kvgmc6g5 cxmmr5t8 oygrvhab hcukyx3x c1et5uql ii04i59q\">\n<div dir=\"auto\"><span style=\"color: #000080;\">W dniu 18.12.2021r. w Hrubieszowskim Domu Kultury odby\u0142y si\u0119 uroczysto\u015bci zwi\u0105zane z obchodami 15-lecia sekcji modelarstwa lotniczego Uczniowskiego Klubu Sportowego \u201eJedynka\u201d w Hrubieszowie. Sekcja zosta\u0142a za\u0142o\u017cona w roku 2006 w Szkole Podstawowej Nr 1, przez instruktora Leszka Kryszczuka. W latach funkcjonowania modelarni wyszkoli\u0142o si\u0119 ponad 200 zawodnik\u00f3w, kt\u00f3rzy startowali w zawodach i konkursach na r\u00f3\u017cnych szczeblach.<\/span><\/div>\n<div dir=\"auto\"><span style=\"color: #000080;\">Wyr\u00f3\u017cniaj\u0105cy si\u0119 zawodnicy s\u0105 cz\u0142onkami Kadry Narodowej Aeroklubu Polskiego i reprezentuj\u0105 Polsk\u0119 na Mistrzostwach \u015awiata i Europy. Do najwi\u0119kszych sukces\u00f3w zalicza si\u0119 zdobycie medali dru\u017cynowo na Mistrzostwach \u015awiata i Europy z udzia\u0142em hrubieszowskich modelarzy.<\/span><\/div>\n<div dir=\"auto\"><span style=\"color: #000080;\">Zawodnicy naszej sekcji nale\u017c\u0105 do \u015bcis\u0142ej czo\u0142\u00f3wki w kraju, zar\u00f3wno w klasyfikacji dru\u017cynowej jak i indywidualnej. Pozostali modelarze, kt\u00f3rzy corocznie odbywaj\u0105 szkolenie, uczestnicz\u0105 w zawodach o zasi\u0119gu og\u00f3lnopolskim, osi\u0105gaj\u0105c znacz\u0105ce sukcesy w kategorii modeli swobodnie lataj\u0105cych.<\/span><\/div>\n<div dir=\"auto\"><span style=\"color: #000080;\">Dorobek medalowy Klubu Jedynka, pocz\u0105wszy od roku 2015 przedstawia si\u0119 nast\u0119puj\u0105co: z\u0142ote medale 167, srebrne medale 162, br\u0105zowe medale 152.<\/span><\/div>\n<div dir=\"auto\"><span style=\"color: #000080;\">Sk\u0142adamy serdeczne podzi\u0119kowania wszystkim tym osobom, kt\u00f3re przyczyni\u0142y si\u0119 do zorganizowania Jubileuszu 15-lecia dzia\u0142alno\u015bci naszego klubu modelarskiego, na czele z Pani\u0105 Burmistrz Mart\u0105 Majewsk\u0105.<\/span><\/div>\n<div dir=\"auto\"><span style=\"color: #000080;\">Podzi\u0119kowania kierujemy tak\u017ce w stron\u0119 rodzic\u00f3w modelarzy oraz samych modelarzy, bez udzia\u0142u kt\u00f3rych obchody jubileuszowe nie mia\u0142yby miejsca. Gratulujemy Wam wieloletnich sukces\u00f3w.<\/span><\/div>\n<\/div>\n<div class=\"cxmmr5t8 oygrvhab hcukyx3x c1et5uql o9v6fnle ii04i59q\">\n<div dir=\"auto\"><span style=\"color: #000080;\">foto.<a class=\"oajrlxb2 g5ia77u1 qu0x051f esr5mh6w e9989ue4 r7d6kgcz rq0escxv nhd2j8a9 nc684nl6 p7hjln8o kvgmc6g5 cxmmr5t8 oygrvhab hcukyx3x jb3vyjys rz4wbd8a qt6c0cv9 a8nywdso i1ao9s8h esuyzwwr f1sip0of lzcic4wl gpro0wi8 q66pz984 b1v8xokw\" style=\"color: #000080;\" tabindex=\"0\" role=\"link\" href=\"https:\/\/www.facebook.com\/profile.php?id=100070047391524&amp;__cft__[0]=AZX5CPbFzsjDFhRS-r--t_DYb5FZFyRBKNfX5ItJPgX0cerjNICw9F-AQujZkL8O2nd-pe5fd46weSpTq2ef-Xy1qMak-7MVKf-IqKr3NQy7A52TImyPUNAVE9kPognoRnufhzgD_f1waSPE9cfV1wQlPaPdLSIAbrUtcQ55av9_elX6_9StSGPm7AIkEn-M1Oc&amp;__tn__=-]K-R\"><span class=\"nc684nl6\">Micha\u0142 \u015aliwi\u0144ski<\/span><\/a><\/span><\/div>\n<div dir=\"auto\">\nngg_shortcode_0_placeholder\n<\/div>\n<\/div>\n","protected":false},"excerpt":{"rendered":"<p>W dniu 18.12.2021r. w Hrubieszowskim Domu Kultury odby\u0142y si\u0119 uroczysto\u015bci zwi\u0105zane z obchodami 15-lecia sekcji modelarstwa lotniczego Uczniowskiego Klubu Sportowego \u201eJedynka\u201d w Hrubieszowie. Sekcja zosta\u0142a za\u0142o\u017cona w roku 2006 w Szkole Podstawowej Nr 1, przez instruktora Leszka Kryszczuka. W latach funkcjonowania modelarni wyszkoli\u0142o si\u0119 ponad 200 zawodnik\u00f3w, kt\u00f3rzy startowali w zawodach i konkursach na r\u00f3\u017cnych [&hellip;]<\/p>\n","protected":false},"author":2,"featured_media":0,"parent":5983,"menu_order":0,"comment_status":"closed","ping_status":"closed","template":"","meta":{"ngg_post_thumbnail":0,"footnotes":""},"class_list":["post-13660","page","type-page","status-publish","hentry"],"_links":{"self":[{"href":"https:\/\/sp1hrubieszow.pl\/index.php\/wp-json\/wp\/v2\/pages\/13660","targetHints":{"allow":["GET"]}}],"collection":[{"href":"https:\/\/sp1hrubieszow.pl\/index.php\/wp-json\/wp\/v2\/pages"}],"about":[{"href":"https:\/\/sp1hrubieszow.pl\/index.php\/wp-json\/wp\/v2\/types\/page"}],"author":[{"embeddable":true,"href":"https:\/\/sp1hrubieszow.pl\/index.php\/wp-json\/wp\/v2\/users\/2"}],"replies":[{"embeddable":true,"href":"https:\/\/sp1hrubieszow.pl\/index.php\/wp-json\/wp\/v2\/comments?post=13660"}],"version-history":[{"count":1,"href":"https:\/\/sp1hrubieszow.pl\/index.php\/wp-json\/wp\/v2\/pages\/13660\/revisions"}],"predecessor-version":[{"id":13661,"href":"https:\/\/sp1hrubieszow.pl\/index.php\/wp-json\/wp\/v2\/pages\/13660\/revisions\/13661"}],"up":[{"embeddable":true,"href":"https:\/\/sp1hrubieszow.pl\/index.php\/wp-json\/wp\/v2\/pages\/5983"}],"wp:attachment":[{"href":"https:\/\/sp1hrubieszow.pl\/index.php\/wp-json\/wp\/v2\/media?parent=13660"}],"curies":[{"name":"wp","href":"https:\/\/api.w.org\/{rel}","templated":true}]}}