{"id":13553,"date":"2021-12-22T08:14:31","date_gmt":"2021-12-22T07:14:31","guid":{"rendered":"http:\/\/sp1.hrubieszow.info\/?page_id=13553"},"modified":"2021-12-22T08:15:50","modified_gmt":"2021-12-22T07:15:50","slug":"zyczenia-z-okazji-swiat-bozego-narodzenia","status":"publish","type":"page","link":"https:\/\/sp1hrubieszow.pl\/index.php\/kronika-2020-2021\/zyczenia-z-okazji-swiat-bozego-narodzenia\/","title":{"rendered":"\u017byczenia z okazji \u015bwi\u0105t Bo\u017cego Narodzenia"},"content":{"rendered":"\n<p><span style=\"color: #000080;\"><strong><a style=\"color: #000080;\" href=\"http:\/\/sp1.hrubieszow.info\/wp-content\/uploads\/2021\/12\/zyczenia-z-okazji-swiat-Bozego-Narodzenia.docx\">\u017cyczenia z okazji \u015bwi\u0105t Bo\u017cego Narodzenia<\/a><\/strong><\/span><\/p>\n","protected":false},"excerpt":{"rendered":"<p>\u017cyczenia z okazji \u015bwi\u0105t Bo\u017cego Narodzenia<\/p>\n","protected":false},"author":2,"featured_media":0,"parent":5983,"menu_order":0,"comment_status":"closed","ping_status":"closed","template":"","meta":{"ngg_post_thumbnail":0,"footnotes":""},"class_list":["post-13553","page","type-page","status-publish","hentry"],"_links":{"self":[{"href":"https:\/\/sp1hrubieszow.pl\/index.php\/wp-json\/wp\/v2\/pages\/13553","targetHints":{"allow":["GET"]}}],"collection":[{"href":"https:\/\/sp1hrubieszow.pl\/index.php\/wp-json\/wp\/v2\/pages"}],"about":[{"href":"https:\/\/sp1hrubieszow.pl\/index.php\/wp-json\/wp\/v2\/types\/page"}],"author":[{"embeddable":true,"href":"https:\/\/sp1hrubieszow.pl\/index.php\/wp-json\/wp\/v2\/users\/2"}],"replies":[{"embeddable":true,"href":"https:\/\/sp1hrubieszow.pl\/index.php\/wp-json\/wp\/v2\/comments?post=13553"}],"version-history":[{"count":1,"href":"https:\/\/sp1hrubieszow.pl\/index.php\/wp-json\/wp\/v2\/pages\/13553\/revisions"}],"predecessor-version":[{"id":13554,"href":"https:\/\/sp1hrubieszow.pl\/index.php\/wp-json\/wp\/v2\/pages\/13553\/revisions\/13554"}],"up":[{"embeddable":true,"href":"https:\/\/sp1hrubieszow.pl\/index.php\/wp-json\/wp\/v2\/pages\/5983"}],"wp:attachment":[{"href":"https:\/\/sp1hrubieszow.pl\/index.php\/wp-json\/wp\/v2\/media?parent=13553"}],"curies":[{"name":"wp","href":"https:\/\/api.w.org\/{rel}","templated":true}]}}