{"id":13546,"date":"2021-12-16T15:21:38","date_gmt":"2021-12-16T14:21:38","guid":{"rendered":"http:\/\/sp1.hrubieszow.info\/?page_id=13546"},"modified":"2021-12-16T15:22:58","modified_gmt":"2021-12-16T14:22:58","slug":"wymiana-kartek-bozonarodzeniowych-ze-szkolami-zza-granicy","status":"publish","type":"page","link":"https:\/\/sp1hrubieszow.pl\/index.php\/kronika-2020-2021\/wymiana-kartek-bozonarodzeniowych-ze-szkolami-zza-granicy\/","title":{"rendered":"Wymiana kartek bo\u017conarodzeniowych ze szko\u0142ami zza granicy"},"content":{"rendered":"\n<p><span style=\"color: #000080;\">Z okazji zbli\u017caj\u0105cych si\u0119 \u015awi\u0105t Bo\u017cego Narodzenia uczniowie klas 4a, 5a, 7a oraz 7c &nbsp;wzi\u0119li udzia\u0142 w mi\u0119dzynarodowej wymianie kartek \u015bwi\u0105tecznych. Uczniowie w\u0142asnor\u0119cznie wykonali kartki oraz napisali \u017cyczenia w j\u0119zyku angielskim. Kartki zosta\u0142y wys\u0142ane do szk\u00f3\u0142 na Ukrainie, w Hiszpanii i Argentynie. W odpowiedzi nasi uczniowie r\u00f3wnie\u017c otrzymali pi\u0119kne kartki z \u017cyczeniami bo\u017conarodzeniowymi po angielsku. Wymiana kartek \u015bwi\u0105tecznych pozwala na kultywowanie tradycji \u015bwi\u0105tecznych, wymian\u0119 do\u015bwiadcze\u0144 j\u0119zykowych oraz nawi\u0105zanie nowych znajomo\u015bci. Rado\u015b\u0107 i u\u015bmiech na twarzach uczni\u00f3w \u2013 bezcenne!!!<\/span><\/p>\n<p style=\"text-align: right;\"><span style=\"color: #000080;\">Organizator: Justyna Przybik<\/span><\/p>\nngg_shortcode_0_placeholder\n","protected":false},"excerpt":{"rendered":"<p>Z okazji zbli\u017caj\u0105cych si\u0119 \u015awi\u0105t Bo\u017cego Narodzenia uczniowie klas 4a, 5a, 7a oraz 7c &nbsp;wzi\u0119li udzia\u0142 w mi\u0119dzynarodowej wymianie kartek \u015bwi\u0105tecznych. Uczniowie w\u0142asnor\u0119cznie wykonali kartki oraz napisali \u017cyczenia w j\u0119zyku angielskim. Kartki zosta\u0142y wys\u0142ane do szk\u00f3\u0142 na Ukrainie, w Hiszpanii i Argentynie. W odpowiedzi nasi uczniowie r\u00f3wnie\u017c otrzymali pi\u0119kne kartki z \u017cyczeniami bo\u017conarodzeniowymi po angielsku. [&hellip;]<\/p>\n","protected":false},"author":2,"featured_media":0,"parent":5983,"menu_order":0,"comment_status":"closed","ping_status":"closed","template":"","meta":{"ngg_post_thumbnail":0,"footnotes":""},"class_list":["post-13546","page","type-page","status-publish","hentry"],"_links":{"self":[{"href":"https:\/\/sp1hrubieszow.pl\/index.php\/wp-json\/wp\/v2\/pages\/13546","targetHints":{"allow":["GET"]}}],"collection":[{"href":"https:\/\/sp1hrubieszow.pl\/index.php\/wp-json\/wp\/v2\/pages"}],"about":[{"href":"https:\/\/sp1hrubieszow.pl\/index.php\/wp-json\/wp\/v2\/types\/page"}],"author":[{"embeddable":true,"href":"https:\/\/sp1hrubieszow.pl\/index.php\/wp-json\/wp\/v2\/users\/2"}],"replies":[{"embeddable":true,"href":"https:\/\/sp1hrubieszow.pl\/index.php\/wp-json\/wp\/v2\/comments?post=13546"}],"version-history":[{"count":2,"href":"https:\/\/sp1hrubieszow.pl\/index.php\/wp-json\/wp\/v2\/pages\/13546\/revisions"}],"predecessor-version":[{"id":13548,"href":"https:\/\/sp1hrubieszow.pl\/index.php\/wp-json\/wp\/v2\/pages\/13546\/revisions\/13548"}],"up":[{"embeddable":true,"href":"https:\/\/sp1hrubieszow.pl\/index.php\/wp-json\/wp\/v2\/pages\/5983"}],"wp:attachment":[{"href":"https:\/\/sp1hrubieszow.pl\/index.php\/wp-json\/wp\/v2\/media?parent=13546"}],"curies":[{"name":"wp","href":"https:\/\/api.w.org\/{rel}","templated":true}]}}