{"id":13538,"date":"2021-12-16T15:07:22","date_gmt":"2021-12-16T14:07:22","guid":{"rendered":"http:\/\/sp1.hrubieszow.info\/?page_id=13538"},"modified":"2021-12-16T15:07:41","modified_gmt":"2021-12-16T14:07:41","slug":"dobre-slowo-pod-jemiola-swiateczna-akcja-szkolnego-klubu-mediatora","status":"publish","type":"page","link":"https:\/\/sp1hrubieszow.pl\/index.php\/kronika-2020-2021\/dobre-slowo-pod-jemiola-swiateczna-akcja-szkolnego-klubu-mediatora\/","title":{"rendered":"Dobre s\u0142owo pod jemio\u0142\u0105&#8230;\u015awi\u0105teczna akcja Szkolnego Klubu Mediatora"},"content":{"rendered":"\n<div dir=\"auto\"><span style=\"color: #000080;\">W dniu 15 grudnia 2021r. ,w Szkole Podstawowej nr 1 im. Boles\u0142awa Prusa w Hrubieszowie odby\u0142a si\u0119 \u015bwi\u0105teczna akcja pt. &#8222;Dobre s\u0142owo pod jemio\u0142\u0105&#8230;&#8221;, kt\u00f3rej organizatorem byli mediatorzy r\u00f3wie\u015bniczy ze Szkolnego Klubu Mediatora. Pomys\u0142odawczyni\u0105 akcji by\u0142a Martyna Mielniczuk, mediatorka r\u00f3wie\u015bnicza z kl. VIIIc. Akcja mia\u0142a na celu propagowanie \u017cyczliwych i kole\u017ce\u0144skich postaw w codziennym \u017cyciu, budowanie atmosfery przyja\u017ani i zrozumienia na poziomie poszczeg\u00f3lnych zespo\u0142\u00f3w klasowych i w ca\u0142ej szkole. Na szkolnym korytarzu zawis\u0142a tradycyjna jemio\u0142a, za\u015b pod ni\u0105 znalaz\u0142y si\u0119 \u015bwi\u0105teczne has\u0142a, propaguj\u0105ce dzieleniem si\u0119 dobrem z innymi a tak\u017ce dbanie o potrzeby swoje i innych os\u00f3b. Do tego celu wykorzystane zosta\u0142y \u015bwi\u0105teczne karty, przes\u0142ane szkole przez Instytut Edukacji Pozytywnej, organizatora programu &#8222;Szko\u0142a My\u015blenia Pozytywnego 2.0&#8221;. Wyeksponowano prac\u0119 mediatorki Martyny Osma\u0144skiej z kl. VIII c, kt\u00f3ra zosta\u0142a wykonana na og\u00f3lnopolski konkurs plastyczny pt. &#8222;\u015awi\u0119ty Miko\u0142aj w oczach dzieci&#8221; i kt\u00f3ra przedstawia posta\u0107 \u015aw. Miko\u0142aja na tle problem\u00f3w wsp\u00f3\u0142czesnego \u015bwiata. Honorowe miejsce na szkolnym korytarzu zaj\u0119\u0142a tablica z \u017cyczeniami od poszczeg\u00f3lnych klas i os\u00f3b, kt\u00f3re wzi\u0119\u0142y udzia\u0142 w akcji &#8222;Dobre s\u0142owo pod jemio\u0142\u0105&#8230;&#8221; Zapraszamy wszystkich do odczytywania mi\u0142ych \u017cycze\u0144 oraz do umieszczania na tablicy dobrych s\u0142\u00f3w i pozdrowie\u0144 dla innych w tym \u015bwi\u0105tecznym czasie&#8230;<\/span><\/div>\n<div dir=\"auto\"><span style=\"color: #000080;\">Radosnych i zdrowych \u015awi\u0105t Bo\u017cego Narodzenia \u017cyczy Szkolny Klub Mediatora wraz z opiekunem<\/span><\/div>\n<div dir=\"auto\">\nngg_shortcode_0_placeholder\n<\/div>\n","protected":false},"excerpt":{"rendered":"<p>W dniu 15 grudnia 2021r. ,w Szkole Podstawowej nr 1 im. Boles\u0142awa Prusa w Hrubieszowie odby\u0142a si\u0119 \u015bwi\u0105teczna akcja pt. &#8222;Dobre s\u0142owo pod jemio\u0142\u0105&#8230;&#8221;, kt\u00f3rej organizatorem byli mediatorzy r\u00f3wie\u015bniczy ze Szkolnego Klubu Mediatora. Pomys\u0142odawczyni\u0105 akcji by\u0142a Martyna Mielniczuk, mediatorka r\u00f3wie\u015bnicza z kl. VIIIc. Akcja mia\u0142a na celu propagowanie \u017cyczliwych i kole\u017ce\u0144skich postaw w codziennym \u017cyciu, [&hellip;]<\/p>\n","protected":false},"author":2,"featured_media":0,"parent":5983,"menu_order":0,"comment_status":"closed","ping_status":"closed","template":"","meta":{"ngg_post_thumbnail":0,"footnotes":""},"class_list":["post-13538","page","type-page","status-publish","hentry"],"_links":{"self":[{"href":"https:\/\/sp1hrubieszow.pl\/index.php\/wp-json\/wp\/v2\/pages\/13538","targetHints":{"allow":["GET"]}}],"collection":[{"href":"https:\/\/sp1hrubieszow.pl\/index.php\/wp-json\/wp\/v2\/pages"}],"about":[{"href":"https:\/\/sp1hrubieszow.pl\/index.php\/wp-json\/wp\/v2\/types\/page"}],"author":[{"embeddable":true,"href":"https:\/\/sp1hrubieszow.pl\/index.php\/wp-json\/wp\/v2\/users\/2"}],"replies":[{"embeddable":true,"href":"https:\/\/sp1hrubieszow.pl\/index.php\/wp-json\/wp\/v2\/comments?post=13538"}],"version-history":[{"count":1,"href":"https:\/\/sp1hrubieszow.pl\/index.php\/wp-json\/wp\/v2\/pages\/13538\/revisions"}],"predecessor-version":[{"id":13539,"href":"https:\/\/sp1hrubieszow.pl\/index.php\/wp-json\/wp\/v2\/pages\/13538\/revisions\/13539"}],"up":[{"embeddable":true,"href":"https:\/\/sp1hrubieszow.pl\/index.php\/wp-json\/wp\/v2\/pages\/5983"}],"wp:attachment":[{"href":"https:\/\/sp1hrubieszow.pl\/index.php\/wp-json\/wp\/v2\/media?parent=13538"}],"curies":[{"name":"wp","href":"https:\/\/api.w.org\/{rel}","templated":true}]}}