{"id":13517,"date":"2021-12-15T19:43:10","date_gmt":"2021-12-15T18:43:10","guid":{"rendered":"http:\/\/sp1.hrubieszow.info\/?page_id=13517"},"modified":"2021-12-15T19:44:09","modified_gmt":"2021-12-15T18:44:09","slug":"szkolny-dzien-profilaktyki2021rozstrzygniecie-szkolnego-konkursu-profilaktycznego","status":"publish","type":"page","link":"https:\/\/sp1hrubieszow.pl\/index.php\/kronika-2020-2021\/szkolny-dzien-profilaktyki2021rozstrzygniecie-szkolnego-konkursu-profilaktycznego\/","title":{"rendered":"Szkolny Dzie\u0144 Profilaktyki\u20192021Rozstrzygni\u0119cie Szkolnego Konkursu Profilaktycznego"},"content":{"rendered":"\n<div class=\"cxmmr5t8 oygrvhab hcukyx3x c1et5uql o9v6fnle ii04i59q\">\n<div dir=\"auto\"><span style=\"color: #000080;\">8 grudnia 2021r. odby\u0142 si\u0119 Szkolny Dzie\u0144 Profilaktyki, podczas kt\u00f3rego zorganizowano warsztaty profilaktyczne dla klas V-VIII.<\/span><\/div>\n<div dir=\"auto\"><span style=\"color: #000080;\">W ramach Szkolnego Dnia Profilaktyki, wszystkich uczni\u00f3w zaproszono do udzia\u0142u w konkursie profilaktycznym. Szkolny Konkurs Profilaktyczny w formie plastycznej zorganizowano w trzech kategoriach wiekowych; klasy I-III , klasy IV-V oraz klasy VI-VIII. Celem konkursu by\u0142o propagowanie \u017cycia bez u\u017cywek&nbsp;i zachowa\u0144 ryzykownych oraz kszta\u0142towanie prawid\u0142owych postaw w zakresie dba\u0142o\u015bci o zdrowie i bezpiecze\u0144stwo na co dzie\u0144. Wr\u0119czenie nagr\u00f3d oraz dyplom\u00f3w odby\u0142o si\u0119 dnia 15 grudnia 2021r.<\/span><\/div>\n<div dir=\"auto\"><span style=\"color: #000080;\">Konkurs pt. \u201eZ-jak zdrowie, B-jak bezpiecze\u0144stwo, U-jak uwa\u017cam na siebie i na innych\u201d, organizator p. Marta Kuczy\u0144ska:<\/span><\/div>\n<div dir=\"auto\"><span style=\"color: #000080;\">Laureaci konkursu w kategorii klas I-III:<\/span><\/div>\n<div dir=\"auto\"><span style=\"color: #000080;\">I miejsce Gabriela Wojtiuk z kl. Ia<\/span><\/div>\n<div dir=\"auto\"><span style=\"color: #000080;\">II miejsce: Aleksandra Paczos z kl. IIIa<\/span><\/div>\n<div dir=\"auto\"><span style=\"color: #000080;\">IIII miejsce: Szymon Za\u0142oga z kl. Ic<\/span><\/div>\n<div dir=\"auto\"><span style=\"color: #000080;\">Wyr\u00f3\u017cnienia:<\/span><\/div>\n<div dir=\"auto\"><span style=\"color: #000080;\">1.Oliwia Sagadyn z kl. Ia<\/span><\/div>\n<div dir=\"auto\"><span style=\"color: #000080;\">2. Agata Rojek, kl. Ia<\/span><\/div>\n<div dir=\"auto\"><span style=\"color: #000080;\">3. Jakub Karpiuk, kl. Ib<\/span><\/div>\n<div dir=\"auto\"><span style=\"color: #000080;\">4.Urszula Nowak, kl. IIb<\/span><\/div>\n<div dir=\"auto\"><span style=\"color: #000080;\">5.Franciszek Socha, kl. Ia<\/span><\/div>\n<div dir=\"auto\"><span style=\"color: #000080;\">6. Sebastian Wajda, kl. IIIa<\/span><\/div>\n<div dir=\"auto\"><span style=\"color: #000080;\">7. Martyna Jasic, kll. IIIa<\/span><\/div>\n<div dir=\"auto\"><span style=\"color: #000080;\">8. Lena Ni\u017anikowska, kl. IIIc<\/span><\/div>\n<div dir=\"auto\"><span style=\"color: #000080;\">9. Alan Tor, kl. Ia<\/span><\/div>\n<div dir=\"auto\"><span style=\"color: #000080;\">10. Nina Lewandowska, kl. Ib<\/span><\/div>\n<div dir=\"auto\"><span style=\"color: #000080;\">Konkurs pt. \u201eZ-jak zdrowie, B-jak bezpiecze\u0144stwo, U-jak uwa\u017cam na siebie i na innych\u201d, organizator p. Marta Kuczy\u0144ska<\/span><\/div>\n<div dir=\"auto\"><span style=\"color: #000080;\">Laureaci konkursu w kategorii klas IV-V:<\/span><\/div>\n<div dir=\"auto\"><span style=\"color: #000080;\">I miejsce: Nikola Pietryna, kl. Vb<\/span><\/div>\n<div dir=\"auto\"><span style=\"color: #000080;\">II miejsce: Nikola Nowak, kl. Va<\/span><\/div>\n<div dir=\"auto\"><span style=\"color: #000080;\">III miejsce: Maja Klimkowska, kl. IVa<\/span><\/div>\n<div dir=\"auto\"><span style=\"color: #000080;\">Wyr\u00f3\u017cnienia:<\/span><\/div>\n<div dir=\"auto\"><span style=\"color: #000080;\">1. Dawid Dworak, kl. Vb<\/span><\/div>\n<div dir=\"auto\"><span style=\"color: #000080;\">2. Agata Szyma\u0144ska, kl. Vb<\/span><\/div>\n<div dir=\"auto\"><span style=\"color: #000080;\">3. Diana S\u0142upska, kl. Vb<\/span><\/div>\n<div dir=\"auto\"><span style=\"color: #000080;\">4. Wiktoria Dynkiewicz, kl. Vb<\/span><\/div>\n<div dir=\"auto\"><span style=\"color: #000080;\">5. Jakub Bajerczak, kl.Vc<\/span><\/div>\n<div dir=\"auto\"><span style=\"color: #000080;\">6. Karolina Danilczuk, kl. IVa<\/span><\/div>\n<div dir=\"auto\"><span style=\"color: #000080;\">7. Karolina Grzegorczyk, kl. IVa<\/span><\/div>\n<div dir=\"auto\"><span style=\"color: #000080;\">8. Martyna Balcer, kl. IVb<\/span><\/div>\n<div dir=\"auto\"><span style=\"color: #000080;\">9. Oliwia Dudek, kl. IVb<\/span><\/div>\n<div dir=\"auto\"><span style=\"color: #000080;\">10. Marcel Filipczuk, kl. Va<\/span><\/div>\n<\/div>\n<div class=\"cxmmr5t8 oygrvhab hcukyx3x c1et5uql o9v6fnle ii04i59q\">\n<div dir=\"auto\"><span style=\"color: #000080;\">Konkurs pt. \u201eWybieram zdrowie\u201d, organizator: p. Anna Karkuszewska<\/span><\/div>\n<div dir=\"auto\"><span style=\"color: #000080;\">Laureat konkursu \u201eWybieram zdrowie\u201d, w kategorii klas VI-VIII,<\/span><\/div>\n<div dir=\"auto\"><span style=\"color: #000080;\">Olaf Lewandowski, kl. VIIa<\/span><\/div>\n<\/div>\n<div class=\"cxmmr5t8 oygrvhab hcukyx3x c1et5uql o9v6fnle ii04i59q\">\n<div dir=\"auto\"><span style=\"color: #000080;\">Szkolny Dzie\u0144 Profilaktyki, w tym Szkolny Konkurs Profilaktyczny, zorganizowany zosta\u0142 przez pedagog\u00f3w szkolnych w ramach realizacji autorskich program\u00f3w profilaktycznych pt. \u201e(U)wa\u017cna Profilaktyka\u201d oraz \u201eMoc jest w nas\u201d. Wszystkie dzia\u0142ania w ramach realizacji tych program\u00f3w, sfinansowane by\u0142y przez Gmin\u0119 Miejsk\u0105 Hrubiesz\u00f3w, w ramach funduszy przyznanych szkole na wdra\u017canie profilaktyki w zakresie zapobiegania uzale\u017cnieniom od \u015brodk\u00f3w psychoaktywnych.<\/span><\/div>\n<div dir=\"auto\">\nngg_shortcode_0_placeholder\n<\/div>\n<\/div>\n","protected":false},"excerpt":{"rendered":"<p>8 grudnia 2021r. odby\u0142 si\u0119 Szkolny Dzie\u0144 Profilaktyki, podczas kt\u00f3rego zorganizowano warsztaty profilaktyczne dla klas V-VIII. W ramach Szkolnego Dnia Profilaktyki, wszystkich uczni\u00f3w zaproszono do udzia\u0142u w konkursie profilaktycznym. Szkolny Konkurs Profilaktyczny w formie plastycznej zorganizowano w trzech kategoriach wiekowych; klasy I-III , klasy IV-V oraz klasy VI-VIII. Celem konkursu by\u0142o propagowanie \u017cycia bez u\u017cywek&nbsp;i [&hellip;]<\/p>\n","protected":false},"author":2,"featured_media":0,"parent":5983,"menu_order":0,"comment_status":"closed","ping_status":"closed","template":"","meta":{"ngg_post_thumbnail":0,"footnotes":""},"class_list":["post-13517","page","type-page","status-publish","hentry"],"_links":{"self":[{"href":"https:\/\/sp1hrubieszow.pl\/index.php\/wp-json\/wp\/v2\/pages\/13517","targetHints":{"allow":["GET"]}}],"collection":[{"href":"https:\/\/sp1hrubieszow.pl\/index.php\/wp-json\/wp\/v2\/pages"}],"about":[{"href":"https:\/\/sp1hrubieszow.pl\/index.php\/wp-json\/wp\/v2\/types\/page"}],"author":[{"embeddable":true,"href":"https:\/\/sp1hrubieszow.pl\/index.php\/wp-json\/wp\/v2\/users\/2"}],"replies":[{"embeddable":true,"href":"https:\/\/sp1hrubieszow.pl\/index.php\/wp-json\/wp\/v2\/comments?post=13517"}],"version-history":[{"count":1,"href":"https:\/\/sp1hrubieszow.pl\/index.php\/wp-json\/wp\/v2\/pages\/13517\/revisions"}],"predecessor-version":[{"id":13518,"href":"https:\/\/sp1hrubieszow.pl\/index.php\/wp-json\/wp\/v2\/pages\/13517\/revisions\/13518"}],"up":[{"embeddable":true,"href":"https:\/\/sp1hrubieszow.pl\/index.php\/wp-json\/wp\/v2\/pages\/5983"}],"wp:attachment":[{"href":"https:\/\/sp1hrubieszow.pl\/index.php\/wp-json\/wp\/v2\/media?parent=13517"}],"curies":[{"name":"wp","href":"https:\/\/api.w.org\/{rel}","templated":true}]}}