{"id":13479,"date":"2021-12-14T08:21:13","date_gmt":"2021-12-14T07:21:13","guid":{"rendered":"http:\/\/sp1.hrubieszow.info\/?page_id=13479"},"modified":"2021-12-14T08:22:20","modified_gmt":"2021-12-14T07:22:20","slug":"szczepienia-przeciw-covid-19-dla-dzieci-powyzej-5-r-z","status":"publish","type":"page","link":"https:\/\/sp1hrubieszow.pl\/index.php\/kronika-2020-2021\/szczepienia-przeciw-covid-19-dla-dzieci-powyzej-5-r-z\/","title":{"rendered":"Szczepienia przeciw COVID-19 dla dzieci powy\u017cej 5 r.\u017c."},"content":{"rendered":"\n<table width=\"104%\">\n<tbody>\n<tr>\n<td width=\"633\">\n<p><span style=\"color: #000080;\"><em>Szanowni Pa\u0144stwo,<\/em><\/span><\/p>\n<p><span style=\"color: #000080;\">uprzejmie informujemy, <strong>\u017ce Europejska Agencja Lek\u00f3w zarekomendowa\u0142a szczepienia dzieci w wieku 5-11 lat przeciw COVID-19.<\/strong><\/span><\/p>\n<p><span style=\"color: #000080;\"><strong>&nbsp;Podstaw\u0105 rekomendacji by\u0142y szczeg\u00f3\u0142owe wyniki bada\u0144 klinicznych, kt\u00f3re przedstawi\u0142 producent<\/strong> szczepionki \u2013 konsorcjum Pfizer\/Biontech.<\/span><\/p>\n<p><span style=\"color: #000080;\">&nbsp;S\u0105 to udowodnione dane naukowe \u015bwiadcz\u0105ce o skuteczno\u015bci i bezpiecze\u0144stwie stosowania szczepionki w\u015br\u00f3d najm\u0142odszych.&nbsp;<\/span><\/p>\n<p><span style=\"color: #000080;\">Ju\u017c od 14 grudnia 2021 r. rozpoczn\u0105 si\u0119 szczepienia w grupie dzieci 5-11 lat. Szczeg\u00f3\u0142owe informacje dotycz\u0105ce schematu szczepienia wraz z kwestionariuszem wst\u0119pnego wywiadu przesiewowego przed szczepieniem dziecka w wieku 5-11 lat przeciw COVID-19 znajduj\u0105 si\u0119 na stronie internetowej Ministerstwa Zdrowia:&nbsp;<a style=\"color: #000080;\" href=\"https:\/\/www.gov.pl\/web\/zdrowie\/komunikat-nr-15-ministra-zdrowia-w-sprawie-szczepien-przeciw-covid-19-dzieci-5-11-lat\">https:\/\/www.gov.pl\/web\/zdrowie\/komunikat-nr-15-ministra-zdrowia-w-sprawie-szczepien-przeciw-covid-19-dzieci-5-11-lat<\/a>.<\/span><\/p>\n<p><span style=\"color: #000080;\">Przekazujemy tak\u017ce link do strony, gdzie&nbsp;zamieszczony jest&nbsp;List Ministra Edukacji i Nauki oraz Ministra Zdrowia w sprawie szczepie\u0144 dzieci w wieku 5-11 lat&nbsp;<a style=\"color: #000080;\" href=\"https:\/\/www.gov.pl\/web\/edukacja-i-nauka\/list-ministra-edukacji-i-nauki-oraz-ministra-zdrowia-w-sprawie-szczepien-dzieci-w-wieku-5-11-lat\">https:\/\/www.gov.pl\/web\/edukacja-i-nauka\/list-ministra-edukacji-i-nauki-oraz-ministra-zdrowia-w-sprawie-szczepien-dzieci-w-wieku-5-11-lat<\/a>. Zach\u0119camy do upowszechnienia tre\u015bci listu w\u015br\u00f3d rodzic\u00f3w i opiekun\u00f3w, aby dzi\u0119ki sprawdzonym i rzetelnym informacjom, mogli podj\u0105\u0107 \u015bwiadom\u0105 decyzj\u0119 dotycz\u0105c\u0105 ewentualnego zaszczepienia swojego dziecka.<\/span><\/p>\n<p><span style=\"color: #000080;\">Nale\u017cy podkre\u015bli\u0107, \u017ce przedszkole i szko\u0142a maj\u0105 obowi\u0105zek kszta\u0142towania&nbsp; \u015bwiadomo\u015bci prozdrowotnej dzieci i uczni\u00f3w r\u00f3wnie\u017c w zakresie wp\u0142ywu szczepie\u0144 na ich zdrowie oraz zwi\u0119ksza\u0107 \u015bwiadomo\u015b\u0107 budowania odporno\u015bci zbiorowej ca\u0142ego spo\u0142ecze\u0144stwa, czego naturaln\u0105 konsekwencj\u0105 jest w\u0142\u0105czenie si\u0119 w dzia\u0142ania informacyjne. Przypominamy, \u017ce obecnie s\u0105 do wykorzystania w szko\u0142ach podczas lekcji przedmiotowych lub zaj\u0119\u0107 z wychowawc\u0105 opracowane materia\u0142y informacyjne dotycz\u0105ce szczepie\u0144 dedykowane dla uczni\u00f3w szk\u00f3\u0142 podstawowych i ponadpodstawowych, dost\u0119pne na stronie ministerstwa Edukacji i Nauki:&nbsp;<a style=\"color: #000080;\" href=\"https:\/\/www.gov.pl\/web\/edukacja-i-nauka\/szczepienia-uczniow-od-12-roku-zycia--materialy-informacyjne\">https:\/\/www.gov.pl\/web\/edukacja-i-nauka\/szczepienia-uczniow-od-12-roku-zycia&#8211;materialy-informacyjne<\/a>.&nbsp;Tam te\u017c czekaj\u0105 ju\u017c scenariusze zaj\u0119\u0107 dla klas I-III szk\u00f3\u0142 podstawowych.<\/span><\/p>\n<p><span style=\"color: #000080;\">W przygotowywaniu s\u0105 materia\u0142y dla nauczycieli w przedszkolach, kt\u00f3re zostan\u0105 Pa\u0144stwu przes\u0142ane w najbli\u017cszym czasie. W przedszkolach dzia\u0142ania profilaktyczne powinny by\u0107 podejmowane wsp\u00f3lnie z rodzicami dzieci.<\/span><\/p>\n<p><span style=\"color: #000080;\">W przypadku dodatkowych pyta\u0144 lub w\u0105tpliwo\u015bci&nbsp;zach\u0119camy do odwiedzenia&nbsp;<a style=\"color: #000080;\" href=\"https:\/\/www.gov.pl\/web\/szczepimysie\/dzieci-5-11\">https:\/\/www.gov.pl\/web\/szczepimysie\/dzieci-5-11<\/a><\/span><\/p>\n<p><span style=\"color: #000080;\">Wi\u0119cej informacji na temat szczepie\u0144 przeciw COVID-19 mo\u017cna znale\u017a\u0107 tak\u017ce w:<\/span><\/p>\n<ul>\n<li><span style=\"color: #000080;\">mediach spo\u0142eczno\u015bciowych Ministerstwa Zdrowia i G\u0142\u00f3wnego Inspektoratu Sanitarnego,&nbsp;<\/span><\/li>\n<li><span style=\"color: #000080;\">na stronie internetowej&nbsp;<a style=\"color: #000080;\" href=\"https:\/\/www.gov.pl\/web\/szczepimysie\">https:\/\/www.gov.pl\/web\/szczepimysie<\/a> ,&nbsp;<\/span><\/li>\n<li><span style=\"color: #000080;\">na profilu <strong>#SzczepimySi\u0119<\/strong>, &nbsp;<\/span><\/li>\n<li><span style=\"color: #000080;\">a tak\u017ce pod numerem infolinii <strong>989<\/strong>.<\/span><\/li>\n<\/ul>\n<p><span style=\"color: #000080;\"><em>Z wyrazami szacunku<\/em><\/span><\/p>\n<\/td>\n<\/tr>\n<tr>\n<td width=\"633\">\n<p><span style=\"color: #000080;\"><em>Departament Wychowania i Edukacji W\u0142\u0105czaj\u0105cej<\/em><\/span><br><span style=\"color: #000080;\"><em>Ministerstwo Edukacji i Nauki<\/em><\/span><\/p>\n<\/td>\n<\/tr>\n<\/tbody>\n<\/table>\n","protected":false},"excerpt":{"rendered":"<p>Szanowni Pa\u0144stwo, uprzejmie informujemy, \u017ce Europejska Agencja Lek\u00f3w zarekomendowa\u0142a szczepienia dzieci w wieku 5-11 lat przeciw COVID-19. &nbsp;Podstaw\u0105 rekomendacji by\u0142y szczeg\u00f3\u0142owe wyniki bada\u0144 klinicznych, kt\u00f3re przedstawi\u0142 producent szczepionki \u2013 konsorcjum Pfizer\/Biontech. &nbsp;S\u0105 to udowodnione dane naukowe \u015bwiadcz\u0105ce o skuteczno\u015bci i bezpiecze\u0144stwie stosowania szczepionki w\u015br\u00f3d najm\u0142odszych.&nbsp; Ju\u017c od 14 grudnia 2021 r. rozpoczn\u0105 si\u0119 szczepienia w [&hellip;]<\/p>\n","protected":false},"author":2,"featured_media":0,"parent":5983,"menu_order":0,"comment_status":"closed","ping_status":"closed","template":"","meta":{"ngg_post_thumbnail":0,"footnotes":""},"class_list":["post-13479","page","type-page","status-publish","hentry"],"_links":{"self":[{"href":"https:\/\/sp1hrubieszow.pl\/index.php\/wp-json\/wp\/v2\/pages\/13479","targetHints":{"allow":["GET"]}}],"collection":[{"href":"https:\/\/sp1hrubieszow.pl\/index.php\/wp-json\/wp\/v2\/pages"}],"about":[{"href":"https:\/\/sp1hrubieszow.pl\/index.php\/wp-json\/wp\/v2\/types\/page"}],"author":[{"embeddable":true,"href":"https:\/\/sp1hrubieszow.pl\/index.php\/wp-json\/wp\/v2\/users\/2"}],"replies":[{"embeddable":true,"href":"https:\/\/sp1hrubieszow.pl\/index.php\/wp-json\/wp\/v2\/comments?post=13479"}],"version-history":[{"count":1,"href":"https:\/\/sp1hrubieszow.pl\/index.php\/wp-json\/wp\/v2\/pages\/13479\/revisions"}],"predecessor-version":[{"id":13480,"href":"https:\/\/sp1hrubieszow.pl\/index.php\/wp-json\/wp\/v2\/pages\/13479\/revisions\/13480"}],"up":[{"embeddable":true,"href":"https:\/\/sp1hrubieszow.pl\/index.php\/wp-json\/wp\/v2\/pages\/5983"}],"wp:attachment":[{"href":"https:\/\/sp1hrubieszow.pl\/index.php\/wp-json\/wp\/v2\/media?parent=13479"}],"curies":[{"name":"wp","href":"https:\/\/api.w.org\/{rel}","templated":true}]}}