{"id":13428,"date":"2021-12-13T19:51:13","date_gmt":"2021-12-13T18:51:13","guid":{"rendered":"http:\/\/sp1.hrubieszow.info\/?page_id=13428"},"modified":"2021-12-13T19:52:16","modified_gmt":"2021-12-13T18:52:16","slug":"znakomita-lekcja-patriotyzmu-uczniowie-murem-za-polskim-mundurem","status":"publish","type":"page","link":"https:\/\/sp1hrubieszow.pl\/index.php\/kronika-2020-2021\/znakomita-lekcja-patriotyzmu-uczniowie-murem-za-polskim-mundurem\/","title":{"rendered":"Znakomita lekcja patriotyzmu ! Uczniowie \u201e#MUREM ZA POLSKIM MUNDUREM\u201d"},"content":{"rendered":"\n<p><span style=\"color: #000080;\">Uczniowie klas 1b, 3a, 5b i 8c &nbsp;wzi\u0119li udzia\u0142 w akcji \u201e#MUREM ZA POLSKIM MUNDUREM\u201d. Uczniowie wykonali przepi\u0119kne kartki, podzi\u0119kowania dla polskich s\u0142u\u017cb mundurowych. W ten spos\u00f3b dzieci chcia\u0142y doceni\u0107 po\u015bwi\u0119cenie wszystkich s\u0142u\u017cb mundurowych w &nbsp;obron\u0119 naszych granic oraz doda\u0107 otuchy w tym trudnym dla nich czasie.<\/span><\/p>\n<p><span style=\"color: #000080;\">Prace zosta\u0142y spakowane i wys\u0142ane do mundurowych pe\u0142ni\u0105cych s\u0142u\u017cb\u0119 na &nbsp;wschodniej granicy naszego pa\u0144stwa.<\/span><\/p>\n<p><span style=\"color: #000080;\">Dzi\u0119kujemy uczniom za zaanga\u017cowanie. Z pewno\u015bci\u0105 dodadz\u0105 otuchy i wlej\u0105 rado\u015b\u0107 w&nbsp;serca funkcjonariuszy stra\u017cy granicznej, \u017co\u0142nierzy &nbsp;i policji stoj\u0105cych na stra\u017cy naszych granic.<\/span><\/p>\n<p><span style=\"color: #000080;\">Dzi\u0119kujemy!<\/span><\/p>\nngg_shortcode_0_placeholder\n","protected":false},"excerpt":{"rendered":"<p>Uczniowie klas 1b, 3a, 5b i 8c &nbsp;wzi\u0119li udzia\u0142 w akcji \u201e#MUREM ZA POLSKIM MUNDUREM\u201d. Uczniowie wykonali przepi\u0119kne kartki, podzi\u0119kowania dla polskich s\u0142u\u017cb mundurowych. W ten spos\u00f3b dzieci chcia\u0142y doceni\u0107 po\u015bwi\u0119cenie wszystkich s\u0142u\u017cb mundurowych w &nbsp;obron\u0119 naszych granic oraz doda\u0107 otuchy w tym trudnym dla nich czasie. Prace zosta\u0142y spakowane i wys\u0142ane do mundurowych pe\u0142ni\u0105cych [&hellip;]<\/p>\n","protected":false},"author":2,"featured_media":0,"parent":5983,"menu_order":0,"comment_status":"closed","ping_status":"closed","template":"","meta":{"ngg_post_thumbnail":0,"footnotes":""},"class_list":["post-13428","page","type-page","status-publish","hentry"],"_links":{"self":[{"href":"https:\/\/sp1hrubieszow.pl\/index.php\/wp-json\/wp\/v2\/pages\/13428","targetHints":{"allow":["GET"]}}],"collection":[{"href":"https:\/\/sp1hrubieszow.pl\/index.php\/wp-json\/wp\/v2\/pages"}],"about":[{"href":"https:\/\/sp1hrubieszow.pl\/index.php\/wp-json\/wp\/v2\/types\/page"}],"author":[{"embeddable":true,"href":"https:\/\/sp1hrubieszow.pl\/index.php\/wp-json\/wp\/v2\/users\/2"}],"replies":[{"embeddable":true,"href":"https:\/\/sp1hrubieszow.pl\/index.php\/wp-json\/wp\/v2\/comments?post=13428"}],"version-history":[{"count":1,"href":"https:\/\/sp1hrubieszow.pl\/index.php\/wp-json\/wp\/v2\/pages\/13428\/revisions"}],"predecessor-version":[{"id":13429,"href":"https:\/\/sp1hrubieszow.pl\/index.php\/wp-json\/wp\/v2\/pages\/13428\/revisions\/13429"}],"up":[{"embeddable":true,"href":"https:\/\/sp1hrubieszow.pl\/index.php\/wp-json\/wp\/v2\/pages\/5983"}],"wp:attachment":[{"href":"https:\/\/sp1hrubieszow.pl\/index.php\/wp-json\/wp\/v2\/media?parent=13428"}],"curies":[{"name":"wp","href":"https:\/\/api.w.org\/{rel}","templated":true}]}}