{"id":13418,"date":"2021-12-13T16:00:16","date_gmt":"2021-12-13T15:00:16","guid":{"rendered":"http:\/\/sp1.hrubieszow.info\/?page_id=13418"},"modified":"2021-12-13T16:00:41","modified_gmt":"2021-12-13T15:00:41","slug":"mikolajkowy-wyjazd","status":"publish","type":"page","link":"https:\/\/sp1hrubieszow.pl\/index.php\/kronika-2020-2021\/mikolajkowy-wyjazd\/","title":{"rendered":"Miko\u0142ajkowy wyjazd"},"content":{"rendered":"\n<p><span style=\"color: #000080;\">6 grudnia klasy 4a, 4c oraz 7d otrzyma\u0142y nietypowy prezent miko\u0142ajkowy. Uczniowie, pod opiek\u0105 wychowawc\u00f3w, udali si\u0119 do Janowa Lubelskiego i Nowej D\u0119by. Janowski Zoom Natury dostarczy\u0142 wielu okazji do bli\u017cszego poznania otaczaj\u0105cej nas przyrody. Dzieci z zainteresowaniem korzysta\u0142y z multimedialnych ekspozycji. Po pysznym obiedzie nast\u0105pi\u0142 g\u0142\u00f3wny punkt wycieczki- wizyta w fabryce bombek choinkowych <span class=\"pq6dq46d tbxw36s4 knj5qynh kvgmc6g5 ditlmg2l oygrvhab nvdbi5me sf5mxxl7 gl3lb2sf hhz5lgdu\"><img loading=\"lazy\" decoding=\"async\" src=\"https:\/\/www.facebook.com\/images\/emoji.php\/v9\/t6d\/2\/16\/1f600.png\" alt=\"?\" width=\"16\" height=\"16\"><\/span> . Po zwiedzeniu wytw\u00f3rni ogromn\u0105 rado\u015b\u0107 sprawi\u0142a uczniom mo\u017cliwo\u015b\u0107 udzia\u0142u w warsztatach, podczas kt\u00f3rych tworzyli w\u0142asn\u0105 bombk\u0119. By\u0142o przy tym mn\u00f3stwo rado\u015bci i fajnej zabawy.&nbsp;<\/span><\/p>\n<p><span style=\"color: #000080;\">W drodze powrotnej wst\u0105pili\u015bmy do McDonald\u2019s, to taki uk\u0142on od Miko\u0142aja <span class=\"pq6dq46d tbxw36s4 knj5qynh kvgmc6g5 ditlmg2l oygrvhab nvdbi5me sf5mxxl7 gl3lb2sf hhz5lgdu\"><img loading=\"lazy\" decoding=\"async\" src=\"https:\/\/www.facebook.com\/images\/emoji.php\/v9\/t6d\/2\/16\/1f600.png\" alt=\"?\" width=\"16\" height=\"16\"><\/span>. Ca\u0142y dzie\u0144 by\u0142 okazj\u0105 do mile sp\u0119dzonego wsp\u00f3lnie czasu.<\/span><\/p>\nngg_shortcode_0_placeholder\n<p>&nbsp;<\/p>\n","protected":false},"excerpt":{"rendered":"<p>6 grudnia klasy 4a, 4c oraz 7d otrzyma\u0142y nietypowy prezent miko\u0142ajkowy. Uczniowie, pod opiek\u0105 wychowawc\u00f3w, udali si\u0119 do Janowa Lubelskiego i Nowej D\u0119by. Janowski Zoom Natury dostarczy\u0142 wielu okazji do bli\u017cszego poznania otaczaj\u0105cej nas przyrody. Dzieci z zainteresowaniem korzysta\u0142y z multimedialnych ekspozycji. Po pysznym obiedzie nast\u0105pi\u0142 g\u0142\u00f3wny punkt wycieczki- wizyta w fabryce bombek choinkowych . [&hellip;]<\/p>\n","protected":false},"author":2,"featured_media":0,"parent":5983,"menu_order":0,"comment_status":"closed","ping_status":"closed","template":"","meta":{"ngg_post_thumbnail":0,"footnotes":""},"class_list":["post-13418","page","type-page","status-publish","hentry"],"_links":{"self":[{"href":"https:\/\/sp1hrubieszow.pl\/index.php\/wp-json\/wp\/v2\/pages\/13418","targetHints":{"allow":["GET"]}}],"collection":[{"href":"https:\/\/sp1hrubieszow.pl\/index.php\/wp-json\/wp\/v2\/pages"}],"about":[{"href":"https:\/\/sp1hrubieszow.pl\/index.php\/wp-json\/wp\/v2\/types\/page"}],"author":[{"embeddable":true,"href":"https:\/\/sp1hrubieszow.pl\/index.php\/wp-json\/wp\/v2\/users\/2"}],"replies":[{"embeddable":true,"href":"https:\/\/sp1hrubieszow.pl\/index.php\/wp-json\/wp\/v2\/comments?post=13418"}],"version-history":[{"count":1,"href":"https:\/\/sp1hrubieszow.pl\/index.php\/wp-json\/wp\/v2\/pages\/13418\/revisions"}],"predecessor-version":[{"id":13419,"href":"https:\/\/sp1hrubieszow.pl\/index.php\/wp-json\/wp\/v2\/pages\/13418\/revisions\/13419"}],"up":[{"embeddable":true,"href":"https:\/\/sp1hrubieszow.pl\/index.php\/wp-json\/wp\/v2\/pages\/5983"}],"wp:attachment":[{"href":"https:\/\/sp1hrubieszow.pl\/index.php\/wp-json\/wp\/v2\/media?parent=13418"}],"curies":[{"name":"wp","href":"https:\/\/api.w.org\/{rel}","templated":true}]}}