{"id":13387,"date":"2021-12-13T15:33:42","date_gmt":"2021-12-13T14:33:42","guid":{"rendered":"http:\/\/sp1.hrubieszow.info\/?page_id=13387"},"modified":"2021-12-13T15:34:39","modified_gmt":"2021-12-13T14:34:39","slug":"prezent-ale-jaki-klasowe-mikolajki-w-5b","status":"publish","type":"page","link":"https:\/\/sp1hrubieszow.pl\/index.php\/kronika-2020-2021\/prezent-ale-jaki-klasowe-mikolajki-w-5b\/","title":{"rendered":"Prezent, ale jaki? Klasowe miko\u0142ajki w 5b."},"content":{"rendered":"\n<p><span style=\"color: #000080;\">Wsp\u00f3\u0142cze\u015bnie w Polsce nadal panuje zwyczaj obdarowywania si\u0119 6 grudnia drobnymi upominkami.<\/span><\/p>\n<p><span style=\"color: #000080;\">&nbsp; &nbsp; &nbsp; &nbsp; &nbsp; Jak co rok, tak i tym razem kultywowali\u015bmy ten zwyczaj. Uczniowie klasy 5b ju\u017c wcze\u015bniej przygotowywali si\u0119 do Miko\u0142ajek. Wykonali dwa plakaty \u2013 \u015awi\u0119tego Miko\u0142aja&nbsp; &nbsp; &nbsp; i skrzata, choink\u0119 ze srebrnych szyszek oraz ubrali dwie prze\u015bliczne szkolne choinki.<\/span><\/p>\n<p><span style=\"color: #000080;\">Rankiem 6 grudnia uczni\u00f3w odwiedzi\u0142 Miko\u0142aj, kt\u00f3ry pozostawi\u0142 prezenty w klasie. Wchodz\u0105c o godzinie 8.50 do klasy, wszyscy zauwa\u017cyli t\u0119 niespodziank\u0119 i z niecierpliwo\u015bci\u0105 czekali na moment ich rozpakowania. P\u00f3\u017aniej na twarzach dzieci go\u015bci\u0142 ju\u017c tylko u\u015bmiech. Nie zabrak\u0142o r\u00f3wnie\u017c klasowych zdj\u0119\u0107, na kt\u00f3rych uczniowie pojawili si\u0119 w \u201emiko\u0142ajkowym wydaniu\u201d. Szkoda, \u017ce miko\u0142ajki s\u0105 tylko raz w roku.<\/span><\/p>\n<p><span style=\"color: #000080;\">&nbsp; &nbsp;&nbsp;&nbsp; W tym dniu odbywa\u0142y si\u0119 zabawy na \u015bniegu, wsp\u00f3lne rozwi\u0105zywanie zagadek.<\/span><\/p>\n<p><span style=\"color: #000080;\">Na zako\u0144czenie tego radosnego dnia wsp\u00f3lnie obejrzeli\u015bmy film pt. ,,Kronika \u015bwi\u0105teczna\u201d.&nbsp;<\/span><\/p>\n<p><span style=\"color: #000080;\">Uczniowie klasy 5b Dzi\u0119kuj\u0105 za prezenty. Do zobaczenia za rok.<\/span><\/p>\nngg_shortcode_0_placeholder\n","protected":false},"excerpt":{"rendered":"<p>Wsp\u00f3\u0142cze\u015bnie w Polsce nadal panuje zwyczaj obdarowywania si\u0119 6 grudnia drobnymi upominkami. &nbsp; &nbsp; &nbsp; &nbsp; &nbsp; Jak co rok, tak i tym razem kultywowali\u015bmy ten zwyczaj. Uczniowie klasy 5b ju\u017c wcze\u015bniej przygotowywali si\u0119 do Miko\u0142ajek. Wykonali dwa plakaty \u2013 \u015awi\u0119tego Miko\u0142aja&nbsp; &nbsp; &nbsp; i skrzata, choink\u0119 ze srebrnych szyszek oraz ubrali dwie prze\u015bliczne szkolne [&hellip;]<\/p>\n","protected":false},"author":2,"featured_media":0,"parent":5983,"menu_order":0,"comment_status":"closed","ping_status":"closed","template":"","meta":{"ngg_post_thumbnail":0,"footnotes":""},"class_list":["post-13387","page","type-page","status-publish","hentry"],"_links":{"self":[{"href":"https:\/\/sp1hrubieszow.pl\/index.php\/wp-json\/wp\/v2\/pages\/13387","targetHints":{"allow":["GET"]}}],"collection":[{"href":"https:\/\/sp1hrubieszow.pl\/index.php\/wp-json\/wp\/v2\/pages"}],"about":[{"href":"https:\/\/sp1hrubieszow.pl\/index.php\/wp-json\/wp\/v2\/types\/page"}],"author":[{"embeddable":true,"href":"https:\/\/sp1hrubieszow.pl\/index.php\/wp-json\/wp\/v2\/users\/2"}],"replies":[{"embeddable":true,"href":"https:\/\/sp1hrubieszow.pl\/index.php\/wp-json\/wp\/v2\/comments?post=13387"}],"version-history":[{"count":1,"href":"https:\/\/sp1hrubieszow.pl\/index.php\/wp-json\/wp\/v2\/pages\/13387\/revisions"}],"predecessor-version":[{"id":13388,"href":"https:\/\/sp1hrubieszow.pl\/index.php\/wp-json\/wp\/v2\/pages\/13387\/revisions\/13388"}],"up":[{"embeddable":true,"href":"https:\/\/sp1hrubieszow.pl\/index.php\/wp-json\/wp\/v2\/pages\/5983"}],"wp:attachment":[{"href":"https:\/\/sp1hrubieszow.pl\/index.php\/wp-json\/wp\/v2\/media?parent=13387"}],"curies":[{"name":"wp","href":"https:\/\/api.w.org\/{rel}","templated":true}]}}