{"id":13375,"date":"2021-12-13T15:12:47","date_gmt":"2021-12-13T14:12:47","guid":{"rendered":"http:\/\/sp1.hrubieszow.info\/?page_id=13375"},"modified":"2021-12-13T15:13:01","modified_gmt":"2021-12-13T14:13:01","slug":"kolejne-spotkanie-z-cyklu-zawodowystream","status":"publish","type":"page","link":"https:\/\/sp1hrubieszow.pl\/index.php\/kronika-2020-2021\/kolejne-spotkanie-z-cyklu-zawodowystream\/","title":{"rendered":"Kolejne spotkanie z cyklu #ZawodowyStream"},"content":{"rendered":"\n<p><span style=\"color: #000080;\">W grudniu zapraszam na kolejne spotkanie z cyklu #ZawodowyStream o tym, &gt;&gt; jak zarabia\u0107 w internecie przygotowane prze Map\u0119 Karier<\/span><\/p>\n<p><span style=\"color: #000080;\">Z naszymi go\u015b\u0107mi porozmawiamy o pracy podcaster\u00f3w, youtuber\u00f3w i tw\u00f3rc\u00f3w kurs\u00f3w online i postaramy si\u0119 odpowiedzie\u0107 na pytanie, czy na dzieleniu si\u0119 wiedz\u0105 w internecie da si\u0119 zarobi\u0107 i z czym wi\u0105\u017ce si\u0119 ta praca.<\/span><\/p>\n<p><span style=\"color: #000080;\">Spotkanie odb\u0119dzie si\u0119 w \u015brod\u0119, 15 grudnia, o godz. 18:00.<\/span><\/p>\n<p><span style=\"color: #000080;\">Aby wzi\u0105\u0107 udzia\u0142 w wydarzeniu, wystarczy w terminie spotkania wej\u015b\u0107 w link: <a href=\"https:\/\/www.youtube.com\/watch?v=iBEKkNE6dKU\"><strong>https:\/\/www.youtube.com\/watch?v=iBEKkNE6dKU<\/strong><\/a><\/span><\/p>\n<p><span style=\"color: #000080;\">Zach\u0119cam uczni\u00f3w i nauczycieli do obejrzenia i zasubskrybowania kana\u0142u #ZawodowyStream oraz w\u0142\u0105czenia powiadomie\u0144, \u017ceby nie przegapi\u0107 spotkania \ud83d\ude42<\/span><\/p>\n<p style=\"text-align: right;\"><span style=\"color: #000080;\">Arleta Kowalska<\/span><\/p>\n","protected":false},"excerpt":{"rendered":"<p>W grudniu zapraszam na kolejne spotkanie z cyklu #ZawodowyStream o tym, &gt;&gt; jak zarabia\u0107 w internecie przygotowane prze Map\u0119 Karier Z naszymi go\u015b\u0107mi porozmawiamy o pracy podcaster\u00f3w, youtuber\u00f3w i tw\u00f3rc\u00f3w kurs\u00f3w online i postaramy si\u0119 odpowiedzie\u0107 na pytanie, czy na dzieleniu si\u0119 wiedz\u0105 w internecie da si\u0119 zarobi\u0107 i z czym wi\u0105\u017ce si\u0119 ta praca. [&hellip;]<\/p>\n","protected":false},"author":2,"featured_media":0,"parent":5983,"menu_order":0,"comment_status":"closed","ping_status":"closed","template":"","meta":{"ngg_post_thumbnail":0,"footnotes":""},"class_list":["post-13375","page","type-page","status-publish","hentry"],"_links":{"self":[{"href":"https:\/\/sp1hrubieszow.pl\/index.php\/wp-json\/wp\/v2\/pages\/13375","targetHints":{"allow":["GET"]}}],"collection":[{"href":"https:\/\/sp1hrubieszow.pl\/index.php\/wp-json\/wp\/v2\/pages"}],"about":[{"href":"https:\/\/sp1hrubieszow.pl\/index.php\/wp-json\/wp\/v2\/types\/page"}],"author":[{"embeddable":true,"href":"https:\/\/sp1hrubieszow.pl\/index.php\/wp-json\/wp\/v2\/users\/2"}],"replies":[{"embeddable":true,"href":"https:\/\/sp1hrubieszow.pl\/index.php\/wp-json\/wp\/v2\/comments?post=13375"}],"version-history":[{"count":1,"href":"https:\/\/sp1hrubieszow.pl\/index.php\/wp-json\/wp\/v2\/pages\/13375\/revisions"}],"predecessor-version":[{"id":13376,"href":"https:\/\/sp1hrubieszow.pl\/index.php\/wp-json\/wp\/v2\/pages\/13375\/revisions\/13376"}],"up":[{"embeddable":true,"href":"https:\/\/sp1hrubieszow.pl\/index.php\/wp-json\/wp\/v2\/pages\/5983"}],"wp:attachment":[{"href":"https:\/\/sp1hrubieszow.pl\/index.php\/wp-json\/wp\/v2\/media?parent=13375"}],"curies":[{"name":"wp","href":"https:\/\/api.w.org\/{rel}","templated":true}]}}