{"id":13366,"date":"2021-12-09T22:40:06","date_gmt":"2021-12-09T21:40:06","guid":{"rendered":"http:\/\/sp1.hrubieszow.info\/?page_id=13366"},"modified":"2021-12-09T22:40:44","modified_gmt":"2021-12-09T21:40:44","slug":"spotkanie-z-funkcjonariuszami-sluzby-wieziennej","status":"publish","type":"page","link":"https:\/\/sp1hrubieszow.pl\/index.php\/kronika-2020-2021\/spotkanie-z-funkcjonariuszami-sluzby-wieziennej\/","title":{"rendered":"Spotkanie z funkcjonariuszami s\u0142u\u017cby wi\u0119ziennej"},"content":{"rendered":"\n<p>&nbsp; &nbsp; &nbsp; &nbsp; &nbsp; &nbsp; <span style=\"color: #000080;\">&nbsp;8 grudnia 2021 r. mieli\u015bmy okazj\u0119 go\u015bci\u0107 w naszej szkole funkcjonariuszy s\u0142u\u017cby wi\u0119ziennej. W spotkaniu wzi\u0119li udzia\u0142 uczniowie klas \u00f3smych w ramach zaj\u0119\u0107 z doradztwa zawodowego.<\/span><\/p>\n<p><span style=\"color: #000080;\">&nbsp;&nbsp;&nbsp;&nbsp;&nbsp;&nbsp;&nbsp;&nbsp;&nbsp;&nbsp;&nbsp; Na pocz\u0105tku spotkania poznali\u015bmy Nygusa &#8211; psa tropiciela i jego opiekuna, kt\u00f3ry zaprezentowa\u0142 nam prac\u0119 swojego podopiecznego. Poznali\u015bmy struktur\u0119 i zasady funkcjonowania wi\u0119zienia. Dowiedzieli\u015bmy si\u0119 na czym polega codzienna praca s\u0142u\u017cby wi\u0119ziennej. Praca w zawodzie funkcjonariusza s\u0142u\u017cby wi\u0119ziennej jest trudna, wymaga po\u015bwi\u0119ce\u0144, silnego charakteru, determinacji i dyspozycyjno\u015bci. Niejednokrotnie polega na&nbsp;bezpo\u015brednim kontakcie z osobami skazanymi, dlatego te\u017c funkcjonariusz musi by\u0107 sprawny fizycznie i posiada\u0107 niezb\u0119dne narz\u0119dzia zapewniaj\u0105ce mu bezpiecze\u0144stwo. Osoby osadzone w ramach resocjalizacji maj\u0105 mo\u017cliwo\u015b\u0107 realizacji swoich pasji i uzdolnie\u0144. Mogli\u015bmy podziwia\u0107 wykonane przez nich pi\u0119kne prace. Dowiedzieli\u015bmy si\u0119, jakie wymagania stawiane s\u0105 osobom ubiegaj\u0105cym si\u0119 o prac\u0119 w wi\u0119ziennictwie. Licznie zadawane pytania pozwoli\u0142y nam poszerzy\u0107 nasz\u0105 wiedz\u0119 na temat tego zawodu.<\/span><\/p>\n<p><span style=\"color: #000080;\">&nbsp;&nbsp;&nbsp;&nbsp;&nbsp;&nbsp;&nbsp;&nbsp;&nbsp;&nbsp;&nbsp; Serdecznie dzi\u0119kujemy za bardzo pouczaj\u0105ce spotkanie, wiedz\u0119 przekazan\u0105 w ciekawy i przyst\u0119pny spos\u00f3b.<\/span><\/p>\nngg_shortcode_0_placeholder\n<p>&nbsp;<\/p>\n<p>&nbsp;<\/p>\n","protected":false},"excerpt":{"rendered":"<p>&nbsp; &nbsp; &nbsp; &nbsp; &nbsp; &nbsp; &nbsp;8 grudnia 2021 r. mieli\u015bmy okazj\u0119 go\u015bci\u0107 w naszej szkole funkcjonariuszy s\u0142u\u017cby wi\u0119ziennej. W spotkaniu wzi\u0119li udzia\u0142 uczniowie klas \u00f3smych w ramach zaj\u0119\u0107 z doradztwa zawodowego. &nbsp;&nbsp;&nbsp;&nbsp;&nbsp;&nbsp;&nbsp;&nbsp;&nbsp;&nbsp;&nbsp; Na pocz\u0105tku spotkania poznali\u015bmy Nygusa &#8211; psa tropiciela i jego opiekuna, kt\u00f3ry zaprezentowa\u0142 nam prac\u0119 swojego podopiecznego. Poznali\u015bmy struktur\u0119 i zasady funkcjonowania [&hellip;]<\/p>\n","protected":false},"author":2,"featured_media":0,"parent":5983,"menu_order":0,"comment_status":"closed","ping_status":"closed","template":"","meta":{"ngg_post_thumbnail":0,"footnotes":""},"class_list":["post-13366","page","type-page","status-publish","hentry"],"_links":{"self":[{"href":"https:\/\/sp1hrubieszow.pl\/index.php\/wp-json\/wp\/v2\/pages\/13366","targetHints":{"allow":["GET"]}}],"collection":[{"href":"https:\/\/sp1hrubieszow.pl\/index.php\/wp-json\/wp\/v2\/pages"}],"about":[{"href":"https:\/\/sp1hrubieszow.pl\/index.php\/wp-json\/wp\/v2\/types\/page"}],"author":[{"embeddable":true,"href":"https:\/\/sp1hrubieszow.pl\/index.php\/wp-json\/wp\/v2\/users\/2"}],"replies":[{"embeddable":true,"href":"https:\/\/sp1hrubieszow.pl\/index.php\/wp-json\/wp\/v2\/comments?post=13366"}],"version-history":[{"count":1,"href":"https:\/\/sp1hrubieszow.pl\/index.php\/wp-json\/wp\/v2\/pages\/13366\/revisions"}],"predecessor-version":[{"id":13367,"href":"https:\/\/sp1hrubieszow.pl\/index.php\/wp-json\/wp\/v2\/pages\/13366\/revisions\/13367"}],"up":[{"embeddable":true,"href":"https:\/\/sp1hrubieszow.pl\/index.php\/wp-json\/wp\/v2\/pages\/5983"}],"wp:attachment":[{"href":"https:\/\/sp1hrubieszow.pl\/index.php\/wp-json\/wp\/v2\/media?parent=13366"}],"curies":[{"name":"wp","href":"https:\/\/api.w.org\/{rel}","templated":true}]}}