{"id":13354,"date":"2021-12-09T22:23:53","date_gmt":"2021-12-09T21:23:53","guid":{"rendered":"http:\/\/sp1.hrubieszow.info\/?page_id=13354"},"modified":"2021-12-09T22:24:29","modified_gmt":"2021-12-09T21:24:29","slug":"warsztaty-bezpieczenstwo-w-sieci","status":"publish","type":"page","link":"https:\/\/sp1hrubieszow.pl\/index.php\/kronika-2020-2021\/warsztaty-bezpieczenstwo-w-sieci\/","title":{"rendered":"Warsztaty &#8222;Bezpiecze\u0144stwo w sieci&#8221;"},"content":{"rendered":"\n<p><span style=\"color: #000080;\">W dniu 08.12.2021r. uczniowie klas: 5c, 6a, 7c, 8a, 8b oraz 8c wzi\u0119li udzia\u0142 w warsztatach pt. &#8222;Bezpiecze\u0144stwo w sieci&#8221;, kt\u00f3re przeprowadzi\u0142 pan Robert Turski, reprezentuj\u0105cy firm\u0119 Edukacja 3.0. Podczas zaj\u0119\u0107 uczniowie utrwalili sobie najwa\u017cniejsze informacje, dotycz\u0105ce zasad bezpiecze\u0144stwa podczas korzystania z intrernetu oraz dowiedzieli si\u0119 o nowych zagro\u017ceniach, na jakie mo\u017cna trafi\u0107 podczas serfowania w internecie. Uczestnicy zaj\u0119\u0107 u\u015bwiadomili sobie, jak du\u017ce znaczenie ma ochrona w\u0142asnego wizerunku w sieci, stosowanie odpowiednich zabezpiecze\u0144 sprz\u0119towych a tak\u017ce budowanie prawid\u0142owych nawyk\u00f3w, zwi\u0105zanych z u\u017cywaniem medi\u00f3w. Pan Robert Turski zainteresowa\u0142 uczni\u00f3w nowinkami technologicznymi i wirtualn\u0105 rzeczywisto\u015bci\u0105, jakie powoli wkraczaj\u0105 do szk\u00f3\u0142. Spotkania z panem Robertem Turskim, pasjonatem technologii informatycznej, przypad\u0142y do gustu uczniom oraz sta\u0142y si\u0119 dla nich inspiracj\u0105. W okresie pandemicznym i post-pandemicznym, w kt\u00f3rym dzieci i m\u0142odzie\u017c nadu\u017cywaj\u0105 oraz nieumiej\u0119tnie korzystaj\u0105 z internetu, zaj\u0119cia takie jak te, s\u0105 niezb\u0119dne i potrzebne. Niebawem z zaj\u0119\u0107 b\u0119d\u0105 mogli skorzysta\u0107 tak\u017ce uczniowie innych klas. Warsztaty &#8222;Bezpiecze\u0144stwo w sieci&#8221; zorganizowa\u0142y panie pedagog Marta Kuczy\u0144ska i Anna Karkuszewska we wsp\u00f3\u0142pracy z Gmin\u0105 Miejsk\u0105 Hrubiesz\u00f3w.<\/span><\/p>\nngg_shortcode_0_placeholder\n","protected":false},"excerpt":{"rendered":"<p>W dniu 08.12.2021r. uczniowie klas: 5c, 6a, 7c, 8a, 8b oraz 8c wzi\u0119li udzia\u0142 w warsztatach pt. &#8222;Bezpiecze\u0144stwo w sieci&#8221;, kt\u00f3re przeprowadzi\u0142 pan Robert Turski, reprezentuj\u0105cy firm\u0119 Edukacja 3.0. Podczas zaj\u0119\u0107 uczniowie utrwalili sobie najwa\u017cniejsze informacje, dotycz\u0105ce zasad bezpiecze\u0144stwa podczas korzystania z intrernetu oraz dowiedzieli si\u0119 o nowych zagro\u017ceniach, na jakie mo\u017cna trafi\u0107 podczas serfowania [&hellip;]<\/p>\n","protected":false},"author":2,"featured_media":0,"parent":5983,"menu_order":0,"comment_status":"closed","ping_status":"closed","template":"","meta":{"ngg_post_thumbnail":0,"footnotes":""},"class_list":["post-13354","page","type-page","status-publish","hentry"],"_links":{"self":[{"href":"https:\/\/sp1hrubieszow.pl\/index.php\/wp-json\/wp\/v2\/pages\/13354","targetHints":{"allow":["GET"]}}],"collection":[{"href":"https:\/\/sp1hrubieszow.pl\/index.php\/wp-json\/wp\/v2\/pages"}],"about":[{"href":"https:\/\/sp1hrubieszow.pl\/index.php\/wp-json\/wp\/v2\/types\/page"}],"author":[{"embeddable":true,"href":"https:\/\/sp1hrubieszow.pl\/index.php\/wp-json\/wp\/v2\/users\/2"}],"replies":[{"embeddable":true,"href":"https:\/\/sp1hrubieszow.pl\/index.php\/wp-json\/wp\/v2\/comments?post=13354"}],"version-history":[{"count":1,"href":"https:\/\/sp1hrubieszow.pl\/index.php\/wp-json\/wp\/v2\/pages\/13354\/revisions"}],"predecessor-version":[{"id":13355,"href":"https:\/\/sp1hrubieszow.pl\/index.php\/wp-json\/wp\/v2\/pages\/13354\/revisions\/13355"}],"up":[{"embeddable":true,"href":"https:\/\/sp1hrubieszow.pl\/index.php\/wp-json\/wp\/v2\/pages\/5983"}],"wp:attachment":[{"href":"https:\/\/sp1hrubieszow.pl\/index.php\/wp-json\/wp\/v2\/media?parent=13354"}],"curies":[{"name":"wp","href":"https:\/\/api.w.org\/{rel}","templated":true}]}}