{"id":13333,"date":"2021-12-08T19:14:15","date_gmt":"2021-12-08T18:14:15","guid":{"rendered":"http:\/\/sp1.hrubieszow.info\/?page_id=13333"},"modified":"2021-12-08T19:14:35","modified_gmt":"2021-12-08T18:14:35","slug":"klasowe-mikolajki","status":"publish","type":"page","link":"https:\/\/sp1hrubieszow.pl\/index.php\/kronika-2020-2021\/klasowe-mikolajki\/","title":{"rendered":"Klasowe Miko\u0142ajki"},"content":{"rendered":"\n<p><span style=\"color: #000080;\">W inny ni\u017c zwykle spos\u00f3b klasa 7a obchodzi\u0142a klasowe Miko\u0142ajki. Porzucili\u015bmy w tym roku tradycj\u0119 losowania i kupowania sobie prezent\u00f3w, a postawili\u015bmy na wsp\u00f3ln\u0105 zabaw\u0119. Ka\u017cdy w klasie na ten dzie\u0144 przygotowa\u0142 \u015bwi\u0105teczny ubi\u00f3r z miko\u0142ajkowym motywem, by wykona\u0107 kilka zabawnych fotografii. Pos\u0142u\u017cy\u0142y nam one do skomponowania kola\u017cu i wydrukowania go w formie klasowego zdj\u0119cia. Szybki wydruk w fotobudce i pami\u0105tka z zabawnego dnia okaza\u0142a si\u0119 ca\u0142kiem udana. Przyjemnie, zabawnie, ale najwa\u017cniejsze, \u017ce razem.<\/span><\/p>\nngg_shortcode_0_placeholder\n","protected":false},"excerpt":{"rendered":"<p>W inny ni\u017c zwykle spos\u00f3b klasa 7a obchodzi\u0142a klasowe Miko\u0142ajki. Porzucili\u015bmy w tym roku tradycj\u0119 losowania i kupowania sobie prezent\u00f3w, a postawili\u015bmy na wsp\u00f3ln\u0105 zabaw\u0119. Ka\u017cdy w klasie na ten dzie\u0144 przygotowa\u0142 \u015bwi\u0105teczny ubi\u00f3r z miko\u0142ajkowym motywem, by wykona\u0107 kilka zabawnych fotografii. Pos\u0142u\u017cy\u0142y nam one do skomponowania kola\u017cu i wydrukowania go w formie klasowego zdj\u0119cia. [&hellip;]<\/p>\n","protected":false},"author":2,"featured_media":0,"parent":5983,"menu_order":0,"comment_status":"closed","ping_status":"closed","template":"","meta":{"ngg_post_thumbnail":0,"footnotes":""},"class_list":["post-13333","page","type-page","status-publish","hentry"],"_links":{"self":[{"href":"https:\/\/sp1hrubieszow.pl\/index.php\/wp-json\/wp\/v2\/pages\/13333","targetHints":{"allow":["GET"]}}],"collection":[{"href":"https:\/\/sp1hrubieszow.pl\/index.php\/wp-json\/wp\/v2\/pages"}],"about":[{"href":"https:\/\/sp1hrubieszow.pl\/index.php\/wp-json\/wp\/v2\/types\/page"}],"author":[{"embeddable":true,"href":"https:\/\/sp1hrubieszow.pl\/index.php\/wp-json\/wp\/v2\/users\/2"}],"replies":[{"embeddable":true,"href":"https:\/\/sp1hrubieszow.pl\/index.php\/wp-json\/wp\/v2\/comments?post=13333"}],"version-history":[{"count":1,"href":"https:\/\/sp1hrubieszow.pl\/index.php\/wp-json\/wp\/v2\/pages\/13333\/revisions"}],"predecessor-version":[{"id":13334,"href":"https:\/\/sp1hrubieszow.pl\/index.php\/wp-json\/wp\/v2\/pages\/13333\/revisions\/13334"}],"up":[{"embeddable":true,"href":"https:\/\/sp1hrubieszow.pl\/index.php\/wp-json\/wp\/v2\/pages\/5983"}],"wp:attachment":[{"href":"https:\/\/sp1hrubieszow.pl\/index.php\/wp-json\/wp\/v2\/media?parent=13333"}],"curies":[{"name":"wp","href":"https:\/\/api.w.org\/{rel}","templated":true}]}}