{"id":13305,"date":"2021-12-08T18:57:25","date_gmt":"2021-12-08T17:57:25","guid":{"rendered":"http:\/\/sp1.hrubieszow.info\/?page_id=13305"},"modified":"2021-12-08T18:58:34","modified_gmt":"2021-12-08T17:58:34","slug":"mistrzostwa-polski-modeli-szybowcow-halowych-klasy-f1n","status":"publish","type":"page","link":"https:\/\/sp1hrubieszow.pl\/index.php\/kronika-2020-2021\/mistrzostwa-polski-modeli-szybowcow-halowych-klasy-f1n\/","title":{"rendered":"Mistrzostwa Polski Modeli Szybowc\u00f3w Halowych \u00a0klasy F1N"},"content":{"rendered":"\n<p><span style=\"color: #000080;\">Sekcja modelarstwa lotniczego UKS \u201eJedynka\u201d w&nbsp;Hrubieszowie potwierdzi\u0142a form\u0119 zdobywaj\u0105c 2 medale na Mistrzostwach Polski Modeli Szybowc\u00f3w Halowych &nbsp;klasy F1N, rozgrywanych w dniu 4 grudnia w Jedliczu k\/Krosna.<\/span><\/p>\n<p><span style=\"color: #000080;\">Ponad sze\u015b\u0107dziesi\u0119ciu modelarzy z czo\u0142owych klub\u00f3w z ca\u0142ego kraju, rywalizowa\u0142o w sali Gminnego O\u015brodka Sportu i Rekreacji w Jedliczu ko\u0142o Krosna, w&nbsp;czterech kategoriach wiekowych (m\u0142odzicy, juniorzy m\u0142odsi, juniorzy i seniorzy) o&nbsp;Mistrzostwo Polski Modeli Szybowc\u00f3w Halowych klasy F1N.<\/span><\/p>\n<p><span style=\"color: #000080;\">Suma lot\u00f3w najlepszych trzech zawodnik\u00f3w dru\u017cyny pozwoli\u0142a na zdobycie przez &nbsp;modelarzy UKS \u201eJedynka\u201d &nbsp;dw\u00f3ch medali w kategorii wiekowej junior m\u0142odszy medal srebrny oraz br\u0105zowy w kategorii wiekowej junior.<\/span><\/p>\n<p><span style=\"color: #000080;\"><strong><em><u>Medali\u015bci dru\u017cynowo:<\/u><\/em><\/strong><\/span><\/p>\n<p><span style=\"color: #000080;\"><strong>Juniorzy m\u0142odsi:<\/strong><\/span><\/p>\n<ol>\n<li><span style=\"color: #000080;\">Gliwickie Stowarzyszenie Modelarzy Lotniczych<\/span><\/li>\n<li><span style=\"color: #000080;\"><strong>UKS Jedynka Hrubiesz\u00f3w (Kacper Ho\u0142uj, Karol Kowalski, Kacper Maciejczyk)<\/strong><\/span><\/li>\n<li><span style=\"color: #000080;\">OSiR Suwa\u0142ki<\/span><\/li>\n<\/ol>\n<p><span style=\"color: #000080;\"><strong>Juniorzy:<\/strong><\/span><\/p>\n<ol>\n<li><span style=\"color: #000080;\">OSiR Suwa\u0142ki<\/span><\/li>\n<li><span style=\"color: #000080;\">Aeroklub Warszawski<\/span><\/li>\n<li><span style=\"color: #000080;\">3. <strong>UKS Jedynka Hrubiesz\u00f3w (Mateusz Mi\u0119czak, Karol Szumiata)<\/strong><\/span><\/li>\n<\/ol>\n<p><span style=\"color: #000080;\"><em>Odniesiony w Mistrzostwach Polski sukces&nbsp; by\u0142 niebywa\u0142y i nieoczekiwany, ale nasz start w&nbsp;Kro\u015bnie poprzedzony by\u0142 solidnym przygotowaniem. Przed wyjazdem&nbsp; przeprowadzili\u015bmy&nbsp; treningi w&nbsp;zawsze go\u015bcinnej hali sportowej O\u015brodka Sportu i Rekreacji w&nbsp;Hrubieszowie. <\/em><\/span><\/p>\n<p><span style=\"color: #000080;\">Poziom zawod\u00f3w by\u0142 bardzo wysoki, gdzie zawodnik z Gliwic ustanowi\u0142 nieoficjalny rekord \u015awiata.<\/span><\/p>\n<p><span style=\"color: #000080;\"><strong>Dzi\u0119kujemy Pani Marcie Majewskiej, Burmistrzowi Miasta Hrubieszowa za pomoc w&nbsp;organizacji wyjazdu m\u0142odych modelarzy na Mistrzostwa Polski oraz wszystkim rodzicom i&nbsp;osobom, kt\u00f3re przyczyni\u0142y si\u0119 do osi\u0105gni\u0119tego sukcesu przez uczni\u00f3w naszej szko\u0142y. <\/strong><\/span><\/p>\nngg_shortcode_0_placeholder\n","protected":false},"excerpt":{"rendered":"<p>Sekcja modelarstwa lotniczego UKS \u201eJedynka\u201d w&nbsp;Hrubieszowie potwierdzi\u0142a form\u0119 zdobywaj\u0105c 2 medale na Mistrzostwach Polski Modeli Szybowc\u00f3w Halowych &nbsp;klasy F1N, rozgrywanych w dniu 4 grudnia w Jedliczu k\/Krosna. Ponad sze\u015b\u0107dziesi\u0119ciu modelarzy z czo\u0142owych klub\u00f3w z ca\u0142ego kraju, rywalizowa\u0142o w sali Gminnego O\u015brodka Sportu i Rekreacji w Jedliczu ko\u0142o Krosna, w&nbsp;czterech kategoriach wiekowych (m\u0142odzicy, juniorzy m\u0142odsi, juniorzy [&hellip;]<\/p>\n","protected":false},"author":2,"featured_media":0,"parent":5983,"menu_order":0,"comment_status":"closed","ping_status":"closed","template":"","meta":{"ngg_post_thumbnail":0,"footnotes":""},"class_list":["post-13305","page","type-page","status-publish","hentry"],"_links":{"self":[{"href":"https:\/\/sp1hrubieszow.pl\/index.php\/wp-json\/wp\/v2\/pages\/13305","targetHints":{"allow":["GET"]}}],"collection":[{"href":"https:\/\/sp1hrubieszow.pl\/index.php\/wp-json\/wp\/v2\/pages"}],"about":[{"href":"https:\/\/sp1hrubieszow.pl\/index.php\/wp-json\/wp\/v2\/types\/page"}],"author":[{"embeddable":true,"href":"https:\/\/sp1hrubieszow.pl\/index.php\/wp-json\/wp\/v2\/users\/2"}],"replies":[{"embeddable":true,"href":"https:\/\/sp1hrubieszow.pl\/index.php\/wp-json\/wp\/v2\/comments?post=13305"}],"version-history":[{"count":1,"href":"https:\/\/sp1hrubieszow.pl\/index.php\/wp-json\/wp\/v2\/pages\/13305\/revisions"}],"predecessor-version":[{"id":13306,"href":"https:\/\/sp1hrubieszow.pl\/index.php\/wp-json\/wp\/v2\/pages\/13305\/revisions\/13306"}],"up":[{"embeddable":true,"href":"https:\/\/sp1hrubieszow.pl\/index.php\/wp-json\/wp\/v2\/pages\/5983"}],"wp:attachment":[{"href":"https:\/\/sp1hrubieszow.pl\/index.php\/wp-json\/wp\/v2\/media?parent=13305"}],"curies":[{"name":"wp","href":"https:\/\/api.w.org\/{rel}","templated":true}]}}