{"id":133,"date":"2019-03-14T23:11:31","date_gmt":"2019-03-14T22:11:31","guid":{"rendered":"http:\/\/sp1.hrubieszow.info\/?page_id=133"},"modified":"2025-09-23T20:43:00","modified_gmt":"2025-09-23T18:43:00","slug":"rodzice","status":"publish","type":"page","link":"https:\/\/sp1hrubieszow.pl\/index.php\/rodzice\/","title":{"rendered":"Rodzice"},"content":{"rendered":"\n<p style=\"text-align: center;\"><span style=\"color: #000080;\"><strong>Prezydium Rady Rodzic\u00f3w<\/strong><\/span><\/p>\n<p style=\"text-align: center;\"><span style=\"color: #000080;\"><strong>w roku szkolnym 2024\/2025<\/strong><\/span><\/p>\n<p style=\"text-align: center;\"><span style=\"color: #000080;\"><strong>Przewodnicz\u0105cy: Beata Litwi\u0144czuk<\/strong><\/span><\/p>\n<p style=\"text-align: center;\"><span style=\"background-color: #ffffff; color: #000080;\"><strong>Wiceprzewodnicz\u0105cy \u2013Pawe\u0142 Szymczuk<\/strong><\/span><\/p>\n<p style=\"text-align: center;\"><span style=\"color: #000080;\"><strong>Sekretarz: Ewa Belina Wawryk<\/strong><\/span><\/p>\n<p style=\"text-align: center;\"><span style=\"color: #000080;\"><strong>Skarbnik: Aleksandra Kula<\/strong><\/span><\/p>\n<h1><span style=\"background-color: #ffffff; color: #000080;\"><strong><a style=\"background-color: #ffffff; color: #000080;\" href=\"https:\/\/sp1hrubieszow.pl\/wp-content\/uploads\/2025\/09\/rada-rodzicow.docx\">Rada Rodzic\u00f3w &#8211; przedstawiciele klas <\/a><\/strong><\/span><\/h1>\n<p><strong><span style=\"color: #000080;\">Komisja rewizyjna:<\/span><\/strong><\/p>\n<p><strong><span style=\"color: #000080;\">1.Magdalena Burda<\/span><\/strong><\/p>\n<p><strong><span style=\"color: #000080;\">2. Wojciech R\u00f3\u017ca\u0144ski<\/span><\/strong><\/p>\n<p><strong><span style=\"color: #000080;\">3. Magdalena Czupry\u0144ska<\/span><\/strong><\/p>\n<p><strong><span style=\"color: #000080;\">1. Przedstawiciel ka\u017cdej klasy wybrany do Rady Rodzic\u00f3w<\/span><\/strong><\/p>\n<p><span style=\"color: #000080;\"><strong><a style=\"color: #000080;\" href=\"http:\/\/sp1hrubieszow.pl\/wp-content\/uploads\/2024\/09\/REGULAMIN-RADY-RODZICOW.docx\">REGULAMIN RADY RODZIC\u00d3W<\/a><\/strong><\/span><\/p>\n<h1><span style=\"color: #ff0000;\"><strong>Wp\u0142aty na ubezpieczenie 68 z\u0142 na pierwsze dziecko,<\/strong><\/span><\/h1>\n<h1><span style=\"color: #ff0000;\"><strong> 2 i 3 dziecko po\u0142owa 34 z\u0142<\/strong><\/span><\/h1>\nngg_shortcode_0_placeholder\n<h2><span style=\"color: #000080;\"><strong><a style=\"color: #000080;\" href=\"https:\/\/sp1hrubieszow.pl\/wp-content\/uploads\/2025\/02\/20250207080858997.pdf\">POLISA<\/a><\/strong><\/span><\/h2>\n<p><span style=\"color: #000080;\">Przypominamy o mo\u017cliwo\u015bci przekazania <strong>1,5 % podatku dochodowego<\/strong> na rzecz naszej szko\u0142y. Aby to uczyni\u0107, nale\u017cy w zeznaniu podatkowym wpisa\u0107 <strong>numer KRS 0000197582 <b style=\"color: #000080;\">oraz jako cel szczeg\u00f3\u0142owy wpisa\u0107 <\/b><b>nazw\u0119 <\/b><b style=\"color: #000080;\">&nbsp;naszej szko\u0142y.&nbsp;<\/b>.<\/strong><\/span><\/p>\n<p><span style=\"color: #000080;\">Serdecznie dzi\u0119kujemy za wszelkie wp\u0142aty!<\/span><\/p>\n<p style=\"text-align: center;\"><strong><span style=\"background-color: #ffffff; color: #000080;\">RADA&nbsp; RODZIC\u00d3W przy SZKOLE PODSTAWOWEJ NR 1<\/span><\/strong><\/p>\n<p style=\"text-align: center;\"><span style=\"background-color: #ffffff; color: #000080;\">Listopadowa 12<\/span><\/p>\n<p style=\"text-align: center;\"><span style=\"background-color: #ffffff; color: #000080;\">22-500 Hrubiesz\u00f3w<\/span><\/p>\n<p style=\"text-align: center;\"><strong><span style=\"background-color: #ffffff; color: #000080;\">Konto do wp\u0142at : 26 1090 2590 0000 0001 3079 1419<\/span><\/strong><\/p>\n<p style=\"text-align: center;\"><span style=\"background-color: #ffffff; color: #000080;\">Wp\u0142ata:<\/span><\/p>\n<p style=\"text-align: center;\"><span style=\"background-color: #ffffff; color: #000080;\">&nbsp;<em>1 dziecko&nbsp; z\u0142 ca\u0142y rok lub&nbsp; 2x z\u0142<\/em><\/span><\/p>\n<p style=\"text-align: center;\"><span style=\"background-color: #ffffff; color: #000080;\"><em>2 dziecko&nbsp; z kolei p\u0142aci&nbsp;<\/em><\/span><\/p>\n<p style=\"text-align: center;\"><span style=\"background-color: #ffffff; color: #000080;\"><em>kolejne dziecko z kolei&nbsp; (ucze\u0144 szko\u0142y) 0,00 <\/em><\/span><\/p>\n<p><span style=\"color: #ff0000;\">Dzia\u0142ania w zakresie bezpiecze\u0144stwa<\/span><\/p>\n<p><span style=\"color: #000080;\">Zagro\u017cenia i zalecane dzia\u0142ania profilaktyczne w zakresie bezpiecze\u0144stwa fizycznego i cyfrowego uczni\u00f3w, kt\u00f3ry znajduje si\u0119 na stronie internetowej<\/span><\/p>\n<p><span style=\"color: #ff9900;\"><a style=\"color: #ff9900;\" href=\"https:\/\/bezpiecznaszkola.men.gov.pl\/\" target=\"_blank\" rel=\"noopener noreferrer\">https:\/\/bezpiecznaszkola.men.gov.pl\/<\/a><\/span><\/p>\n<p><span style=\"color: #000080;\">stanowi on kompendium wiedzy oraz zbi\u00f3r rekomendacji dotycz\u0105cych dzia\u0142a\u0144 profilaktycznych z wi\u0105zanych z ryzykiem wyst\u0105pienia zagro\u017ce\u0144 bezpiecze\u0144stwa w szkole lub plac\u00f3wce.<\/span><\/p>\n<hr>\n<p><span style=\"color: #000080;\"><strong><a style=\"color: #000080;\" href=\"http:\/\/sp1.hrubieszow.info\/wp-content\/uploads\/2019\/03\/ZGODA-NA-PRZETWARZANIE-DANYCH-OSOBOWYCH.docx\">ZGODA NA PRZETWARZANIE DANYCH OSOBOWYCH<\/a><\/strong><\/span><\/p>\n<p>&nbsp;<\/p>\n","protected":false},"excerpt":{"rendered":"<p>Prezydium Rady Rodzic\u00f3w w roku szkolnym 2024\/2025 Przewodnicz\u0105cy: Beata Litwi\u0144czuk Wiceprzewodnicz\u0105cy \u2013Pawe\u0142 Szymczuk Sekretarz: Ewa Belina Wawryk Skarbnik: Aleksandra Kula Rada Rodzic\u00f3w &#8211; przedstawiciele klas Komisja rewizyjna: 1.Magdalena Burda 2. Wojciech R\u00f3\u017ca\u0144ski 3. Magdalena Czupry\u0144ska 1. Przedstawiciel ka\u017cdej klasy wybrany do Rady Rodzic\u00f3w REGULAMIN RADY RODZIC\u00d3W Wp\u0142aty na ubezpieczenie 68 z\u0142 na pierwsze dziecko, 2 [&hellip;]<\/p>\n","protected":false},"author":1,"featured_media":0,"parent":0,"menu_order":7,"comment_status":"closed","ping_status":"closed","template":"","meta":{"ngg_post_thumbnail":0,"footnotes":""},"class_list":["post-133","page","type-page","status-publish","hentry"],"_links":{"self":[{"href":"https:\/\/sp1hrubieszow.pl\/index.php\/wp-json\/wp\/v2\/pages\/133","targetHints":{"allow":["GET"]}}],"collection":[{"href":"https:\/\/sp1hrubieszow.pl\/index.php\/wp-json\/wp\/v2\/pages"}],"about":[{"href":"https:\/\/sp1hrubieszow.pl\/index.php\/wp-json\/wp\/v2\/types\/page"}],"author":[{"embeddable":true,"href":"https:\/\/sp1hrubieszow.pl\/index.php\/wp-json\/wp\/v2\/users\/1"}],"replies":[{"embeddable":true,"href":"https:\/\/sp1hrubieszow.pl\/index.php\/wp-json\/wp\/v2\/comments?post=133"}],"version-history":[{"count":27,"href":"https:\/\/sp1hrubieszow.pl\/index.php\/wp-json\/wp\/v2\/pages\/133\/revisions"}],"predecessor-version":[{"id":29131,"href":"https:\/\/sp1hrubieszow.pl\/index.php\/wp-json\/wp\/v2\/pages\/133\/revisions\/29131"}],"wp:attachment":[{"href":"https:\/\/sp1hrubieszow.pl\/index.php\/wp-json\/wp\/v2\/media?parent=133"}],"curies":[{"name":"wp","href":"https:\/\/api.w.org\/{rel}","templated":true}]}}