{"id":13283,"date":"2021-12-07T17:51:48","date_gmt":"2021-12-07T16:51:48","guid":{"rendered":"http:\/\/sp1.hrubieszow.info\/?page_id=13283"},"modified":"2021-12-07T17:53:49","modified_gmt":"2021-12-07T16:53:49","slug":"mikolajki-w-naszej-szkole","status":"publish","type":"page","link":"https:\/\/sp1hrubieszow.pl\/index.php\/kronika-2020-2021\/mikolajki-w-naszej-szkole\/","title":{"rendered":"Miko\u0142ajki w naszej szkole"},"content":{"rendered":"\n<p><span style=\"color: #000080;\">6 grudnia, jak ka\u017cdego roku, odwiedza nas Miko\u0142aj. To wspania\u0142y dzie\u0144 wsp\u00f3lnego obdarowywania si\u0119 i rado\u015bci.&nbsp;<\/span><\/p>\n<p><span style=\"color: #000080;\">W klasie 1 a poza tradycyjnymi miko\u0142ajkami, uczniowie kodowali tras\u0119 Miko\u0142aja. Bawili si\u0119 przy tym wspaniale. Uczniowie serdeczne podzi\u0119kowania sk\u0142adaj\u0105 pani Oli Kopczy\u0144skiej, kt\u00f3ra przeprowadzi\u0142a te zaj\u0119cia .&nbsp;&nbsp;<\/span><\/p>\n<p><span style=\"color: #000080;\">Tak\u017ce klasy 1 b, 1 c oraz 2a sp\u0119dzi\u0142y mi\u0142o czas obdarzaj\u0105c si\u0119 u\u015bmiechem i \u017cyczliwo\u015bci\u0105.&nbsp;<\/span><\/p>\n<p><span style=\"color: #000080;\">Miko\u0142ajkowe prezenty otrzymali r\u00f3wnie\u017c uczniowie klasy 4b.&nbsp;<\/span><\/p>\n<p><span style=\"color: #000080;\">W pozosta\u0142ych klasach tak\u017ce panowa\u0142a miko\u0142ajkowa atmosfera. To by\u0142 niezapomniany dzie\u0144. A\u017c szkoda, \u017ce jest on tylko raz w roku.&nbsp;<\/span><\/p>\nngg_shortcode_0_placeholder\n<p>&nbsp;<span style=\"color: #000080;\">Miko\u0142ajkowy taniec w wykonaniu dziewczynek z klasy 2a, przygotowany pod kierunkiem pani Joanny Sawickiej.<\/span><\/p>\n<p><span style=\"color: #000080;\"><strong><a style=\"color: #000080;\" href=\"https:\/\/drive.google.com\/file\/d\/1iIranvX1xaN0x1WkLlKSN7SP3yf3kOtl\/view\">VID20211206123429.mp4 &#8211; Dysk Google<\/a><\/strong><\/span><\/p>\n","protected":false},"excerpt":{"rendered":"<p>6 grudnia, jak ka\u017cdego roku, odwiedza nas Miko\u0142aj. To wspania\u0142y dzie\u0144 wsp\u00f3lnego obdarowywania si\u0119 i rado\u015bci.&nbsp; W klasie 1 a poza tradycyjnymi miko\u0142ajkami, uczniowie kodowali tras\u0119 Miko\u0142aja. Bawili si\u0119 przy tym wspaniale. Uczniowie serdeczne podzi\u0119kowania sk\u0142adaj\u0105 pani Oli Kopczy\u0144skiej, kt\u00f3ra przeprowadzi\u0142a te zaj\u0119cia .&nbsp;&nbsp; Tak\u017ce klasy 1 b, 1 c oraz 2a sp\u0119dzi\u0142y mi\u0142o czas [&hellip;]<\/p>\n","protected":false},"author":2,"featured_media":0,"parent":5983,"menu_order":0,"comment_status":"closed","ping_status":"closed","template":"","meta":{"ngg_post_thumbnail":0,"footnotes":""},"class_list":["post-13283","page","type-page","status-publish","hentry"],"_links":{"self":[{"href":"https:\/\/sp1hrubieszow.pl\/index.php\/wp-json\/wp\/v2\/pages\/13283","targetHints":{"allow":["GET"]}}],"collection":[{"href":"https:\/\/sp1hrubieszow.pl\/index.php\/wp-json\/wp\/v2\/pages"}],"about":[{"href":"https:\/\/sp1hrubieszow.pl\/index.php\/wp-json\/wp\/v2\/types\/page"}],"author":[{"embeddable":true,"href":"https:\/\/sp1hrubieszow.pl\/index.php\/wp-json\/wp\/v2\/users\/2"}],"replies":[{"embeddable":true,"href":"https:\/\/sp1hrubieszow.pl\/index.php\/wp-json\/wp\/v2\/comments?post=13283"}],"version-history":[{"count":1,"href":"https:\/\/sp1hrubieszow.pl\/index.php\/wp-json\/wp\/v2\/pages\/13283\/revisions"}],"predecessor-version":[{"id":13284,"href":"https:\/\/sp1hrubieszow.pl\/index.php\/wp-json\/wp\/v2\/pages\/13283\/revisions\/13284"}],"up":[{"embeddable":true,"href":"https:\/\/sp1hrubieszow.pl\/index.php\/wp-json\/wp\/v2\/pages\/5983"}],"wp:attachment":[{"href":"https:\/\/sp1hrubieszow.pl\/index.php\/wp-json\/wp\/v2\/media?parent=13283"}],"curies":[{"name":"wp","href":"https:\/\/api.w.org\/{rel}","templated":true}]}}